{"id":21761,"date":"2024-11-18T16:24:59","date_gmt":"2024-11-18T14:32:06","guid":{"rendered":"https:\/\/toolhouse.fi\/?post_type=product&#038;p=21761"},"modified":"2025-11-04T15:50:28","modified_gmt":"2025-11-04T13:50:28","slug":"mekaanikon-stetoskooppi","status":"publish","type":"product","link":"https:\/\/toolhouse.fi\/fi\/tuote\/mekaanikon-stetoskooppi\/","title":{"rendered":"Mekaanikon stetoskooppi"},"content":{"rendered":"","protected":false},"excerpt":{"rendered":"<p>Stetoskooppi vikojen paikallistamiseen. K\u00e4ytet\u00e4\u00e4n moottorin, laakereiden ym. vikojen paikallistamiseen.<\/p>\n<p>Kumiset kuulokkeet ja metallinen anturi.<\/p>\n<p>&nbsp;<\/p>\n<p>&nbsp;<\/p>\n","protected":false},"featured_media":21757,"template":"","meta":{"_acf_changed":false,"_seopress_robots_primary_cat":"none","_seopress_titles_title":"","_seopress_titles_desc":"","_seopress_robots_index":""},"product_cat":[339,350],"product_tag":[],"class_list":{"0":"post-21761","1":"product","2":"type-product","3":"status-publish","4":"has-post-thumbnail","6":"product_cat-autotyokalut","7":"product_cat-muut","9":"first","10":"instock","11":"taxable","12":"shipping-taxable","13":"purchasable","14":"product-type-simple","swatches":"rey-swatches","show_selected":""},"acf":[],"_links":{"self":[{"href":"https:\/\/toolhouse.fi\/fi\/wp-json\/wp\/v2\/product\/21761","targetHints":{"allow":["GET"]}}],"collection":[{"href":"https:\/\/toolhouse.fi\/fi\/wp-json\/wp\/v2\/product"}],"about":[{"href":"https:\/\/toolhouse.fi\/fi\/wp-json\/wp\/v2\/types\/product"}],"version-history":[{"count":2,"href":"https:\/\/toolhouse.fi\/fi\/wp-json\/wp\/v2\/product\/21761\/revisions"}],"predecessor-version":[{"id":21765,"href":"https:\/\/toolhouse.fi\/fi\/wp-json\/wp\/v2\/product\/21761\/revisions\/21765"}],"wp:featuredmedia":[{"embeddable":true,"href":"https:\/\/toolhouse.fi\/fi\/wp-json\/wp\/v2\/media\/21757"}],"wp:attachment":[{"href":"https:\/\/toolhouse.fi\/fi\/wp-json\/wp\/v2\/media?parent=21761"}],"wp:term":[{"taxonomy":"product_cat","embeddable":true,"href":"https:\/\/toolhouse.fi\/fi\/wp-json\/wp\/v2\/product_cat?post=21761"},{"taxonomy":"product_tag","embeddable":true,"href":"https:\/\/toolhouse.fi\/fi\/wp-json\/wp\/v2\/product_tag?post=21761"}],"curies":[{"name":"wp","href":"https:\/\/api.w.org\/{rel}","templated":true}]}}