{"id":21771,"date":"2024-11-18T18:06:57","date_gmt":"2024-11-18T16:06:57","guid":{"rendered":"https:\/\/toolhouse.fi\/?post_type=product&#038;p=21771"},"modified":"2025-11-03T22:03:28","modified_gmt":"2025-11-03T20:03:28","slug":"paineilmatoiminen-suuttimen-ulosvedin","status":"publish","type":"product","link":"https:\/\/toolhouse.fi\/fi\/tuote\/paineilmatoiminen-suuttimen-ulosvedin\/","title":{"rendered":"Paineilmatoiminen suuttimen ulosvedin"},"content":{"rendered":"","protected":false},"excerpt":{"rendered":"<p>Pneumaattinen Diesel-suuttimen ulosvedin on suunniteltu polttoainesuutinten nopeaan ja tehokkaaseen irrotukseen.<\/p>\n<p>&nbsp;<\/p>\n<ul>\n<li>Irrottaa helposti my\u00f6s moottoreihin juuttuneet suuttimet<\/li>\n<li>Irrottaa suuttimet vaurioittamatta sylinterikantta tai suuttimia<\/li>\n<li>Sis\u00e4lt\u00e4\u00e4 19 sovitinta l\u00e4hes kaikille ruiskutussuuttimille<\/li>\n<li>Eritt\u00e4in suuri iskuvaikutus<\/li>\n<li>Ulosvetimen vetokierre M14x1.5<\/li>\n<li>Sopii Bosch-, Delphi-, Denso- ja Siemens-suuttimille.<\/li>\n<li>Valmistaja: Geko<\/li>\n<\/ul>\n<p>&nbsp;<\/p>\n<p>Sovitimet\u00a0ruiskutussuuttimille :<\/p>\n<ul>\n<li>M12 x 1,5<\/li>\n<li>M14 x 1,5<\/li>\n<li>M16 x 1,5<\/li>\n<li>M17 x 1,0<\/li>\n<li>M18 x 0,75<\/li>\n<li>M18 x 1,5<\/li>\n<li>M20 x 1,0<\/li>\n<li>M20 x 1,5<\/li>\n<li>M22 x 1,5<\/li>\n<li>M25 x 0,5<\/li>\n<li>M25 x 1,0<\/li>\n<li>M25 x 1,0<\/li>\n<li>M26 x 0,75<\/li>\n<li>M27 x 0,75<\/li>\n<li>M27 x 1,0<\/li>\n<li>M27 x 1,0<\/li>\n<li>M29 x 1,0<\/li>\n<li>M31 x 0,75<\/li>\n<\/ul>\n<p>Sovitin hehkutulpille<\/p>\n<ul>\n<li>M8 x 1,0<\/li>\n<li>M8 x 1,25<\/li>\n<li>M10 x 1,5<\/li>\n<\/ul>\n","protected":false},"featured_media":21788,"template":"","meta":{"_acf_changed":false,"_seopress_robots_primary_cat":"none","_seopress_titles_title":"","_seopress_titles_desc":"","_seopress_robots_index":""},"product_cat":[339,480,40],"product_tag":[],"class_list":{"0":"post-21771","1":"product","2":"type-product","3":"status-publish","4":"has-post-thumbnail","6":"product_cat-autotyokalut","7":"product_cat-moottorityokalut","8":"product_cat-korjaamolaitteet","10":"first","11":"instock","12":"taxable","13":"shipping-taxable","14":"purchasable","15":"product-type-simple","swatches":"rey-swatches","show_selected":""},"acf":[],"_links":{"self":[{"href":"https:\/\/toolhouse.fi\/fi\/wp-json\/wp\/v2\/product\/21771","targetHints":{"allow":["GET"]}}],"collection":[{"href":"https:\/\/toolhouse.fi\/fi\/wp-json\/wp\/v2\/product"}],"about":[{"href":"https:\/\/toolhouse.fi\/fi\/wp-json\/wp\/v2\/types\/product"}],"version-history":[{"count":4,"href":"https:\/\/toolhouse.fi\/fi\/wp-json\/wp\/v2\/product\/21771\/revisions"}],"predecessor-version":[{"id":21783,"href":"https:\/\/toolhouse.fi\/fi\/wp-json\/wp\/v2\/product\/21771\/revisions\/21783"}],"wp:featuredmedia":[{"embeddable":true,"href":"https:\/\/toolhouse.fi\/fi\/wp-json\/wp\/v2\/media\/21788"}],"wp:attachment":[{"href":"https:\/\/toolhouse.fi\/fi\/wp-json\/wp\/v2\/media?parent=21771"}],"wp:term":[{"taxonomy":"product_cat","embeddable":true,"href":"https:\/\/toolhouse.fi\/fi\/wp-json\/wp\/v2\/product_cat?post=21771"},{"taxonomy":"product_tag","embeddable":true,"href":"https:\/\/toolhouse.fi\/fi\/wp-json\/wp\/v2\/product_tag?post=21771"}],"curies":[{"name":"wp","href":"https:\/\/api.w.org\/{rel}","templated":true}]}}