{"id":21804,"date":"2024-11-19T19:34:46","date_gmt":"2024-11-19T17:34:46","guid":{"rendered":"https:\/\/toolhouse.fi\/?post_type=product&#038;p=21804"},"modified":"2026-03-17T14:02:38","modified_gmt":"2026-03-17T12:02:38","slug":"dieselsuuttimen-kalvainsarja","status":"publish","type":"product","link":"https:\/\/toolhouse.fi\/fi\/tuote\/dieselsuuttimen-kalvainsarja\/","title":{"rendered":"Dieselsuuttimen kalvainsarja"},"content":{"rendered":"","protected":false},"excerpt":{"rendered":"<p>Ammattimainen ty\u00f6kalusarja suuttimen pesien jyrsint\u00e4\u00e4n ja puhdistamiseen karstasta. T\u00e4ydellinen apuv\u00e4line suuttimien vaihtoon. Yhteensopiva useimpien modernien dieselmoottoreiden kanssa.<\/p>\n<p><strong>Sis\u00e4lt\u00f6:<\/strong><\/p>\n<ul>\n<li>Keskityskahva<\/li>\n<li>15&#215;19 mm kalvain tasaisella leikkuupinnalla (universal)<\/li>\n<li>17&#215;17 mm kalvain tasaisella leikkuupinnalla Delphi\/Bosch-suuttimia varten (BMW\/PSA\/Renault\/Ford)<\/li>\n<li>17&#215;19 mm kalvain tasaisella leikkuupinnalla Bosch-suuttimia varten (Mercedes CRD)<\/li>\n<li>17&#215;21 mm kalvain vinolla leikkuupinnalla Fiat\/Iveco<\/li>\n<\/ul>\n<p>Valmistaja: Geko<\/p>\n<p>&nbsp;<\/p>\n","protected":false},"featured_media":21810,"template":"","meta":{"_acf_changed":false,"_seopress_robots_primary_cat":"","_seopress_titles_title":"","_seopress_titles_desc":"","_seopress_robots_index":""},"product_cat":[339,480,40],"product_tag":[],"class_list":{"0":"post-21804","1":"product","2":"type-product","3":"status-publish","4":"has-post-thumbnail","6":"product_cat-autotyokalut","7":"product_cat-moottorityokalut","8":"product_cat-korjaamolaitteet","10":"first","11":"instock","12":"taxable","13":"shipping-taxable","14":"purchasable","15":"product-type-simple","swatches":"rey-swatches","show_selected":""},"acf":[],"_links":{"self":[{"href":"https:\/\/toolhouse.fi\/fi\/wp-json\/wp\/v2\/product\/21804","targetHints":{"allow":["GET"]}}],"collection":[{"href":"https:\/\/toolhouse.fi\/fi\/wp-json\/wp\/v2\/product"}],"about":[{"href":"https:\/\/toolhouse.fi\/fi\/wp-json\/wp\/v2\/types\/product"}],"version-history":[{"count":1,"href":"https:\/\/toolhouse.fi\/fi\/wp-json\/wp\/v2\/product\/21804\/revisions"}],"predecessor-version":[{"id":21807,"href":"https:\/\/toolhouse.fi\/fi\/wp-json\/wp\/v2\/product\/21804\/revisions\/21807"}],"wp:featuredmedia":[{"embeddable":true,"href":"https:\/\/toolhouse.fi\/fi\/wp-json\/wp\/v2\/media\/21810"}],"wp:attachment":[{"href":"https:\/\/toolhouse.fi\/fi\/wp-json\/wp\/v2\/media?parent=21804"}],"wp:term":[{"taxonomy":"product_cat","embeddable":true,"href":"https:\/\/toolhouse.fi\/fi\/wp-json\/wp\/v2\/product_cat?post=21804"},{"taxonomy":"product_tag","embeddable":true,"href":"https:\/\/toolhouse.fi\/fi\/wp-json\/wp\/v2\/product_tag?post=21804"}],"curies":[{"name":"wp","href":"https:\/\/api.w.org\/{rel}","templated":true}]}}