{"id":21877,"date":"2024-11-20T19:09:03","date_gmt":"2024-11-20T17:09:03","guid":{"rendered":"https:\/\/toolhouse.fi\/?post_type=product&#038;p=21877"},"modified":"2026-04-27T17:08:09","modified_gmt":"2026-04-27T14:08:09","slug":"hihnapyoran-pitotyokalu","status":"publish","type":"product","link":"https:\/\/toolhouse.fi\/fi\/tuote\/hihnapyoran-pitotyokalu\/","title":{"rendered":"Hihnapy\u00f6r\u00e4n pitoty\u00f6kalu"},"content":{"rendered":"","protected":false},"excerpt":{"rendered":"<p>Lukitusty\u00f6kalu on t\u00e4ydellinen jakohihnan vaihtoon, nokka-akselin hihnapy\u00f6rien irrotukseen ja asennukseen sek\u00e4 moniin muihin teht\u00e4viin. Se soveltuu my\u00f6s eritt\u00e4in hyvin esimerkiksi diesel- ja vesipumppujen hihnapy\u00f6rien irrotukseen.<\/p>\n<p>Ty\u00f6kalu on s\u00e4\u00e4dett\u00e4v\u00e4 ja sopii useimmille hihnapy\u00f6rille. Sarja sis\u00e4lt\u00e4\u00e4 nelj\u00e4 paria karkaistuja tappeja eri kokoisina.<\/p>\n<p>Pitk\u00e4n ja vankan rakenteensa ansiosta lukitusty\u00f6kalu pit\u00e4\u00e4 hihnapy\u00f6r\u00e4t tukevasti paikallaan ja est\u00e4\u00e4 niiden py\u00f6rimisen kiristett\u00e4ess\u00e4 tai l\u00f6ys\u00e4tt\u00e4ess\u00e4 kiinnityspultteja.<\/p>\n<ul>\n<li>Pituus: 525 mm<\/li>\n<li>S\u00e4\u00e4t\u00f6vara tappien v\u00e4lill\u00e4: 28\u2013245 mm<\/li>\n<\/ul>\n<p>&nbsp;<\/p>\n<p>Tappien halkaisijat:<\/p>\n<ul>\n<li>6\u201310 mm<\/li>\n<li>8\u201310 mm<\/li>\n<li>10\u20138 mm<\/li>\n<li>16\u201311 mm<\/li>\n<\/ul>\n<p>Valmistaja: Geko<\/p>\n","protected":false},"featured_media":21871,"template":"","meta":{"_acf_changed":false,"_seopress_robots_primary_cat":"none","_seopress_titles_title":"","_seopress_titles_desc":"","_seopress_robots_index":"","_seopress_analysis_target_kw":""},"product_cat":[339,480,40],"product_tag":[],"class_list":{"0":"post-21877","1":"product","2":"type-product","3":"status-publish","4":"has-post-thumbnail","6":"product_cat-autotyokalut","7":"product_cat-moottorityokalut","8":"product_cat-korjaamolaitteet","10":"first","11":"instock","12":"taxable","13":"shipping-taxable","14":"purchasable","15":"product-type-simple","swatches":"rey-swatches","show_selected":""},"acf":[],"_links":{"self":[{"href":"https:\/\/toolhouse.fi\/fi\/wp-json\/wp\/v2\/product\/21877","targetHints":{"allow":["GET"]}}],"collection":[{"href":"https:\/\/toolhouse.fi\/fi\/wp-json\/wp\/v2\/product"}],"about":[{"href":"https:\/\/toolhouse.fi\/fi\/wp-json\/wp\/v2\/types\/product"}],"version-history":[{"count":0,"href":"https:\/\/toolhouse.fi\/fi\/wp-json\/wp\/v2\/product\/21877\/revisions"}],"wp:featuredmedia":[{"embeddable":true,"href":"https:\/\/toolhouse.fi\/fi\/wp-json\/wp\/v2\/media\/21871"}],"wp:attachment":[{"href":"https:\/\/toolhouse.fi\/fi\/wp-json\/wp\/v2\/media?parent=21877"}],"wp:term":[{"taxonomy":"product_cat","embeddable":true,"href":"https:\/\/toolhouse.fi\/fi\/wp-json\/wp\/v2\/product_cat?post=21877"},{"taxonomy":"product_tag","embeddable":true,"href":"https:\/\/toolhouse.fi\/fi\/wp-json\/wp\/v2\/product_tag?post=21877"}],"curies":[{"name":"wp","href":"https:\/\/api.w.org\/{rel}","templated":true}]}}