{"id":21943,"date":"2024-11-21T17:18:00","date_gmt":"2024-11-21T15:23:36","guid":{"rendered":"https:\/\/toolhouse.fi\/?post_type=product&#038;p=21943"},"modified":"2026-03-28T14:02:04","modified_gmt":"2026-03-28T12:02:04","slug":"laturin-vapaakytkin-tyokalu-vag-m10-x-33t","status":"publish","type":"product","link":"https:\/\/toolhouse.fi\/fi\/tuote\/laturin-vapaakytkin-tyokalu-vag-m10-x-33t\/","title":{"rendered":"Laturin vapaakytkin ty\u00f6kalu M10 x 33T"},"content":{"rendered":"","protected":false},"excerpt":{"rendered":"<p class=\"page-title\"><span class=\"base\" data-ui-id=\"page-title-wrapper\">Laturin vapaakytkin ty\u00f6kalu<\/span><\/p>\n<p>M10 x 113 mm x 33T x 17mm.<\/p>\n<p>1\/2&#8243; v\u00e4\u00e4nti\u00f6.<\/p>\n<p>Sopii: VAG, Audi, Ford, Mercedes, Seat, WV, Skoda ja muut.<\/p>\n<p>Materiaali: CRV-ter\u00e4s \/ S2-ter\u00e4s.<\/p>\n<p>Valmistaja: Geko<\/p>\n","protected":false},"featured_media":21939,"template":"","meta":{"_acf_changed":false,"_seopress_robots_primary_cat":"none","_seopress_titles_title":"","_seopress_titles_desc":"","_seopress_robots_index":""},"product_cat":[339,480,40],"product_tag":[],"class_list":{"0":"post-21943","1":"product","2":"type-product","3":"status-publish","4":"has-post-thumbnail","6":"product_cat-autotyokalut","7":"product_cat-moottorityokalut","8":"product_cat-korjaamolaitteet","10":"first","11":"instock","12":"taxable","13":"shipping-taxable","14":"purchasable","15":"product-type-simple","swatches":"rey-swatches","show_selected":""},"acf":[],"_links":{"self":[{"href":"https:\/\/toolhouse.fi\/fi\/wp-json\/wp\/v2\/product\/21943","targetHints":{"allow":["GET"]}}],"collection":[{"href":"https:\/\/toolhouse.fi\/fi\/wp-json\/wp\/v2\/product"}],"about":[{"href":"https:\/\/toolhouse.fi\/fi\/wp-json\/wp\/v2\/types\/product"}],"version-history":[{"count":2,"href":"https:\/\/toolhouse.fi\/fi\/wp-json\/wp\/v2\/product\/21943\/revisions"}],"predecessor-version":[{"id":21947,"href":"https:\/\/toolhouse.fi\/fi\/wp-json\/wp\/v2\/product\/21943\/revisions\/21947"}],"wp:featuredmedia":[{"embeddable":true,"href":"https:\/\/toolhouse.fi\/fi\/wp-json\/wp\/v2\/media\/21939"}],"wp:attachment":[{"href":"https:\/\/toolhouse.fi\/fi\/wp-json\/wp\/v2\/media?parent=21943"}],"wp:term":[{"taxonomy":"product_cat","embeddable":true,"href":"https:\/\/toolhouse.fi\/fi\/wp-json\/wp\/v2\/product_cat?post=21943"},{"taxonomy":"product_tag","embeddable":true,"href":"https:\/\/toolhouse.fi\/fi\/wp-json\/wp\/v2\/product_tag?post=21943"}],"curies":[{"name":"wp","href":"https:\/\/api.w.org\/{rel}","templated":true}]}}