{"id":22047,"date":"2024-11-29T17:00:34","date_gmt":"2024-11-29T15:18:45","guid":{"rendered":"https:\/\/toolhouse.fi\/?post_type=product&#038;p=22047"},"modified":"2025-09-19T12:25:08","modified_gmt":"2025-09-19T09:25:08","slug":"paineilmaraikka-1-2","status":"publish","type":"product","link":"https:\/\/toolhouse.fi\/fi\/tuote\/paineilmaraikka-1-2\/","title":{"rendered":"Paineilmar\u00e4ikk\u00e4 1\/2&#8243;"},"content":{"rendered":"","protected":false},"excerpt":{"rendered":"<p><span style=\"background-color: var(--body-bg-color); color: var(--body-color); font-family: var(--body-font-family),sans-serif; font-size: 1.125rem; font-weight: var(--body-font-weight,400);\">Geko Premium<\/span><span style=\"background-color: var(--body-bg-color); color: var(--body-color); font-family: var(--body-font-family),sans-serif; font-size: 1.125rem; font-weight: var(--body-font-weight,400);\"> paineilmar\u00e4ikk\u00e4 1\/2\u2033, tarjoaa suuren 80 Nm:n v\u00e4\u00e4nt\u00f6momentin, nopeudens\u00e4\u00e4d\u00f6n, ergonomisen k\u00e4densijan ja s\u00e4\u00e4dett\u00e4v\u00e4n pakoilman.<\/span><\/p>\n<div class=\"flex max-w-full flex-col flex-grow\">\n<div class=\"min-h-8 text-message flex w-full flex-col items-end gap-2 whitespace-normal break-words [.text-message+&amp;]:mt-5\" dir=\"auto\" data-message-author-role=\"assistant\" data-message-id=\"b0b4bb75-bf8f-4e0a-a927-295d5ed70824\" data-message-model-slug=\"gpt-4o\">\n<div class=\"flex w-full flex-col gap-1 empty:hidden first:pt-[3px]\">\n<div class=\"markdown prose w-full break-words dark:prose-invert light\">\n<p>&nbsp;<\/p>\n<\/div>\n<\/div>\n<\/div>\n<\/div>\n<p><strong>Tekniset tiedot:<\/strong><\/p>\n<ul>\n<li>Ty\u00f6paine: 6,3 bar<\/li>\n<li>Py\u00f6rimisnopeus\u00a0: 180 rpm<\/li>\n<li>Maksimi momentti: 80 Nm<\/li>\n<li>V\u00e4\u00e4nti\u00f6: 1\/2\u2033<\/li>\n<li>Ilmaliit\u00e4nt\u00e4: 1\/4\u2033<\/li>\n<li>Ilmankulutus: 130 l\/min<\/li>\n<li>Pituus: 285 mm<\/li>\n<li>Paino: 1,4 kg<\/li>\n<li>Pakoilma: s\u00e4\u00e4dett\u00e4v\u00e4<\/li>\n<li>CE-merkitty<\/li>\n<li>Valmistaja: Geko<\/li>\n<\/ul>\n","protected":false},"featured_media":22041,"template":"","meta":{"_acf_changed":false,"_seopress_robots_primary_cat":"none","_seopress_titles_title":"","_seopress_titles_desc":"","_seopress_robots_index":""},"product_cat":[217,323,350],"product_tag":[],"class_list":{"0":"post-22047","1":"product","2":"type-product","3":"status-publish","4":"has-post-thumbnail","6":"product_cat-kompressori-ja-paineilma","7":"product_cat-mutterinvaantimet","8":"product_cat-muut","10":"first","11":"instock","12":"taxable","13":"shipping-taxable","14":"purchasable","15":"product-type-simple","swatches":"rey-swatches","show_selected":""},"acf":[],"_links":{"self":[{"href":"https:\/\/toolhouse.fi\/fi\/wp-json\/wp\/v2\/product\/22047","targetHints":{"allow":["GET"]}}],"collection":[{"href":"https:\/\/toolhouse.fi\/fi\/wp-json\/wp\/v2\/product"}],"about":[{"href":"https:\/\/toolhouse.fi\/fi\/wp-json\/wp\/v2\/types\/product"}],"version-history":[{"count":4,"href":"https:\/\/toolhouse.fi\/fi\/wp-json\/wp\/v2\/product\/22047\/revisions"}],"predecessor-version":[{"id":22056,"href":"https:\/\/toolhouse.fi\/fi\/wp-json\/wp\/v2\/product\/22047\/revisions\/22056"}],"wp:featuredmedia":[{"embeddable":true,"href":"https:\/\/toolhouse.fi\/fi\/wp-json\/wp\/v2\/media\/22041"}],"wp:attachment":[{"href":"https:\/\/toolhouse.fi\/fi\/wp-json\/wp\/v2\/media?parent=22047"}],"wp:term":[{"taxonomy":"product_cat","embeddable":true,"href":"https:\/\/toolhouse.fi\/fi\/wp-json\/wp\/v2\/product_cat?post=22047"},{"taxonomy":"product_tag","embeddable":true,"href":"https:\/\/toolhouse.fi\/fi\/wp-json\/wp\/v2\/product_tag?post=22047"}],"curies":[{"name":"wp","href":"https:\/\/api.w.org\/{rel}","templated":true}]}}