{"id":22089,"date":"2024-12-02T14:41:21","date_gmt":"2024-12-02T12:41:21","guid":{"rendered":"https:\/\/toolhouse.fi\/?post_type=product&#038;p=22089"},"modified":"2026-04-30T10:05:07","modified_gmt":"2026-04-30T07:05:07","slug":"ajoitustyokalusarja-renault-nissan-opel-15-25-dci","status":"publish","type":"product","link":"https:\/\/toolhouse.fi\/fi\/tuote\/ajoitustyokalusarja-renault-nissan-opel-15-25-dci\/","title":{"rendered":"Ajoitusty\u00f6kalusarja Renault, Nissan, Opel 1,5-2,5 DCI"},"content":{"rendered":"","protected":false},"excerpt":{"rendered":"<p><strong>Soppii:<\/strong><\/p>\n<table>\n<tbody>\n<tr>\n<td>Renault<\/td>\n<td>Avantime (2005-2007)<br \/>\nClio II (2001-2006)<br \/>\nClio III (2005-2008)<br \/>\nEspace (2000-2008)<br \/>\nKangoo (2000-2008)<br \/>\nLaguna (1999-2001)<br \/>\nLaguna II (2004-2007)<br \/>\nMaster (2000-2006 )\u00a0)<br \/>\nMegane (1999-2003)<br \/>\nMegane II (2002-2008)<br \/>\nModus (2004-2008)<br \/>\nScenic (1999-2003)<br \/>\nScenic II (2003-2008)<br \/>\nTrafic (2001-2008)<br \/>\nTwingo (2007-2008)<\/td>\n<\/tr>\n<tr>\n<td>Opel\/Vauxhall<\/td>\n<td>Movano (2000-2008)<br \/>\nVivaro (2001-2008)<\/td>\n<\/tr>\n<tr>\n<td>Nissan<\/td>\n<td>Almera N16 (2002-2006)<br \/>\nInterstar (2002-2006)<br \/>\nKubistar (2003-2008)<br \/>\nMicra K12 (2003-2008)<br \/>\nNote (2006-2008)<br \/>\nPrimastar (2002-2007)<br \/>\nPrimera P12 (2003-2007)<br \/>\nQashqai (2008-2009)<\/td>\n<\/tr>\n<\/tbody>\n<\/table>\n<h4><strong>Moottorikoodit<\/strong>:<\/h4>\n<ul>\n<li>1.5L \u2013 K9K<\/li>\n<li>1.9L \u2013 F9Q<\/li>\n<li>2.2L \u2013 G9T<\/li>\n<li>2.5L \u2013 G9U<\/li>\n<\/ul>\n<h4>Sis\u00e4lt\u00f6:<\/h4>\n<ul>\n<li>Nokka-akselin lukitusty\u00f6kalu &#8211; imupuoli MOT1534, KM6205<\/li>\n<li>Nokka-akselin lukitusty\u00f6kalu &#8211; pakopuoli MOT1537, KM-6204<\/li>\n<li>Korkeapaineisen polttoainepumpun hihnapy\u00f6r\u00e4n lukitustappi MOT1534, KM6205<\/li>\n<li>Vauhtipy\u00f6r\u00e4n lukitustappi MOT1054<\/li>\n<li>Vauhtipy\u00f6r\u00e4n s\u00e4\u00e4t\u00f6tappi MOT1536, KM6203<\/li>\n<li>Nokka-akselin ajoitustappi MOT1489<\/li>\n<li>Kiristys- ja s\u00e4\u00e4t\u00f6ty\u00f6kalu KM-6234<\/li>\n<li>M6x45mm Kiristysruuvi<\/li>\n<\/ul>\n<p>Valmistaja: Geko<\/p>\n","protected":false},"featured_media":22085,"template":"","meta":{"_acf_changed":false,"_seopress_robots_primary_cat":"","_seopress_titles_title":"","_seopress_titles_desc":"","_seopress_robots_index":""},"product_cat":[339,480,40],"product_tag":[],"class_list":{"0":"post-22089","1":"product","2":"type-product","3":"status-publish","4":"has-post-thumbnail","6":"product_cat-autotyokalut","7":"product_cat-moottorityokalut","8":"product_cat-korjaamolaitteet","10":"first","11":"outofstock","12":"taxable","13":"shipping-taxable","14":"purchasable","15":"product-type-simple","swatches":"rey-swatches","show_selected":""},"acf":[],"_links":{"self":[{"href":"https:\/\/toolhouse.fi\/fi\/wp-json\/wp\/v2\/product\/22089","targetHints":{"allow":["GET"]}}],"collection":[{"href":"https:\/\/toolhouse.fi\/fi\/wp-json\/wp\/v2\/product"}],"about":[{"href":"https:\/\/toolhouse.fi\/fi\/wp-json\/wp\/v2\/types\/product"}],"version-history":[{"count":0,"href":"https:\/\/toolhouse.fi\/fi\/wp-json\/wp\/v2\/product\/22089\/revisions"}],"wp:featuredmedia":[{"embeddable":true,"href":"https:\/\/toolhouse.fi\/fi\/wp-json\/wp\/v2\/media\/22085"}],"wp:attachment":[{"href":"https:\/\/toolhouse.fi\/fi\/wp-json\/wp\/v2\/media?parent=22089"}],"wp:term":[{"taxonomy":"product_cat","embeddable":true,"href":"https:\/\/toolhouse.fi\/fi\/wp-json\/wp\/v2\/product_cat?post=22089"},{"taxonomy":"product_tag","embeddable":true,"href":"https:\/\/toolhouse.fi\/fi\/wp-json\/wp\/v2\/product_tag?post=22089"}],"curies":[{"name":"wp","href":"https:\/\/api.w.org\/{rel}","templated":true}]}}