{"id":22097,"date":"2024-12-02T16:17:53","date_gmt":"2024-12-02T14:27:10","guid":{"rendered":"https:\/\/toolhouse.fi\/?post_type=product&#038;p=22097"},"modified":"2025-11-02T22:47:22","modified_gmt":"2025-11-02T20:47:22","slug":"ajoitustyokalusarja-vag-2-5-4-9d-tdi","status":"publish","type":"product","link":"https:\/\/toolhouse.fi\/fi\/tuote\/ajoitustyokalusarja-vag-2-5-4-9d-tdi\/","title":{"rendered":"Ajoitusty\u00f6kalusarja VAG 2.5\/4.9D\/ TDI"},"content":{"rendered":"","protected":false},"excerpt":{"rendered":"<p>Ajoitussarja VAG 2.5 \/ 4.9D \/ <span class=\"caps\">TDI<\/span>\u00a0PD<\/p>\n<p>&nbsp;<\/p>\n<p><strong>Sarjan sis\u00e4lt\u00f6<\/strong><\/p>\n<ul>\n<li>Kampiakselin kohdistusty\u00f6kalu<\/li>\n<li>Kampiakselin k\u00e4\u00e4nt\u00f6ty\u00f6kalu<\/li>\n<li>Nokka-akselin tasauspy\u00f6r\u00e4n esij\u00e4nnitysty\u00f6kalu<\/li>\n<li>Nokka-akselin lukitusty\u00f6kalu malli 1<\/li>\n<li>Nokka-akselin lukitusty\u00f6kalu malli 2 &#8211; 4.9 ja 5.0 -moottoreille<\/li>\n<li>Nokka-akselin hammaspy\u00f6r\u00e4n kiinnitysty\u00f6kalu malli 1<\/li>\n<li>Nokka-akselin hammaspy\u00f6r\u00e4n kiinnitysty\u00f6kalu malli 2<\/li>\n<\/ul>\n<p><strong>Sopii:<\/strong><\/p>\n<ul>\n<li>Touareg 2,5 TDI PD, 4,9 5,0 TDI 2003-2011<\/li>\n<li>Transporter T5 2.5 TDI PD 2003-2011<\/li>\n<\/ul>\n<p><strong>Moottorikoodit:<\/strong><\/p>\n<ul>\n<li>AXD, AXE, BAC, BLJ, BLK, BPD, BPC, BPE<\/li>\n<\/ul>\n<p><strong>OEM:<\/strong><\/p>\n<p>\u2022 T10193, T10194, T10199, T10225, T10226<\/p>\n<p>&nbsp;<\/p>\n<p>Valmistaja: Geko<\/p>\n","protected":false},"featured_media":22107,"template":"","meta":{"_acf_changed":false,"_seopress_robots_primary_cat":"none","_seopress_titles_title":"","_seopress_titles_desc":"","_seopress_robots_index":"","_seopress_analysis_target_kw":""},"product_cat":[339,480,40],"product_tag":[],"class_list":{"0":"post-22097","1":"product","2":"type-product","3":"status-publish","4":"has-post-thumbnail","6":"product_cat-autotyokalut","7":"product_cat-moottorityokalut","8":"product_cat-korjaamolaitteet","10":"first","11":"outofstock","12":"taxable","13":"shipping-taxable","14":"purchasable","15":"product-type-simple","swatches":"rey-swatches","show_selected":""},"acf":[],"_links":{"self":[{"href":"https:\/\/toolhouse.fi\/fi\/wp-json\/wp\/v2\/product\/22097","targetHints":{"allow":["GET"]}}],"collection":[{"href":"https:\/\/toolhouse.fi\/fi\/wp-json\/wp\/v2\/product"}],"about":[{"href":"https:\/\/toolhouse.fi\/fi\/wp-json\/wp\/v2\/types\/product"}],"version-history":[{"count":0,"href":"https:\/\/toolhouse.fi\/fi\/wp-json\/wp\/v2\/product\/22097\/revisions"}],"wp:featuredmedia":[{"embeddable":true,"href":"https:\/\/toolhouse.fi\/fi\/wp-json\/wp\/v2\/media\/22107"}],"wp:attachment":[{"href":"https:\/\/toolhouse.fi\/fi\/wp-json\/wp\/v2\/media?parent=22097"}],"wp:term":[{"taxonomy":"product_cat","embeddable":true,"href":"https:\/\/toolhouse.fi\/fi\/wp-json\/wp\/v2\/product_cat?post=22097"},{"taxonomy":"product_tag","embeddable":true,"href":"https:\/\/toolhouse.fi\/fi\/wp-json\/wp\/v2\/product_tag?post=22097"}],"curies":[{"name":"wp","href":"https:\/\/api.w.org\/{rel}","templated":true}]}}