{"id":22221,"date":"2024-12-05T14:48:25","date_gmt":"2024-12-05T12:49:53","guid":{"rendered":"https:\/\/toolhouse.fi\/?post_type=product&#038;p=22221"},"modified":"2026-03-29T19:59:21","modified_gmt":"2026-03-29T16:59:21","slug":"nokka-akselin-lukitustyokalu-vag-1-4-1-6-16v-fsi","status":"publish","type":"product","link":"https:\/\/toolhouse.fi\/fi\/tuote\/nokka-akselin-lukitustyokalu-vag-1-4-1-6-16v-fsi\/","title":{"rendered":"Nokka-akselin lukitusty\u00f6kalu VAG 1.4 1.6 16V FSi"},"content":{"rendered":"","protected":false},"excerpt":{"rendered":"<div class=\"flex max-w-full flex-col flex-grow\">\n<div class=\"min-h-8 text-message flex w-full flex-col items-end gap-2 whitespace-normal break-words [.text-message+&amp;]:mt-5\" dir=\"auto\" data-message-author-role=\"assistant\" data-message-id=\"d21e7b61-cfdf-445a-9efa-8abd4c96cbc0\" data-message-model-slug=\"gpt-4o-mini\">\n<div class=\"flex w-full flex-col gap-1 empty:hidden first:pt-[3px]\">\n<div class=\"markdown prose w-full break-words dark:prose-invert light\">\n<p><strong>Nokka-akselin lukitusty\u00f6kalu VAG 1.4 1.6 16V FSi<\/strong><\/p>\n<p>VAG-ryhm\u00e4n ajoneuvoille, joissa on 1.4, 1.6 16V, vuosimallit 1997 &#8211; 2008.<br \/>\nMoottorikoodit: ARC, AUB, AUA, AUS, APE, ATN, AVY, AFK, AHW, APE, AQQ, AJV, AKQ, AZD<br \/>\nNokka-akselin s\u00e4\u00e4t\u00f6 jakohihnan vaihdon yhteydess\u00e4<br \/>\nOEM-tunnus: T10016<\/p>\n<p><strong>Audi:<\/strong><\/p>\n<ul>\n<li>A2<\/li>\n<\/ul>\n<p><strong>Seat:<\/strong><\/p>\n<ul>\n<li>Arosa, Cordoba, Ibiza, Leon, Toledo<\/li>\n<\/ul>\n<p><strong>Skoda:<\/strong><\/p>\n<ul>\n<li>Fabia, Octavia, Roomster<\/li>\n<\/ul>\n<p><strong>Volkswagen:<\/strong><\/p>\n<ul>\n<li>Beetle, Bora, Caddy, Golf, Lupo, Polo<\/li>\n<\/ul>\n<p><strong>Valmistaja:<\/strong> Geko<\/p>\n<\/div>\n<\/div>\n<\/div>\n<\/div>\n","protected":false},"featured_media":22228,"template":"","meta":{"_acf_changed":false,"_seopress_robots_primary_cat":"","_seopress_titles_title":"","_seopress_titles_desc":"","_seopress_robots_index":""},"product_cat":[339,480,40],"product_tag":[],"class_list":{"0":"post-22221","1":"product","2":"type-product","3":"status-publish","4":"has-post-thumbnail","6":"product_cat-autotyokalut","7":"product_cat-moottorityokalut","8":"product_cat-korjaamolaitteet","10":"first","11":"instock","12":"taxable","13":"shipping-taxable","14":"purchasable","15":"product-type-simple","swatches":"rey-swatches","show_selected":""},"acf":[],"_links":{"self":[{"href":"https:\/\/toolhouse.fi\/fi\/wp-json\/wp\/v2\/product\/22221","targetHints":{"allow":["GET"]}}],"collection":[{"href":"https:\/\/toolhouse.fi\/fi\/wp-json\/wp\/v2\/product"}],"about":[{"href":"https:\/\/toolhouse.fi\/fi\/wp-json\/wp\/v2\/types\/product"}],"version-history":[{"count":1,"href":"https:\/\/toolhouse.fi\/fi\/wp-json\/wp\/v2\/product\/22221\/revisions"}],"predecessor-version":[{"id":22224,"href":"https:\/\/toolhouse.fi\/fi\/wp-json\/wp\/v2\/product\/22221\/revisions\/22224"}],"wp:featuredmedia":[{"embeddable":true,"href":"https:\/\/toolhouse.fi\/fi\/wp-json\/wp\/v2\/media\/22228"}],"wp:attachment":[{"href":"https:\/\/toolhouse.fi\/fi\/wp-json\/wp\/v2\/media?parent=22221"}],"wp:term":[{"taxonomy":"product_cat","embeddable":true,"href":"https:\/\/toolhouse.fi\/fi\/wp-json\/wp\/v2\/product_cat?post=22221"},{"taxonomy":"product_tag","embeddable":true,"href":"https:\/\/toolhouse.fi\/fi\/wp-json\/wp\/v2\/product_tag?post=22221"}],"curies":[{"name":"wp","href":"https:\/\/api.w.org\/{rel}","templated":true}]}}