{"id":22238,"date":"2024-12-05T15:25:14","date_gmt":"2024-12-05T13:25:14","guid":{"rendered":"https:\/\/toolhouse.fi\/?post_type=product&#038;p=22238"},"modified":"2026-04-05T16:52:51","modified_gmt":"2026-04-05T13:52:51","slug":"lukitustyokalu-peugeot-citroen-1-8-2-0-16v","status":"publish","type":"product","link":"https:\/\/toolhouse.fi\/fi\/tuote\/lukitustyokalu-peugeot-citroen-1-8-2-0-16v\/","title":{"rendered":"Lukitusty\u00f6kalu Peugeot Citroen 1.8 2.0 16V"},"content":{"rendered":"","protected":false},"excerpt":{"rendered":"<p>Lukitusty\u00f6kalu Citro\u00ebn- ja Peugeot 1.8 2.0 16V -moottoreille<\/p>\n<p><strong>Sopii Peugeot- ja Citro\u00ebn-autoihin<\/strong><\/p>\n<ul>\n<li>1.8 \/ 2.0 16V HPI bensiinimoottorit \u2013 1998 ja uudemmat<\/li>\n<\/ul>\n<p><strong>Sopivuus:<\/strong><br \/>\n<strong>Peugeot:<\/strong><\/p>\n<ul>\n<li>206, 307, 406, 607, 407, 806, 807, Expert<\/li>\n<\/ul>\n<p><strong>Citro\u00ebn:<\/strong><\/p>\n<ul>\n<li>Xsara, Picasso, C5, C4, Evasion, Synergie, C8, Jumpy<\/li>\n<\/ul>\n<p><strong>Moottorikoodit:<\/strong><\/p>\n<ul>\n<li>EW12J4(3FC), EW10D-HPI(RLZ), EW10J4S(RFK), EW10J4(RFN\/RFR), EW7J4(6FZ)<\/li>\n<\/ul>\n<p><strong>Valmistaja:<\/strong> Geko<\/p>\n","protected":false},"featured_media":22244,"template":"","meta":{"_acf_changed":false,"_seopress_robots_primary_cat":"","_seopress_titles_title":"","_seopress_titles_desc":"","_seopress_robots_index":""},"product_cat":[339,480,40],"product_tag":[],"class_list":{"0":"post-22238","1":"product","2":"type-product","3":"status-publish","4":"has-post-thumbnail","6":"product_cat-autotyokalut","7":"product_cat-moottorityokalut","8":"product_cat-korjaamolaitteet","10":"first","11":"instock","12":"taxable","13":"shipping-taxable","14":"purchasable","15":"product-type-simple","swatches":"rey-swatches","show_selected":""},"acf":[],"_links":{"self":[{"href":"https:\/\/toolhouse.fi\/fi\/wp-json\/wp\/v2\/product\/22238","targetHints":{"allow":["GET"]}}],"collection":[{"href":"https:\/\/toolhouse.fi\/fi\/wp-json\/wp\/v2\/product"}],"about":[{"href":"https:\/\/toolhouse.fi\/fi\/wp-json\/wp\/v2\/types\/product"}],"version-history":[{"count":1,"href":"https:\/\/toolhouse.fi\/fi\/wp-json\/wp\/v2\/product\/22238\/revisions"}],"predecessor-version":[{"id":22241,"href":"https:\/\/toolhouse.fi\/fi\/wp-json\/wp\/v2\/product\/22238\/revisions\/22241"}],"wp:featuredmedia":[{"embeddable":true,"href":"https:\/\/toolhouse.fi\/fi\/wp-json\/wp\/v2\/media\/22244"}],"wp:attachment":[{"href":"https:\/\/toolhouse.fi\/fi\/wp-json\/wp\/v2\/media?parent=22238"}],"wp:term":[{"taxonomy":"product_cat","embeddable":true,"href":"https:\/\/toolhouse.fi\/fi\/wp-json\/wp\/v2\/product_cat?post=22238"},{"taxonomy":"product_tag","embeddable":true,"href":"https:\/\/toolhouse.fi\/fi\/wp-json\/wp\/v2\/product_tag?post=22238"}],"curies":[{"name":"wp","href":"https:\/\/api.w.org\/{rel}","templated":true}]}}