{"id":22254,"date":"2024-12-06T10:28:01","date_gmt":"2024-12-06T08:37:02","guid":{"rendered":"https:\/\/toolhouse.fi\/?post_type=product&#038;p=22254"},"modified":"2024-12-06T10:37:02","modified_gmt":"2024-12-06T08:37:02","slug":"lukitustyokalusarja-yleiskayttoon","status":"publish","type":"product","link":"https:\/\/toolhouse.fi\/fi\/tuote\/lukitustyokalusarja-yleiskayttoon\/","title":{"rendered":"Lukitusty\u00f6kalusarja yleisk\u00e4ytt\u00f6\u00f6n"},"content":{"rendered":"","protected":false},"excerpt":{"rendered":"<p><strong>Yleinen nokka- ja kampiakselin lukitusty\u00f6kalusarja, 8 osaa<\/strong><\/p>\n<p><strong>K\u00e4ytt\u00f6:<\/strong><br \/>\nBensiini- ja dieselmoottoreille, mukaan lukien OPEL, SAAB, ROVER, VW, AUDI, SEAT, SKODA, CITRO\u00cbN, FIAT, PEUGEOT ja RENAULT.<\/p>\n<p>Ty\u00f6kalusarja sis\u00e4lt\u00e4\u00e4 8 lukkoa, joiden avulla voidaan kiinnitt\u00e4\u00e4 nokka- ja kampiakselin hammaspy\u00f6r\u00e4t huoltoasentoon jakohihnan vaihdon aikana. Ty\u00f6kalujen erityinen muoto mahdollistaa sytytyksen tarkat s\u00e4\u00e4t\u00f6pisteet. Lukot lukitsee\u00a0nokka-akselin hammaspy\u00f6r\u00e4t ja kampiakselin.<\/p>\n<p><strong>Sis\u00e4lt\u00f6 ja yhteensopivuus:<\/strong><\/p>\n<ul>\n<li><strong>Nokka-akselin lukko, keltainen:<\/strong>\n<ul>\n<li><strong>VAUXHALL \/ OPEL:<\/strong> ECOTEC Astra, Frontiera, Sintra, Vectra, Omega 1.8\/2.0\/2.2 16V vuodesta 1995<\/li>\n<\/ul>\n<\/li>\n<li><strong>Nokka-akselin lukko, sininen:<\/strong>\n<ul>\n<li><strong>VAUXHALL \/ OPEL:<\/strong> ECOTEC Astra F, Corsa B, Tigra, Vectra 1.4\/1.6 16V vuodesta 1993<\/li>\n<\/ul>\n<\/li>\n<li><strong>Nokka-akselin lukot, punainen ja vihre\u00e4:<\/strong>\n<ul>\n<li><strong>SAAB:<\/strong> 900 2.5, 9000 3.0 V6<\/li>\n<li><strong>VAUXHALL \/ OPEL:<\/strong> Calibra 2.5\/2.5i\/2.6 V6, Cavalier 2.5i V6, Omega B 2.5\/2.6\/3.0\/3.2 V6, Frontiera, Sintra 3.0 V6, Vectra A 2.5\/2.5L\/2.6 V6<\/li>\n<\/ul>\n<\/li>\n<li><strong>Nokka-akselin lukko, kapea sininen:<\/strong>\n<ul>\n<li><strong>ROVER:<\/strong> 25 1.4\/1.6\/1.8 VVC, 45 1.4\/1.6\/1.8, 75 1.8, MGF 1.8 VVC, Metro GTI\/GTA 16V<\/li>\n<\/ul>\n<\/li>\n<li><strong>Kampiakselin lukko, musta:<\/strong>\n<ul>\n<li><strong>VW, AUDI, SEAT, SKODA:<\/strong> TDI-moottorit vuodesta 2000<\/li>\n<\/ul>\n<\/li>\n<li><strong>Vauhtipy\u00f6r\u00e4n lukko:<\/strong>\n<ul>\n<li><strong>CITRO\u00cbN:<\/strong> Synergie 2.0\/Turbo, ZX 1.9D\/TD, Xantia 1.9D\/TD, Berlingo 1.9D<\/li>\n<li><strong>FIAT:<\/strong> Ulysse 2.0\/Turbo, Ducato 2.0, FSO: 1.9D<\/li>\n<li><strong>PEUGEOT:<\/strong> 205, 305, 309, 405, 605 ja eri moottorivaihtoehdot<\/li>\n<li><strong>RENAULT:<\/strong> Diesel- ja bensiinimoottorit, kuten F8M, F8Q, J8S, E7F\/E7J, F3N, F7P, F7R, N7Q\/N7U<\/li>\n<li><strong>VAUXHALL \/ OPEL:<\/strong> OHC-bensiini- ja dieselmoottorit, mukaan lukien ISUZU 1.5D ja 1.7D<\/li>\n<\/ul>\n<\/li>\n<\/ul>\n<p><strong>Valmistaja:<\/strong> Geko<\/p>\n","protected":false},"featured_media":22261,"template":"","meta":{"_acf_changed":false,"_seopress_robots_primary_cat":"","_seopress_titles_title":"","_seopress_titles_desc":"","_seopress_robots_index":""},"product_cat":[339,480,40],"product_tag":[],"class_list":{"0":"post-22254","1":"product","2":"type-product","3":"status-publish","4":"has-post-thumbnail","6":"product_cat-autotyokalut","7":"product_cat-moottorityokalut","8":"product_cat-korjaamolaitteet","10":"first","11":"instock","12":"taxable","13":"shipping-taxable","14":"purchasable","15":"product-type-simple","swatches":"rey-swatches","show_selected":""},"acf":[],"_links":{"self":[{"href":"https:\/\/toolhouse.fi\/fi\/wp-json\/wp\/v2\/product\/22254","targetHints":{"allow":["GET"]}}],"collection":[{"href":"https:\/\/toolhouse.fi\/fi\/wp-json\/wp\/v2\/product"}],"about":[{"href":"https:\/\/toolhouse.fi\/fi\/wp-json\/wp\/v2\/types\/product"}],"version-history":[{"count":1,"href":"https:\/\/toolhouse.fi\/fi\/wp-json\/wp\/v2\/product\/22254\/revisions"}],"predecessor-version":[{"id":22257,"href":"https:\/\/toolhouse.fi\/fi\/wp-json\/wp\/v2\/product\/22254\/revisions\/22257"}],"wp:featuredmedia":[{"embeddable":true,"href":"https:\/\/toolhouse.fi\/fi\/wp-json\/wp\/v2\/media\/22261"}],"wp:attachment":[{"href":"https:\/\/toolhouse.fi\/fi\/wp-json\/wp\/v2\/media?parent=22254"}],"wp:term":[{"taxonomy":"product_cat","embeddable":true,"href":"https:\/\/toolhouse.fi\/fi\/wp-json\/wp\/v2\/product_cat?post=22254"},{"taxonomy":"product_tag","embeddable":true,"href":"https:\/\/toolhouse.fi\/fi\/wp-json\/wp\/v2\/product_tag?post=22254"}],"curies":[{"name":"wp","href":"https:\/\/api.w.org\/{rel}","templated":true}]}}