{"id":22283,"date":"2024-12-09T14:02:42","date_gmt":"2024-12-09T12:02:42","guid":{"rendered":"https:\/\/toolhouse.fi\/?post_type=product&#038;p=22283"},"modified":"2026-02-24T14:56:26","modified_gmt":"2026-02-24T12:56:26","slug":"hydrauliprassi-30t","status":"publish","type":"product","link":"https:\/\/toolhouse.fi\/fi\/tuote\/hydrauliprassi-30t\/","title":{"rendered":"Hydraulipr\u00e4ssi 30T"},"content":{"rendered":"<p>&nbsp;<\/p>\n<div class=\"large-2 col pb-0 mb-0\">\n<h5 class=\"uppercase mt\">KUVAUS<\/h5>\n<\/div>\n<div class=\"large-10 col pb-0 mb-0\">\n<div class=\"panel entry-content\">\n<table class=\"n54117_dictionary\">\n<tbody>\n<tr>\n<td class=\"n54117_item_a1\">Puristusvoima\u00a0\u00a0<span class=\"n67256colon\">:<\/span><\/td>\n<td class=\"n54117_item_b1\">\n<div class=\"n54117_item_b_sub\">30 t<\/div>\n<\/td>\n<\/tr>\n<tr>\n<td class=\"n54117_item_a2\">Ty\u00f6alue\u00a0<span class=\"n67256colon\">:<\/span><\/td>\n<td class=\"n54117_item_b2\">\n<div class=\"n54117_item_b_sub\">0 \u2013 1000 mm<\/div>\n<\/td>\n<\/tr>\n<tr>\n<td class=\"n54117_item_a1\">S\u00e4\u00e4dett\u00e4v\u00e4 p\u00f6yt\u00e4\u00a0<span class=\"n67256colon\">:<\/span><\/td>\n<td class=\"n54117_item_b1\">\n<div class=\"n54117_item_b_sub\">9 tasoa<\/div>\n<\/td>\n<\/tr>\n<tr>\n<td class=\"n54117_item_a2\">P\u00f6yd\u00e4n sis\u00e4leveys <span class=\"n67256colon\">:<\/span><\/td>\n<td class=\"n54117_item_b2\">\n<div class=\"n54117_item_b_sub\">540 mm<\/div>\n<\/td>\n<\/tr>\n<tr>\n<td class=\"n54117_item_a1\">P\u00f6yd\u00e4n syvyys\u00a0<span class=\"n67256colon\">:<\/span><\/td>\n<td class=\"n54117_item_b1\">\n<div class=\"n54117_item_b_sub\">250 mm<\/div>\n<\/td>\n<\/tr>\n<tr>\n<td class=\"n54117_item_a2\">Korkeus\u00a0<span class=\"n67256colon\">:<\/span><\/td>\n<td class=\"n54117_item_b2\">\n<div class=\"n54117_item_b_sub\">1750 mm<\/div>\n<\/td>\n<\/tr>\n<tr>\n<td class=\"n54117_item_a1\"><span class=\"n67256colon\">M\u00e4nn\u00e4n halkaisija:<\/span><\/p>\n<p>Iskunpituus:<\/td>\n<td class=\"n54117_item_b1\">\n<div class=\"n54117_item_b_sub\">58 mm<\/div>\n<div><\/div>\n<div>166mm<\/div>\n<\/td>\n<\/tr>\n<tr>\n<td class=\"n54117_item_a2\">Ce-hyv\u00e4ksytty:<\/td>\n<td class=\"n54117_item_b2\">\n<div class=\"n54117_item_b_sub\">Kyll\u00e4<\/div>\n<\/td>\n<\/tr>\n<tr>\n<td class=\"n54117_item_a1\"><\/td>\n<td class=\"n54117_item_b1\"><\/td>\n<\/tr>\n<tr>\n<td class=\"n54117_item_a2\">Paino:<\/td>\n<td class=\"n54117_item_b2\">\n<div class=\"n54117_item_b_sub\">125 kg<\/div>\n<\/td>\n<\/tr>\n<tr>\n<td class=\"n54117_item_a1\">Malli\u00a0<span class=\"n67256colon\">:<\/span><\/td>\n<td class=\"n54117_item_b1\">\n<div class=\"n54117_item_b_sub\">PRS30<\/div>\n<\/td>\n<\/tr>\n<tr>\n<td class=\"n54117_item_a2\"><span class=\"n67256colon\">Takuu:<\/span><\/td>\n<td class=\"n54117_item_b2\">\n<div class=\"n54117_item_b_sub\">1 vuosi<\/div>\n<\/td>\n<\/tr>\n<\/tbody>\n<\/table>\n<\/div>\n<\/div>\n","protected":false},"excerpt":{"rendered":"<h3 class=\"PageTitle\">Kaksinopeuksinen hydraulipr\u00e4ssi 30T<\/h3>\n<p>&nbsp;<\/p>\n<ul>\n<li class=\" clear\">2-vaiheinen pumppu (nopea tai tarkka asetus).<\/li>\n<li>Puristussylinteri on sivusuunnassa siirrett\u00e4viss\u00e4 ja lukittavissa haluttuun asentoon.<\/li>\n<li>Pumpussa on valmiiksi \u00f6ljyt ja se on k\u00e4ytt\u00f6valmis.<\/li>\n<li>Mukana 2 kpl V-lohkoja.<\/li>\n<li>Takuu 1 vuosi.<\/li>\n<li>Kaikki varaosat saatavilla.<\/li>\n<li>CE-hyv\u00e4ksytty.<\/li>\n<\/ul>\n","protected":false},"featured_media":22319,"template":"","meta":{"_acf_changed":false,"_seopress_robots_primary_cat":"none","_seopress_titles_title":"","_seopress_titles_desc":"","_seopress_robots_index":""},"product_cat":[138,620],"product_tag":[],"class_list":{"0":"post-22283","1":"product","2":"type-product","3":"status-publish","4":"has-post-thumbnail","6":"product_cat-hydrauliprassit","7":"product_cat-prassit","8":"product_shipping_class-frakt69e-fi","10":"first","11":"instock","12":"sale","13":"taxable","14":"shipping-taxable","15":"purchasable","16":"product-type-simple","swatches":"rey-swatches","show_selected":""},"acf":[],"_links":{"self":[{"href":"https:\/\/toolhouse.fi\/fi\/wp-json\/wp\/v2\/product\/22283","targetHints":{"allow":["GET"]}}],"collection":[{"href":"https:\/\/toolhouse.fi\/fi\/wp-json\/wp\/v2\/product"}],"about":[{"href":"https:\/\/toolhouse.fi\/fi\/wp-json\/wp\/v2\/types\/product"}],"version-history":[{"count":2,"href":"https:\/\/toolhouse.fi\/fi\/wp-json\/wp\/v2\/product\/22283\/revisions"}],"predecessor-version":[{"id":23548,"href":"https:\/\/toolhouse.fi\/fi\/wp-json\/wp\/v2\/product\/22283\/revisions\/23548"}],"wp:featuredmedia":[{"embeddable":true,"href":"https:\/\/toolhouse.fi\/fi\/wp-json\/wp\/v2\/media\/22319"}],"wp:attachment":[{"href":"https:\/\/toolhouse.fi\/fi\/wp-json\/wp\/v2\/media?parent=22283"}],"wp:term":[{"taxonomy":"product_cat","embeddable":true,"href":"https:\/\/toolhouse.fi\/fi\/wp-json\/wp\/v2\/product_cat?post=22283"},{"taxonomy":"product_tag","embeddable":true,"href":"https:\/\/toolhouse.fi\/fi\/wp-json\/wp\/v2\/product_tag?post=22283"}],"curies":[{"name":"wp","href":"https:\/\/api.w.org\/{rel}","templated":true}]}}