{"id":22408,"date":"2024-12-15T14:11:22","date_gmt":"2024-12-15T12:14:20","guid":{"rendered":"https:\/\/toolhouse.fi\/?post_type=product&#038;p=22408"},"modified":"2024-12-15T14:14:20","modified_gmt":"2024-12-15T12:14:20","slug":"ajoitustyokalu-vag-1-2l-3-sylinteria","status":"publish","type":"product","link":"https:\/\/toolhouse.fi\/fi\/tuote\/ajoitustyokalu-vag-1-2l-3-sylinteria\/","title":{"rendered":"Ajoitusty\u00f6kalu VAG 1.2L 3-sylinteri\u00e4"},"content":{"rendered":"","protected":false},"excerpt":{"rendered":"<p><strong>Lukitusty\u00f6kalu VW\/\u0160KODA 1.2<\/strong><\/p>\n<p>Sopii 3-sylinterisille 1.2 litran moottoreille.<\/p>\n<p>Sopii seuraaviin:<\/p>\n<ul>\n<li><strong>\u0160KODA FABIA<\/strong> 1.2 12V 3-syl. AZQ ja BME (2003-)<\/li>\n<li><strong>VW POLO<\/strong> 1.2 12V 3-syl. AZQ ja BME (2002-)<\/li>\n<li><strong>AUDI<\/strong> 1.2 12V 3-syl.<\/li>\n<\/ul>\n<p><strong>OEM<\/strong>: T10123<\/p>\n<p>Valmistaja: Geko<\/p>\n","protected":false},"featured_media":22457,"template":"","meta":{"_acf_changed":false,"_seopress_robots_primary_cat":"","_seopress_titles_title":"","_seopress_titles_desc":"","_seopress_robots_index":""},"product_cat":[339,480,40],"product_tag":[],"class_list":{"0":"post-22408","1":"product","2":"type-product","3":"status-publish","4":"has-post-thumbnail","6":"product_cat-autotyokalut","7":"product_cat-moottorityokalut","8":"product_cat-korjaamolaitteet","10":"first","11":"instock","12":"taxable","13":"shipping-taxable","14":"purchasable","15":"product-type-simple","swatches":"rey-swatches","show_selected":""},"acf":[],"_links":{"self":[{"href":"https:\/\/toolhouse.fi\/fi\/wp-json\/wp\/v2\/product\/22408","targetHints":{"allow":["GET"]}}],"collection":[{"href":"https:\/\/toolhouse.fi\/fi\/wp-json\/wp\/v2\/product"}],"about":[{"href":"https:\/\/toolhouse.fi\/fi\/wp-json\/wp\/v2\/types\/product"}],"version-history":[{"count":1,"href":"https:\/\/toolhouse.fi\/fi\/wp-json\/wp\/v2\/product\/22408\/revisions"}],"predecessor-version":[{"id":22411,"href":"https:\/\/toolhouse.fi\/fi\/wp-json\/wp\/v2\/product\/22408\/revisions\/22411"}],"wp:featuredmedia":[{"embeddable":true,"href":"https:\/\/toolhouse.fi\/fi\/wp-json\/wp\/v2\/media\/22457"}],"wp:attachment":[{"href":"https:\/\/toolhouse.fi\/fi\/wp-json\/wp\/v2\/media?parent=22408"}],"wp:term":[{"taxonomy":"product_cat","embeddable":true,"href":"https:\/\/toolhouse.fi\/fi\/wp-json\/wp\/v2\/product_cat?post=22408"},{"taxonomy":"product_tag","embeddable":true,"href":"https:\/\/toolhouse.fi\/fi\/wp-json\/wp\/v2\/product_tag?post=22408"}],"curies":[{"name":"wp","href":"https:\/\/api.w.org\/{rel}","templated":true}]}}