{"id":22474,"date":"2024-12-16T14:29:16","date_gmt":"2024-12-16T12:33:12","guid":{"rendered":"https:\/\/toolhouse.fi\/?post_type=product&#038;p=22474"},"modified":"2026-04-09T14:04:14","modified_gmt":"2026-04-09T11:04:14","slug":"ajoitustyokalu-chrysler-voyager-jeep-2-5-2-8-crd","status":"publish","type":"product","link":"https:\/\/toolhouse.fi\/fi\/tuote\/ajoitustyokalu-chrysler-voyager-jeep-2-5-2-8-crd\/","title":{"rendered":"Ajoitusty\u00f6kalu Chrysler Voyager, Jeep 2.5 2.8 CRD"},"content":{"rendered":"","protected":false},"excerpt":{"rendered":"<p><strong>Lukitusty\u00f6kalu Chrysler, Jeep<\/strong><\/p>\n<p><strong>Sopii seuraaviin:<\/strong><\/p>\n<ul>\n<li><strong>Chrysler<\/strong>: Voyager, Grand Voyager moottorit R2516C, R2516L, R2816K<\/li>\n<li><strong>Jeep<\/strong>: Cherokee (01\u201308) 2.5 \/ 2.8 moottorit<\/li>\n<li><strong>LDV<\/strong>: Maxus (05\u201308) VM2516L moottorit<\/li>\n<\/ul>\n<p><strong>Moottorikoodit:<\/strong><br \/>\nR2516C, R2516L, R2816K, VM2516L<\/p>\n<p><strong>Sis\u00e4lt\u00e4\u00e4:<\/strong><\/p>\n<p>Lukitustapit nokka-akselille, kampiakselille ja tasapainoakselille, Jakohihnankiristimen s\u00e4\u00e4t\u00f6ty\u00f6kalun<\/p>\n<p><strong>Valmistaja:<\/strong> Geko<\/p>\n","protected":false},"featured_media":22479,"template":"","meta":{"_acf_changed":false,"_seopress_robots_primary_cat":"","_seopress_titles_title":"","_seopress_titles_desc":"","_seopress_robots_index":""},"product_cat":[339,480,40],"product_tag":[],"class_list":{"0":"post-22474","1":"product","2":"type-product","3":"status-publish","4":"has-post-thumbnail","6":"product_cat-autotyokalut","7":"product_cat-moottorityokalut","8":"product_cat-korjaamolaitteet","10":"first","11":"outofstock","12":"taxable","13":"shipping-taxable","14":"purchasable","15":"product-type-simple","swatches":"rey-swatches","show_selected":""},"acf":[],"_links":{"self":[{"href":"https:\/\/toolhouse.fi\/fi\/wp-json\/wp\/v2\/product\/22474","targetHints":{"allow":["GET"]}}],"collection":[{"href":"https:\/\/toolhouse.fi\/fi\/wp-json\/wp\/v2\/product"}],"about":[{"href":"https:\/\/toolhouse.fi\/fi\/wp-json\/wp\/v2\/types\/product"}],"version-history":[{"count":0,"href":"https:\/\/toolhouse.fi\/fi\/wp-json\/wp\/v2\/product\/22474\/revisions"}],"wp:featuredmedia":[{"embeddable":true,"href":"https:\/\/toolhouse.fi\/fi\/wp-json\/wp\/v2\/media\/22479"}],"wp:attachment":[{"href":"https:\/\/toolhouse.fi\/fi\/wp-json\/wp\/v2\/media?parent=22474"}],"wp:term":[{"taxonomy":"product_cat","embeddable":true,"href":"https:\/\/toolhouse.fi\/fi\/wp-json\/wp\/v2\/product_cat?post=22474"},{"taxonomy":"product_tag","embeddable":true,"href":"https:\/\/toolhouse.fi\/fi\/wp-json\/wp\/v2\/product_tag?post=22474"}],"curies":[{"name":"wp","href":"https:\/\/api.w.org\/{rel}","templated":true}]}}