{"id":22494,"date":"2024-12-16T15:59:58","date_gmt":"2024-12-16T13:59:58","guid":{"rendered":"https:\/\/toolhouse.fi\/?post_type=product&#038;p=22494"},"modified":"2025-12-12T15:15:54","modified_gmt":"2025-12-12T13:15:54","slug":"mk-250e-3r","status":"publish","type":"product","link":"https:\/\/toolhouse.fi\/fi\/tuote\/mk-250e-3r\/","title":{"rendered":"MK-250E 3R"},"content":{"rendered":"<table class=\"n54117_dictionary\">\n<tbody>\n<tr>\n<td class=\"n54117_item_a1\"><span style=\"color: #333333;\"><strong>Tyyppi\u00a0<span class=\"n67256colon\">:<\/span><\/strong><\/span><\/td>\n<td class=\"n54117_item_b1\">\n<div class=\"n54117_item_b_sub\"><span style=\"color: #333333;\"><strong>Automaatinen rengaskone<\/strong><\/span><\/div>\n<\/td>\n<\/tr>\n<tr>\n<td class=\"n54117_item_a2\"><span style=\"color: #333333;\"><strong><span class=\"n67256colon\">J\u00e4nnite:<\/span><\/strong><\/span><\/td>\n<td class=\"n54117_item_b2\">\n<div class=\"n54117_item_b_sub\"><span style=\"color: #333333;\"><strong>3-vaihe (400V)<\/strong><\/span><\/div>\n<\/td>\n<\/tr>\n<tr>\n<td class=\"n54117_item_a1\"><span style=\"color: #333333;\"><strong>Py\u00f6rimisnopeus:<\/strong><\/span><\/td>\n<td class=\"n54117_item_b1\">\n<div class=\"n54117_item_b_sub\"><span style=\"color: #333333;\"><strong>6 \/ <\/strong><strong>12 rpm<\/strong><\/span><\/div>\n<\/td>\n<\/tr>\n<tr>\n<td class=\"n54117_item_a2\"><span style=\"color: #333333;\"><strong>Puristuspaine:<\/strong><\/span><\/td>\n<td class=\"n54117_item_b2\">\n<div class=\"n54117_item_b_sub\"><span style=\"color: #333333;\"><strong>2600 kg<\/strong><\/span><\/div>\n<\/td>\n<\/tr>\n<tr>\n<td class=\"n54117_item_a1\"><span style=\"color: #333333;\"><strong>Py\u00f6r\u00e4n maksimihalkaisija:<\/strong><\/span><\/td>\n<td class=\"n54117_item_b1\">\n<div class=\"n54117_item_b_sub\"><span style=\"color: #333333;\"><strong>1110 mm<\/strong><\/span><\/div>\n<\/td>\n<\/tr>\n<tr>\n<td class=\"n54117_item_a2\"><span style=\"color: #333333;\"><strong>Py\u00f6r\u00e4n maksimileveys:<\/strong><\/span><\/td>\n<td class=\"n54117_item_b2\">\n<div class=\"n54117_item_b_sub\"><span style=\"color: #333333;\"><strong>385 mm<\/strong><\/span><\/div>\n<\/td>\n<\/tr>\n<tr>\n<td class=\"n54117_item_a1\"><span style=\"color: #333333;\"><strong>Vanteen koko (sis\u00e4):<\/strong><\/span><\/td>\n<td class=\"n54117_item_b1\">\n<div class=\"n54117_item_b_sub\"><span style=\"color: #333333;\"><strong>13 \u201c- 26\u201d<\/strong><\/span><\/div>\n<\/td>\n<\/tr>\n<tr>\n<td class=\"n54117_item_a2\"><span style=\"color: #333333;\"><strong>Vanteen koko (ulko):<\/strong><\/span><\/td>\n<td class=\"n54117_item_b2\">\n<div class=\"n54117_item_b_sub\"><span style=\"color: #333333;\"><strong>11 \u201c- 23\u201d<\/strong><\/span><\/div>\n<\/td>\n<\/tr>\n<tr>\n<td class=\"n54117_item_a1\"><span style=\"color: #333333;\"><strong>Ilmanpaine:<\/strong><\/span><\/td>\n<td class=\"n54117_item_b1\">\n<div class=\"n54117_item_b_sub\"><span style=\"color: #333333;\"><strong>8 \u2013 10 Bar<\/strong><\/span><\/div>\n<\/td>\n<\/tr>\n<tr>\n<td class=\"n54117_item_a2\"><span style=\"color: #333333;\"><strong>Melutaso:<\/strong><\/span><\/td>\n<td class=\"n54117_item_b2\">\n<div class=\"n54117_item_b_sub\"><span style=\"color: #333333;\"><strong>&lt;75 dB<\/strong><\/span><\/div>\n<\/td>\n<\/tr>\n<tr>\n<td class=\"n54117_item_a1\"><span style=\"color: #333333;\"><strong>Teho:<\/strong><\/span><\/td>\n<td class=\"n54117_item_b1\">\n<div class=\"n54117_item_b_sub\"><span style=\"color: #333333;\"><strong>1: 0.75 kW<\/strong><\/span><\/div>\n<div class=\"n54117_item_b_sub\"><span style=\"color: #333333;\"><strong>2: 1.1 kW<\/strong><\/span><\/div>\n<\/td>\n<\/tr>\n<tr>\n<td class=\"n54117_item_a2\"><\/td>\n<td class=\"n54117_item_b2\">\n<div class=\"n54117_item_b_sub\"><\/div>\n<\/td>\n<\/tr>\n<tr>\n<td class=\"n54117_item_a1\"><span style=\"color: #333333;\"><strong>P\u00f6yd\u00e4n suurin v\u00e4\u00e4nt\u00f6momentti:<\/strong><\/span><\/td>\n<td class=\"n54117_item_b1\">\n<div class=\"n54117_item_b_sub\"><span style=\"color: #333333;\"><strong>1080 Nm<\/strong><\/span><\/div>\n<\/td>\n<\/tr>\n<tr>\n<td class=\"n54117_item_a2\"><\/td>\n<td class=\"n54117_item_b2\">\n<div class=\"n54117_item_b_sub\"><\/div>\n<\/td>\n<\/tr>\n<tr>\n<td class=\"n54117_item_a1\"><span style=\"color: #333333;\"><strong>Vakiovarusteet:<\/strong><\/span><\/td>\n<td class=\"n54117_item_b1\"><span style=\"color: #333333;\"><strong>Apuvarsi 3R-RUN FLAT (2x rullat, lautanen, apuk\u00e4si ,centering cone)<\/strong><\/span><\/p>\n<p><span style=\"color: #333333;\"><strong>S\u00e4\u00e4dett\u00e4v\u00e4 palteenirroittaja: teleskooppinen 2 asentoa<\/strong><\/span><\/p>\n<p>&nbsp;<\/p>\n<p class=\"product-title\"><span style=\"color: #333333;\"><strong>Paineens\u00e4\u00e4din vedenerottimella ja \u00f6ljystimell\u00e4<\/strong><\/span><\/p>\n<p><span style=\"color: #333333;\"><strong>Renkaant\u00e4ytt\u00f6laite automaattinen<\/strong><\/span><\/p>\n<p><span style=\"color: #333333;\"><strong><span lang=\"fi-FI\">Muovisuojukset asennusp\u00e4\u00e4h\u00e4n<\/span><\/strong><\/span><\/p>\n<p><span style=\"color: #333333;\"><strong>Muovisuojat k\u00e4p\u00e4liin<\/strong><\/span><\/p>\n<p class=\"product_title entry-title\"><span style=\"color: #333333;\"><strong>Palteenirroittajan suoja<\/strong><\/span><\/p>\n<p><span style=\"color: #333333;\"><strong>Rengasrauta RFT 50cm<\/strong><\/span><\/p>\n<p><span style=\"color: #333333;\"><strong>Rengasrasva 1kg<\/strong><\/span><\/p>\n<p><span style=\"color: #333333;\"><strong>Rengasrasvasuti\u00a0<\/strong><\/span><\/td>\n<\/tr>\n<tr>\n<td class=\"n54117_item_a2\"><span style=\"color: #333333;\"><strong><span class=\"n67256colon\">Paino:<\/span><\/strong><\/span><\/td>\n<td class=\"n54117_item_b2\">\n<div class=\"n54117_item_b_sub\"><span style=\"color: #333333;\"><strong>335 kg<\/strong><\/span><\/div>\n<\/td>\n<\/tr>\n<tr>\n<td class=\"n54117_item_a1\"><span style=\"color: #333333;\"><strong>Takuu\u00a0<span class=\"n67256colon\">:<\/span><\/strong><\/span><\/td>\n<td class=\"n54117_item_b1\">\n<div class=\"n54117_item_b_sub\"><span style=\"color: #333333;\"><strong>1 vuosi<\/strong><\/span><\/div>\n<\/td>\n<\/tr>\n<\/tbody>\n<\/table>\n","protected":false},"excerpt":{"rendered":"<p><strong>Automaattinen rengaskone MK-250E 3R<\/strong><\/p>\n<ul>\n<li><strong>Vanteen koko (sis\u00e4):<\/strong> 13\u201d \u2013 26\u201d<\/li>\n<li><strong>Vanteen koko (ulko):<\/strong> 11\u201d \u2013 23\u201d<\/li>\n<li><strong>3R-apuvarsi:<\/strong> Helpottaa RUN-FLAT- ja matalaprofiilirenkaiden k\u00e4sittely\u00e4<\/li>\n<li><strong>2-nopeuksinen py\u00f6ritys:<\/strong> Nopeuttaa ja helpottaa renkaiden asennusta.<\/li>\n<li>\n<div class=\"flex max-w-full flex-col flex-grow\">\n<div class=\"min-h-8 text-message flex w-full flex-col items-end gap-2 whitespace-normal break-words text-start [.text-message+&amp;]:mt-5\" dir=\"auto\" data-message-author-role=\"assistant\" data-message-id=\"7f4f6213-b0db-4ef4-90b8-8cbf69778350\" data-message-model-slug=\"gpt-4o\">\n<div class=\"flex w-full flex-col gap-1 empty:hidden first:pt-[3px]\">\n<div class=\"markdown prose w-full break-words dark:prose-invert light\">\n<p><strong>Pikas\u00e4\u00e4t\u00f6 asennusp\u00e4\u00e4h\u00e4n: <\/strong>Mahdollistaa asennusp\u00e4\u00e4n helpon ja nopean s\u00e4\u00e4d\u00f6n.<\/p>\n<\/div>\n<\/div>\n<\/div>\n<\/div>\n<\/li>\n<li><strong>Maksimi rengashalkaisija:<\/strong> 1110 mm<\/li>\n<li><strong>Maksimi renkaan leveys:<\/strong> 385 mm<\/li>\n<li><strong>Taakse kallistuva puomi<\/strong><\/li>\n<li><strong>S\u00e4\u00e4dett\u00e4v\u00e4 palteenirroittaja:<\/strong> 2 asentoa<\/li>\n<li><strong>Voimakas palteenirroittaja: <\/strong>Puristusvoima: 2600 kg<\/li>\n<li><strong>Automaattinen digitaalinen ilmant\u00e4ytt\u00f6laite<\/strong><\/li>\n<li><strong>Virtal\u00e4hde:<\/strong> 400V<\/li>\n<li><strong>Paino:<\/strong> 335 kg<\/li>\n<\/ul>\n<p>T\u00e4m\u00e4 renkaidenvaihtokone on suunniteltu henkil\u00f6autojen, maastoautojen ja pakettiautojen renkaiden asennukseen jopa 26\u2033 asti. 3R-apuvarren ansiosta kone soveltuu t\u00e4ydellisesti my\u00f6s RUN-FLAT- ja matalaprofiilirenkaiden k\u00e4sittelyyn.<\/p>\n<p>Koneen vankka rakenne ja korkealaatuiset materiaalit takaavat erinomaisen kest\u00e4vyyden ja pitk\u00e4n k\u00e4ytt\u00f6i\u00e4n.<\/p>\n<p>MK-250E 3R:ss\u00e4 on paineilmatoiminen taakse kallistuva puomi, 3R-apuvarsi ja kaksinopeuksinen asennusp\u00f6yt\u00e4, mik\u00e4 tekee siit\u00e4 monipuolisen ja tehokkaan kaikenlaisiin rengast\u00f6ihin.<\/p>\n<p>&nbsp;<\/p>\n<ul>\n<li>CE-hyv\u00e4ksytty.<\/li>\n<li>12 kuukauden takuu.<\/li>\n<li>Kaikki varaosat saatavilla.<\/li>\n<\/ul>\n","protected":false},"featured_media":22509,"template":"","meta":{"_acf_changed":false,"_seopress_robots_primary_cat":"none","_seopress_titles_title":"","_seopress_titles_desc":"","_seopress_robots_index":"","_seopress_analysis_target_kw":""},"product_cat":[188,39,566],"product_tag":[],"class_list":{"0":"post-22494","1":"product","2":"type-product","3":"status-publish","4":"has-post-thumbnail","6":"product_cat-rengaskoneet","7":"product_cat-rengastyo","8":"product_cat-renkaan-asennuskoneet","10":"first","11":"outofstock","12":"sale","13":"taxable","14":"shipping-taxable","15":"purchasable","16":"product-type-simple","swatches":"rey-swatches","show_selected":""},"acf":[],"_links":{"self":[{"href":"https:\/\/toolhouse.fi\/fi\/wp-json\/wp\/v2\/product\/22494","targetHints":{"allow":["GET"]}}],"collection":[{"href":"https:\/\/toolhouse.fi\/fi\/wp-json\/wp\/v2\/product"}],"about":[{"href":"https:\/\/toolhouse.fi\/fi\/wp-json\/wp\/v2\/types\/product"}],"version-history":[{"count":0,"href":"https:\/\/toolhouse.fi\/fi\/wp-json\/wp\/v2\/product\/22494\/revisions"}],"wp:featuredmedia":[{"embeddable":true,"href":"https:\/\/toolhouse.fi\/fi\/wp-json\/wp\/v2\/media\/22509"}],"wp:attachment":[{"href":"https:\/\/toolhouse.fi\/fi\/wp-json\/wp\/v2\/media?parent=22494"}],"wp:term":[{"taxonomy":"product_cat","embeddable":true,"href":"https:\/\/toolhouse.fi\/fi\/wp-json\/wp\/v2\/product_cat?post=22494"},{"taxonomy":"product_tag","embeddable":true,"href":"https:\/\/toolhouse.fi\/fi\/wp-json\/wp\/v2\/product_tag?post=22494"}],"curies":[{"name":"wp","href":"https:\/\/api.w.org\/{rel}","templated":true}]}}