{"id":22577,"date":"2024-12-17T15:05:25","date_gmt":"2024-12-17T13:10:05","guid":{"rendered":"https:\/\/toolhouse.fi\/?post_type=product&#038;p=22577"},"modified":"2026-03-12T13:51:02","modified_gmt":"2026-03-12T11:51:02","slug":"tyontomitta-150mm-keltin","status":"publish","type":"product","link":"https:\/\/toolhouse.fi\/fi\/tuote\/tyontomitta-150mm-keltin\/","title":{"rendered":"Ty\u00f6nt\u00f6mitta 150mm Keltin"},"content":{"rendered":"","protected":false},"excerpt":{"rendered":"<div class=\"flex max-w-full flex-col flex-grow\">\n<div class=\"min-h-8 text-message flex w-full flex-col items-end gap-2 whitespace-normal break-words text-start [.text-message+&amp;]:mt-5\" dir=\"auto\" data-message-author-role=\"assistant\" data-message-id=\"aa7d2340-f5f1-4361-b1bd-0726a630bc64\" data-message-model-slug=\"gpt-4o\">\n<div class=\"flex w-full flex-col gap-1 empty:hidden first:pt-[3px]\">\n<div class=\"markdown prose w-full break-words dark:prose-invert light\">\n<p><strong>Keltin ty\u00f6nt\u00f6mitta<\/strong><\/p>\n<p>Tarkka ty\u00f6nt\u00f6mitta, jossa selke\u00e4t ja helposti luettavat asteikot.<\/p>\n<ul>\n<li>Mittausalue: 0\u2013150 mm<\/li>\n<li>Kokonaispituus: 230 mm<\/li>\n<li>Tarkkuus: 0,02 mm<\/li>\n<li>Materiaali: Karkaistu ter\u00e4s<\/li>\n<li>Millimetriasteikko<\/li>\n<li>Sis\u00e4-, ulko- ja syvyysmittaukseen<\/li>\n<li>Ruuvilukitus<\/li>\n<\/ul>\n<p>Valmistaja: Keltin<\/p>\n<\/div>\n<\/div>\n<\/div>\n<\/div>\n","protected":false},"featured_media":22572,"template":"","meta":{"_acf_changed":false,"_seopress_robots_primary_cat":"","_seopress_titles_title":"","_seopress_titles_desc":"","_seopress_robots_index":""},"product_cat":[491,337,40],"product_tag":[],"class_list":{"0":"post-22577","1":"product","2":"type-product","3":"status-publish","4":"has-post-thumbnail","6":"product_cat-mittavalineet","7":"product_cat-tyokalut","8":"product_cat-korjaamolaitteet","10":"first","11":"instock","12":"taxable","13":"shipping-taxable","14":"purchasable","15":"product-type-simple","swatches":"rey-swatches","show_selected":""},"acf":[],"_links":{"self":[{"href":"https:\/\/toolhouse.fi\/fi\/wp-json\/wp\/v2\/product\/22577","targetHints":{"allow":["GET"]}}],"collection":[{"href":"https:\/\/toolhouse.fi\/fi\/wp-json\/wp\/v2\/product"}],"about":[{"href":"https:\/\/toolhouse.fi\/fi\/wp-json\/wp\/v2\/types\/product"}],"version-history":[{"count":1,"href":"https:\/\/toolhouse.fi\/fi\/wp-json\/wp\/v2\/product\/22577\/revisions"}],"predecessor-version":[{"id":22580,"href":"https:\/\/toolhouse.fi\/fi\/wp-json\/wp\/v2\/product\/22577\/revisions\/22580"}],"wp:featuredmedia":[{"embeddable":true,"href":"https:\/\/toolhouse.fi\/fi\/wp-json\/wp\/v2\/media\/22572"}],"wp:attachment":[{"href":"https:\/\/toolhouse.fi\/fi\/wp-json\/wp\/v2\/media?parent=22577"}],"wp:term":[{"taxonomy":"product_cat","embeddable":true,"href":"https:\/\/toolhouse.fi\/fi\/wp-json\/wp\/v2\/product_cat?post=22577"},{"taxonomy":"product_tag","embeddable":true,"href":"https:\/\/toolhouse.fi\/fi\/wp-json\/wp\/v2\/product_tag?post=22577"}],"curies":[{"name":"wp","href":"https:\/\/api.w.org\/{rel}","templated":true}]}}