{"id":22611,"date":"2024-12-19T16:14:45","date_gmt":"2024-12-19T14:14:45","guid":{"rendered":"https:\/\/toolhouse.fi\/?post_type=product&#038;p=22611"},"modified":"2025-11-06T16:54:53","modified_gmt":"2025-11-06T14:54:53","slug":"jousipuristin-tukikiskolla","status":"publish","type":"product","link":"https:\/\/toolhouse.fi\/fi\/tuote\/jousipuristin-tukikiskolla\/","title":{"rendered":"Jousipuristin tukikiskolla"},"content":{"rendered":"","protected":false},"excerpt":{"rendered":"<p><strong>Vakaa jousipuristin tukikiskolla<\/strong><\/p>\n<p>T\u00e4m\u00e4 jousipuristin on varustettu tukikiskolla, joka est\u00e4\u00e4 tehokkaasti jousen irtoamisen vahingossa ja varmistaa puristimen oikean linjauksen kuormituksen aikana.<\/p>\n<p>Jousipuristin on suunniteltu toimimaan sek\u00e4 oikealle ett\u00e4 vasemmalle kiertyvien jousien kanssa, esimerkiksi Nissan Qashqain ja Honda CR-V:n jousissa.<\/p>\n<ul>\n<li>Ty\u00f6skentelyalue: 23\u2013280 mm<\/li>\n<li>Puristuskapasiteetti: 1200 kg\/pari<\/li>\n<\/ul>\n<div class=\"WysiwygContent\">\n<ul>\n<li>Puristimia k\u00e4ytet\u00e4\u00e4n 19mm hylsyavaimella tai kiintoavaimella.<\/li>\n<li><span style=\"background-color: var(--body-bg-color); color: var(--body-color); font-family: var(--body-font-family),sans-serif; font-size: 1.125rem; font-weight: var(--body-font-weight,400);\">S\u00e4\u00e4dett\u00e4v\u00e4 tukikisko<\/span><\/li>\n<li>Paino: 4,5 kg<\/li>\n<\/ul>\n<\/div>\n<p>Valmistaja: Geko<\/p>\n","protected":false},"featured_media":22601,"template":"","meta":{"_acf_changed":false,"_seopress_robots_primary_cat":"none","_seopress_titles_title":"","_seopress_titles_desc":"","_seopress_robots_index":""},"product_cat":[481,339,40],"product_tag":[],"class_list":{"0":"post-22611","1":"product","2":"type-product","3":"status-publish","4":"has-post-thumbnail","6":"product_cat-alusta-ja-voimansiirtotyokalut","7":"product_cat-autotyokalut","8":"product_cat-korjaamolaitteet","10":"first","11":"instock","12":"taxable","13":"shipping-taxable","14":"purchasable","15":"product-type-simple","swatches":"rey-swatches","show_selected":""},"acf":[],"_links":{"self":[{"href":"https:\/\/toolhouse.fi\/fi\/wp-json\/wp\/v2\/product\/22611","targetHints":{"allow":["GET"]}}],"collection":[{"href":"https:\/\/toolhouse.fi\/fi\/wp-json\/wp\/v2\/product"}],"about":[{"href":"https:\/\/toolhouse.fi\/fi\/wp-json\/wp\/v2\/types\/product"}],"version-history":[{"count":2,"href":"https:\/\/toolhouse.fi\/fi\/wp-json\/wp\/v2\/product\/22611\/revisions"}],"predecessor-version":[{"id":28319,"href":"https:\/\/toolhouse.fi\/fi\/wp-json\/wp\/v2\/product\/22611\/revisions\/28319"}],"wp:featuredmedia":[{"embeddable":true,"href":"https:\/\/toolhouse.fi\/fi\/wp-json\/wp\/v2\/media\/22601"}],"wp:attachment":[{"href":"https:\/\/toolhouse.fi\/fi\/wp-json\/wp\/v2\/media?parent=22611"}],"wp:term":[{"taxonomy":"product_cat","embeddable":true,"href":"https:\/\/toolhouse.fi\/fi\/wp-json\/wp\/v2\/product_cat?post=22611"},{"taxonomy":"product_tag","embeddable":true,"href":"https:\/\/toolhouse.fi\/fi\/wp-json\/wp\/v2\/product_tag?post=22611"}],"curies":[{"name":"wp","href":"https:\/\/api.w.org\/{rel}","templated":true}]}}