{"id":22704,"date":"2024-12-27T16:18:24","date_gmt":"2024-12-27T14:18:24","guid":{"rendered":"https:\/\/toolhouse.fi\/?post_type=product&#038;p=22704"},"modified":"2026-04-09T18:10:24","modified_gmt":"2026-04-09T15:10:24","slug":"ajoitustyokalu-citroen-peugeot-mini-n12-n14-1-4-vti-1-6-thp","status":"publish","type":"product","link":"https:\/\/toolhouse.fi\/fi\/tuote\/ajoitustyokalu-citroen-peugeot-mini-n12-n14-1-4-vti-1-6-thp\/","title":{"rendered":"Ajoitusty\u00f6kalu Citroen Peugeot Mini N12 N14 1.4 VTi 1.6 THP"},"content":{"rendered":"","protected":false},"excerpt":{"rendered":"<p>Lukitusty\u00f6kalu CITRO\u00cbN-, PEUGEOT- ja MINI-henkil\u00f6autoille, joissa on N12 tai N14, 1.4 VTi- ja 1.6 THP -bensiinimoottorit.<\/p>\n<p><strong>CITRO\u00cbN:<\/strong><\/p>\n<ul>\n<li>C3 III: EP3C (8F01), EP6C (5F01)<\/li>\n<li>C3 Picasso: EP3 (8FS), EP3C (8F01), EP6 (5FW)<\/li>\n<li>C4, C4 Picasso: EP6 (5FW), EP6DT (5FX)<\/li>\n<li>C5 III: EP6CDT (5F04)<\/li>\n<li>DS3: EP3 (8FS), EP6C (5F01), EP6DT (5FX)<\/li>\n<\/ul>\n<p><strong>PEUGEOT:<\/strong><\/p>\n<ul>\n<li>207: EP3 (8FS), EP6 (5FW), EP6C (5F01), EP6DT (5FX), EP5DTS (5FY)<\/li>\n<li>308: EP3 (8FS), EP3C (8F01), EP6 (5FW), EP6C (5F01), EP6CDTX (5FU), EP6DT (5FX), EP6DTS (5FY)<\/li>\n<li>3008: EP6 (5FW), EP6C (5F01), EP6DT (5FX), EP6CDT (5F04)<\/li>\n<li>5008: EP6 (5FX), EP6C (5F01), EP6CDT (5F04)<\/li>\n<li>RCZ: EP6CDTX (5FU), EP6CDT (5F04)<\/li>\n<\/ul>\n<p><strong>MINI:<\/strong><\/p>\n<ul>\n<li>MINI R55 R56 Cooper<\/li>\n<li>MINI One R56<\/li>\n<\/ul>\n<p><strong>OEM:<\/strong><\/p>\n<ul>\n<li>0197-A1<\/li>\n<li>0197-A2<\/li>\n<li>0197-A3<\/li>\n<li>0197-B<\/li>\n<li>0197-M<\/li>\n<li>11.9.340<\/li>\n<li>11.9.540<\/li>\n<li>11.9.550<\/li>\n<li>11.9.590<\/li>\n<\/ul>\n<p><strong>Valmistaja:<\/strong> Geko<\/p>\n","protected":false},"featured_media":22700,"template":"","meta":{"_acf_changed":false,"_seopress_robots_primary_cat":"none","_seopress_titles_title":"","_seopress_titles_desc":"","_seopress_robots_index":""},"product_cat":[339,480,40],"product_tag":[],"class_list":{"0":"post-22704","1":"product","2":"type-product","3":"status-publish","4":"has-post-thumbnail","6":"product_cat-autotyokalut","7":"product_cat-moottorityokalut","8":"product_cat-korjaamolaitteet","10":"first","11":"instock","12":"taxable","13":"shipping-taxable","14":"purchasable","15":"product-type-simple","swatches":"rey-swatches","show_selected":""},"acf":[],"_links":{"self":[{"href":"https:\/\/toolhouse.fi\/fi\/wp-json\/wp\/v2\/product\/22704","targetHints":{"allow":["GET"]}}],"collection":[{"href":"https:\/\/toolhouse.fi\/fi\/wp-json\/wp\/v2\/product"}],"about":[{"href":"https:\/\/toolhouse.fi\/fi\/wp-json\/wp\/v2\/types\/product"}],"version-history":[{"count":2,"href":"https:\/\/toolhouse.fi\/fi\/wp-json\/wp\/v2\/product\/22704\/revisions"}],"predecessor-version":[{"id":22708,"href":"https:\/\/toolhouse.fi\/fi\/wp-json\/wp\/v2\/product\/22704\/revisions\/22708"}],"wp:featuredmedia":[{"embeddable":true,"href":"https:\/\/toolhouse.fi\/fi\/wp-json\/wp\/v2\/media\/22700"}],"wp:attachment":[{"href":"https:\/\/toolhouse.fi\/fi\/wp-json\/wp\/v2\/media?parent=22704"}],"wp:term":[{"taxonomy":"product_cat","embeddable":true,"href":"https:\/\/toolhouse.fi\/fi\/wp-json\/wp\/v2\/product_cat?post=22704"},{"taxonomy":"product_tag","embeddable":true,"href":"https:\/\/toolhouse.fi\/fi\/wp-json\/wp\/v2\/product_tag?post=22704"}],"curies":[{"name":"wp","href":"https:\/\/api.w.org\/{rel}","templated":true}]}}