{"id":2272,"date":"2021-01-10T10:51:24","date_gmt":"2021-01-10T08:51:24","guid":{"rendered":"https:\/\/toolhouse.fi\/produkt\/osienpesulaite-d-440\/"},"modified":"2025-04-01T01:00:02","modified_gmt":"2025-03-31T22:00:02","slug":"osienpesulaite-d-440","status":"publish","type":"product","link":"https:\/\/toolhouse.fi\/fi\/tuote\/osienpesulaite-d-440\/","title":{"rendered":"Osienpesulaite D-440."},"content":{"rendered":"<table class=\"n54117_dictionary\">\n<tbody>\n<tr>\n<td class=\"n54117_item_a1\"><span style=\"color: #282828;\">Pesuliuoksen maksimikapasiteetti<span class=\"n67256colon\">:<\/span><\/span><\/td>\n<td class=\"n54117_item_b1\">\n<div class=\"n54117_item_b_sub\"><span style=\"color: #282828;\">76L<\/span><\/div>\n<\/td>\n<\/tr>\n<tr>\n<td class=\"n54117_item_a2\"><span style=\"color: #282828;\">Pesuliuoksen min. kapasiteetti <span class=\"n67256colon\">:<\/span><\/span><\/td>\n<td class=\"n54117_item_b2\"><span style=\"color: #282828;\">40%<\/span><\/td>\n<\/tr>\n<tr>\n<td class=\"n54117_item_a1\"><span class=\"n67256colon\" style=\"color: #282828;\">Pumpun maksimiteho:<\/span><\/td>\n<td class=\"n54117_item_b1\">\n<div class=\"n54117_item_b_sub\"><span style=\"color: #282828;\">12 L \/ min<\/span><\/div>\n<\/td>\n<\/tr>\n<tr>\n<td class=\"n54117_item_a2\"><span style=\"color: #282828;\">S\u00e4\u00e4dett\u00e4v\u00e4 pesuhanan pituus <span class=\"n67256colon\">:<\/span><\/span><\/td>\n<td class=\"n54117_item_b2\">\n<div class=\"n54117_item_b_sub\"><span style=\"color: #282828;\">30 cm<\/span><\/div>\n<\/td>\n<\/tr>\n<tr>\n<td class=\"n54117_item_a1\"><span style=\"color: #282828;\">Mitat (L x S x K) <span class=\"n67256colon\">:<\/span><\/span><\/td>\n<td class=\"n54117_item_b1\"><span style=\"color: #282828;\">781 x 539 x \u200b\u200b875 mm<\/span><\/td>\n<\/tr>\n<tr>\n<td class=\"n54117_item_a2\"><span style=\"color: #282828;\">J\u00e4nnite<span class=\"n67256colon\">:<\/span><\/span><\/td>\n<td class=\"n54117_item_b2\">\n<div class=\"n54117_item_b_sub\"><span style=\"color: #282828;\">230V 50Hz<\/span><\/div>\n<\/td>\n<\/tr>\n<tr>\n<td class=\"n54117_item_a1\"><span style=\"color: #282828;\">Soveltuu ainoastaan <\/span><\/p>\n<p><span style=\"color: #282828;\">palamattomille nesteille<\/span><\/td>\n<td class=\"n54117_item_b1\">\n<div class=\"n54117_item_b_sub\"><\/div>\n<\/td>\n<\/tr>\n<tr>\n<td class=\"n54117_item_a2\"><\/td>\n<td class=\"n54117_item_b2\">\n<div class=\"n54117_item_b_sub\"><\/div>\n<\/td>\n<\/tr>\n<tr>\n<td class=\"n54117_item_a1\"><span class=\"n67256colon\" style=\"color: #282828;\">Paino:<\/span><\/td>\n<td class=\"n54117_item_b1\">\n<div class=\"n54117_item_b_sub\"><span style=\"color: #282828;\">28 kg<\/span><\/div>\n<\/td>\n<\/tr>\n<tr>\n<td class=\"n54117_item_a2\"><span style=\"color: #282828;\">Takuu:<\/span><\/td>\n<td class=\"n54117_item_b2\">\n<div class=\"n54117_item_b_sub\"><span style=\"color: #282828;\">1 vuosi<\/span><\/div>\n<\/td>\n<\/tr>\n<tr>\n<td class=\"n54117_item_a1\"><span style=\"color: #282828;\">CE-Hyv\u00e4ksytty <span class=\"n67256colon\">:<\/span><\/span><\/td>\n<td class=\"n54117_item_b1\">\n<div class=\"n54117_item_b_sub\"><span style=\"color: #282828;\">Kyll\u00e4<\/span><\/div>\n<\/td>\n<\/tr>\n<\/tbody>\n<\/table>\n","protected":false},"excerpt":{"rendered":"<p>&nbsp;<\/p>\n<h3>Redats D-440<\/h3>\n<p>&nbsp;<\/p>\n<p>K\u00e4tev\u00e4 osapesuri korjaamo- ja harrastek\u00e4ytt\u00f6\u00f6n.<\/p>\n<p>Tehokas pumppu: 12 l \/ min.<\/p>\n<p>Laite kierr\u00e4tt\u00e4\u00e4 tehokkaasti pesuliuosta pesun aikana.<\/p>\n<p>S\u00e4\u00e4dett\u00e4v\u00e4 ja tehokas metalliputkella varustettu pesusuutin.<\/p>\n<p>Laitteen pohjaritil\u00e4 on irroitettavissa.<\/p>\n<p>Soveltuu esimerkiksi moottoreiden ja koneiden osapesuun.<\/p>\n","protected":false},"featured_media":7067,"template":"","meta":{"_acf_changed":false,"_seopress_robots_primary_cat":"","_seopress_titles_title":"","_seopress_titles_desc":"","_seopress_robots_index":"","_seopress_analysis_target_kw":""},"product_cat":[335,40],"product_tag":[],"class_list":{"0":"post-2272","1":"product","2":"type-product","3":"status-publish","4":"has-post-thumbnail","6":"product_cat-osienpesu","7":"product_cat-korjaamolaitteet","8":"product_shipping_class-frakt-1390-fi","10":"first","11":"instock","12":"sale","13":"taxable","14":"shipping-taxable","15":"purchasable","16":"product-type-simple","swatches":"rey-swatches","show_selected":""},"acf":[],"_links":{"self":[{"href":"https:\/\/toolhouse.fi\/fi\/wp-json\/wp\/v2\/product\/2272","targetHints":{"allow":["GET"]}}],"collection":[{"href":"https:\/\/toolhouse.fi\/fi\/wp-json\/wp\/v2\/product"}],"about":[{"href":"https:\/\/toolhouse.fi\/fi\/wp-json\/wp\/v2\/types\/product"}],"version-history":[{"count":0,"href":"https:\/\/toolhouse.fi\/fi\/wp-json\/wp\/v2\/product\/2272\/revisions"}],"wp:featuredmedia":[{"embeddable":true,"href":"https:\/\/toolhouse.fi\/fi\/wp-json\/wp\/v2\/media\/7067"}],"wp:attachment":[{"href":"https:\/\/toolhouse.fi\/fi\/wp-json\/wp\/v2\/media?parent=2272"}],"wp:term":[{"taxonomy":"product_cat","embeddable":true,"href":"https:\/\/toolhouse.fi\/fi\/wp-json\/wp\/v2\/product_cat?post=2272"},{"taxonomy":"product_tag","embeddable":true,"href":"https:\/\/toolhouse.fi\/fi\/wp-json\/wp\/v2\/product_tag?post=2272"}],"curies":[{"name":"wp","href":"https:\/\/api.w.org\/{rel}","templated":true}]}}