{"id":22723,"date":"2024-12-27T17:28:30","date_gmt":"2024-12-27T15:28:30","guid":{"rendered":"https:\/\/toolhouse.fi\/?post_type=product&#038;p=22723"},"modified":"2026-03-11T18:35:17","modified_gmt":"2026-03-11T16:35:17","slug":"ajoitustyokalu-ford-1-6-ti-vct","status":"publish","type":"product","link":"https:\/\/toolhouse.fi\/fi\/tuote\/ajoitustyokalu-ford-1-6-ti-vct\/","title":{"rendered":"Ajoitusty\u00f6kalu FORD 1.6 Ti-VCT"},"content":{"rendered":"","protected":false},"excerpt":{"rendered":"<p>Lukitusty\u00f6kalu, joka on yhteensopiva 1.6 TI-VCT bensiinimoottorien kanssa. Ty\u00f6kalu mahdollistaa vaivattoman jakohihnan vaihdon ja venttiiliajoitusten s\u00e4\u00e4d\u00f6n.<\/p>\n<p><strong>Soveltuvuus (FORD):<\/strong><\/p>\n<ul>\n<li>C-MAX (07\u201312)<\/li>\n<li>Fiesta (08\u201312)<\/li>\n<li>Focus (04\u201312)<\/li>\n<li>Focus C-MAX (03\u201307)<\/li>\n<li>Grand C-MAX (10\u201312)<\/li>\n<li>Mondeo (07\u201310)<\/li>\n<\/ul>\n<p><strong>Moottori:<\/strong> 1.6 TI-VCT<br \/>\n<strong>Moottorikoodit:<\/strong> HXJA, HXJB, HXDA, IQDA, IQDB, PNBA, PNDA, RHBA, SIDA, 1.6Ti-VCTFFV, PNDA<\/p>\n<p><strong>Valmistaja:<\/strong> Geko<\/p>\n","protected":false},"featured_media":22719,"template":"","meta":{"_acf_changed":false,"_seopress_robots_primary_cat":"","_seopress_titles_title":"","_seopress_titles_desc":"","_seopress_robots_index":""},"product_cat":[339,480,40],"product_tag":[],"class_list":{"0":"post-22723","1":"product","2":"type-product","3":"status-publish","4":"has-post-thumbnail","6":"product_cat-autotyokalut","7":"product_cat-moottorityokalut","8":"product_cat-korjaamolaitteet","10":"first","11":"instock","12":"taxable","13":"shipping-taxable","14":"purchasable","15":"product-type-simple","swatches":"rey-swatches","show_selected":""},"acf":[],"_links":{"self":[{"href":"https:\/\/toolhouse.fi\/fi\/wp-json\/wp\/v2\/product\/22723","targetHints":{"allow":["GET"]}}],"collection":[{"href":"https:\/\/toolhouse.fi\/fi\/wp-json\/wp\/v2\/product"}],"about":[{"href":"https:\/\/toolhouse.fi\/fi\/wp-json\/wp\/v2\/types\/product"}],"version-history":[{"count":0,"href":"https:\/\/toolhouse.fi\/fi\/wp-json\/wp\/v2\/product\/22723\/revisions"}],"wp:featuredmedia":[{"embeddable":true,"href":"https:\/\/toolhouse.fi\/fi\/wp-json\/wp\/v2\/media\/22719"}],"wp:attachment":[{"href":"https:\/\/toolhouse.fi\/fi\/wp-json\/wp\/v2\/media?parent=22723"}],"wp:term":[{"taxonomy":"product_cat","embeddable":true,"href":"https:\/\/toolhouse.fi\/fi\/wp-json\/wp\/v2\/product_cat?post=22723"},{"taxonomy":"product_tag","embeddable":true,"href":"https:\/\/toolhouse.fi\/fi\/wp-json\/wp\/v2\/product_tag?post=22723"}],"curies":[{"name":"wp","href":"https:\/\/api.w.org\/{rel}","templated":true}]}}