{"id":22762,"date":"2024-12-30T15:37:38","date_gmt":"2024-12-30T13:37:38","guid":{"rendered":"https:\/\/toolhouse.fi\/?post_type=product&#038;p=22762"},"modified":"2026-02-17T15:31:11","modified_gmt":"2026-02-17T13:31:11","slug":"ajoitustyokalu-vag-1-8-2-0-ea888","status":"publish","type":"product","link":"https:\/\/toolhouse.fi\/fi\/tuote\/ajoitustyokalu-vag-1-8-2-0-ea888\/","title":{"rendered":"Ajoitusty\u00f6kalu VAG 1.8, 2.0, EA888"},"content":{"rendered":"","protected":false},"excerpt":{"rendered":"<div class=\"flex-1 overflow-hidden @container\/thread\">\n<div class=\"h-full\">\n<div class=\"react-scroll-to-bottom--css-zprne-79elbk h-full\">\n<div class=\"react-scroll-to-bottom--css-zprne-1n7m0yu\">\n<div class=\"flex flex-col text-sm md:pb-9\">\n<article class=\"w-full scroll-mb-[var(--thread-trailing-height,150px)] text-token-text-primary focus-visible:outline-2 focus-visible:outline-offset-[-4px]\" dir=\"auto\" data-testid=\"conversation-turn-195\" data-scroll-anchor=\"true\">\n<div class=\"m-auto text-base py-[18px] px-3 md:px-4 w-full md:px-5 lg:px-4 xl:px-5\">\n<div class=\"mx-auto flex flex-1 gap-4 text-base md:gap-5 lg:gap-6 md:max-w-3xl lg:max-w-[40rem] xl:max-w-[48rem]\">\n<div class=\"group\/conversation-turn relative flex w-full min-w-0 flex-col agent-turn\">\n<div class=\"flex-col gap-1 md:gap-3\">\n<div class=\"flex max-w-full flex-col flex-grow\">\n<div class=\"min-h-8 text-message flex w-full flex-col items-end gap-2 whitespace-normal break-words text-start [.text-message+&amp;]:mt-5\" dir=\"auto\" data-message-author-role=\"assistant\" data-message-id=\"db351ea0-786b-4de9-b106-fc5d2138360a\" data-message-model-slug=\"gpt-4o\">\n<div class=\"flex w-full flex-col gap-1 empty:hidden first:pt-[3px]\">\n<div class=\"markdown prose w-full break-words dark:prose-invert light\">\n<p><strong>Lukitusty\u00f6kalu VAG 1.8 2.0 TSI TFSI<\/strong><\/p>\n<p>Sopii TSI\/TFSI EA888 -moottoreille .<\/p>\n<p><strong>4-sylinteriset bensiinimoottorit:<\/strong><\/p>\n<ul>\n<li>1.8L R4 16v TSI\/TFSI<\/li>\n<li>2.0L R4 16v TSI\/TFSI<\/li>\n<li>Sopii VAG-sarjan TSI- ja TFSI EA888-moottoreille (1.8L ja 2.0L) vuosilta 2006\u20132013<\/li>\n<\/ul>\n<p><strong>Sarjan sis\u00e4lt\u00f6:<\/strong><br \/>\nTy\u00f6kalut OEM-merkinn\u00f6ill\u00e4:<br \/>\nT10352, T10352\/1, T10352\/2, T10368, T40196, T10354, T10060A, T40011, T40265, T40267, T40271<\/p>\n<p><strong>1.8 R4 16v TSI\/TFSI (EA888):<\/strong><\/p>\n<ul>\n<li><strong>Audi:<\/strong> TT Mk2 (8J), A3 (8P), A4 (B7 ja B8), A5<\/li>\n<li><strong>SEAT:<\/strong> Leon Mk2 (1P), Altea XL<\/li>\n<li><strong>\u0160koda:<\/strong> Yeti, Octavia Mk2 (1Z), Superb Mk2 (3T)<\/li>\n<li><strong>VW:<\/strong> Jetta Mk5\/Sagitar, Passat B6, Passat CC<\/li>\n<\/ul>\n<p><strong>2.0 R4 16v TSI\/TFSI (EA888):<\/strong><\/p>\n<ul>\n<li><strong>VW:<\/strong> Jetta Mk5 ja Mk6, Passat B6, CC, Scirocco, Golf Mk6 GTI<\/li>\n<li><strong>Audi:<\/strong> A3 (8P), A3 Cabriolet, TT Mk2 (8J), A4 (B8), Q5, A5, Q3<\/li>\n<li><strong>\u0160koda:<\/strong> Superb Mk2 (3T), Octavia<\/li>\n<li><strong>SEAT:<\/strong> Altea Freetrack, Leon FR, Exeo<\/li>\n<\/ul>\n<p><strong>Moottorikoodit:<\/strong><br \/>\nBYT, BZB, CABA, CABB, CABD, CADA, CAEA, CAEB, CAWA, CAWB, CBFA, CCTA, CCZA, CCZB, CCZC, CDAA, CDAB, CDHA, CDHB, CDNB, CDNC, CDND, CESA, CETA, CFKA, CGYA, CJEB, CJBA, CJSB.<\/p>\n<p><strong>Valmistaja:<\/strong> Geko<\/p>\n<\/div>\n<\/div>\n<\/div>\n<\/div>\n<\/div>\n<\/div>\n<\/div>\n<\/div>\n<\/article>\n<\/div>\n<\/div>\n<\/div>\n<\/div>\n<\/div>\n<div class=\"md:pt-0 dark:border-white\/20 md:border-transparent md:dark:border-transparent w-full\">\n<div>\n<div class=\"m-auto text-base px-3 md:px-4 w-full md:px-5 lg:px-4 xl:px-5\">\n<div class=\"mx-auto flex flex-1 gap-4 text-base md:gap-5 lg:gap-6 md:max-w-3xl lg:max-w-[40rem] xl:max-w-[48rem]\">\n<form class=\"w-full\" aria-haspopup=\"dialog\" aria-expanded=\"false\" aria-controls=\"radix-:R7j4uiiklj5:\" data-state=\"closed\">\n<div class=\"relative flex h-full max-w-full flex-1 flex-col\">\n<div class=\"group relative flex w-full items-center\">\n<div class=\"w-full\">\n<div id=\"composer-background\" class=\"flex w-full cursor-text flex-col rounded-3xl px-2.5 py-1 transition-colors contain-inline-size bg-[#f4f4f4] dark:bg-token-main-surface-secondary\">\n<div class=\"flex h-[44px] items-center justify-between\">\n<div class=\"flex gap-x-1\">\n<div><\/div>\n<div>\n<div><\/div>\n<\/div>\n<\/div>\n<div class=\"min-w-8\">\n<div class=\"relative h-8 w-8\">\n<div class=\"flex h-full w-full items-center justify-center rounded-full\">\n<div class=\"relative h-full w-full\">\n<div class=\"absolute inset-0 flex items-center justify-center\"><\/div>\n<\/div>\n<\/div>\n<\/div>\n<\/div>\n<\/div>\n<\/div>\n<\/div>\n<\/div>\n<\/div>\n<\/form>\n<\/div>\n<\/div>\n<div class=\"relative w-full px-2 py-2 text-center text-xs text-token-text-secondary empty:hidden md:px-[60px]\">\n<div class=\"min-h-4\">\n<div><\/div>\n<\/div>\n<\/div>\n<\/div>\n<\/div>\n","protected":false},"featured_media":22756,"template":"","meta":{"_acf_changed":false,"_seopress_robots_primary_cat":"","_seopress_titles_title":"","_seopress_titles_desc":"","_seopress_robots_index":"","_seopress_analysis_target_kw":""},"product_cat":[339,480,40],"product_tag":[],"class_list":{"0":"post-22762","1":"product","2":"type-product","3":"status-publish","4":"has-post-thumbnail","6":"product_cat-autotyokalut","7":"product_cat-moottorityokalut","8":"product_cat-korjaamolaitteet","10":"first","11":"instock","12":"taxable","13":"shipping-taxable","14":"purchasable","15":"product-type-simple","swatches":"rey-swatches","show_selected":""},"acf":[],"_links":{"self":[{"href":"https:\/\/toolhouse.fi\/fi\/wp-json\/wp\/v2\/product\/22762","targetHints":{"allow":["GET"]}}],"collection":[{"href":"https:\/\/toolhouse.fi\/fi\/wp-json\/wp\/v2\/product"}],"about":[{"href":"https:\/\/toolhouse.fi\/fi\/wp-json\/wp\/v2\/types\/product"}],"version-history":[{"count":0,"href":"https:\/\/toolhouse.fi\/fi\/wp-json\/wp\/v2\/product\/22762\/revisions"}],"wp:featuredmedia":[{"embeddable":true,"href":"https:\/\/toolhouse.fi\/fi\/wp-json\/wp\/v2\/media\/22756"}],"wp:attachment":[{"href":"https:\/\/toolhouse.fi\/fi\/wp-json\/wp\/v2\/media?parent=22762"}],"wp:term":[{"taxonomy":"product_cat","embeddable":true,"href":"https:\/\/toolhouse.fi\/fi\/wp-json\/wp\/v2\/product_cat?post=22762"},{"taxonomy":"product_tag","embeddable":true,"href":"https:\/\/toolhouse.fi\/fi\/wp-json\/wp\/v2\/product_tag?post=22762"}],"curies":[{"name":"wp","href":"https:\/\/api.w.org\/{rel}","templated":true}]}}