{"id":22779,"date":"2024-12-30T15:55:56","date_gmt":"2024-12-30T13:55:56","guid":{"rendered":"https:\/\/toolhouse.fi\/?post_type=product&#038;p=22779"},"modified":"2026-01-02T11:08:02","modified_gmt":"2026-01-02T09:08:02","slug":"ajoitustyoka-opel-nissan-renault-1-6-2-0-2-3-dci-cdti","status":"publish","type":"product","link":"https:\/\/toolhouse.fi\/fi\/tuote\/ajoitustyoka-opel-nissan-renault-1-6-2-0-2-3-dci-cdti\/","title":{"rendered":"Ajoitusty\u00f6kalu OPEL, NISSAN, RENAULT, 1.6, 2.0, 2.3, DCI, CDTI"},"content":{"rendered":"","protected":false},"excerpt":{"rendered":"<p><strong>Lukitusty\u00f6kalu OPEL NISSAN RENAULT 1.6 2.0 2.3 DCI TDCI<\/strong><\/p>\n<p><strong>Sarjan sis\u00e4lt\u00f6:<\/strong><\/p>\n<ul>\n<li>Kampiakselin lukitusty\u00f6kalu<\/li>\n<li>Kiristimen lukitustappi<\/li>\n<li>Kampiakselin hihnapy\u00f6r\u00e4n pidin (OEM: MOT 1770 \/ EN48334)<\/li>\n<li>Nokka-akselin asennusty\u00f6kalu (OEM: MOT1769 \/ EN48332)<\/li>\n<li>Nokka-akselin hammaspy\u00f6r\u00e4n kohdistuslevy (OEM: MOT 1773 \/ EN48331)<\/li>\n<li>Kampiakselin lukitustappi (OEM: MOT1776 \/ EN48330)<\/li>\n<li>Ketjunkiristimen lukitustappi<\/li>\n<li>M6-pultti (k\u00e4ytett\u00e4v\u00e4ksi nokka-akselin asennusty\u00f6kalun kanssa)<\/li>\n<li>4 mm kuusiokoloavain (k\u00e4ytett\u00e4v\u00e4ksi kohdistuslevyn kanssa)<\/li>\n<\/ul>\n<p><strong>K\u00e4ytt\u00f6kohteet:<\/strong><\/p>\n<ul>\n<li><strong>Nissan<\/strong>: Primastar X83 (06\u201310), Qashqai\/Qashqai+2 J10 (07\u201310), X-Trail T31 (07\u201314)<\/li>\n<li><strong>Renault<\/strong>: Espace\/Grand Espace IV (06\u201310), Koleos (08\u201311), Laguna II (05\u201307), Laguna III (07\u201314), Master III (10\u201315), Megane II (06\u201310), Scenic\/Grand Scenic II (06\u201309), Scenic\/Grand Scenic III (09\u201315), Trafic II (06\u201312), Vel Satis (05\u201310)<\/li>\n<li><strong>Opel<\/strong>: Movano-B (10\u201315), Vivaro (06\u201315)<\/li>\n<\/ul>\n<p><strong>Moottorikoodit:<\/strong><\/p>\n<ul>\n<li><strong>Renault<\/strong>: M9R 700, M9R 721, M9R 724, M9R 740, M9R 742, M9R 746, M9R 760, M9R 761, M9R 780, M9R 802, M9R 805, M9R 830, M9R 832, M9R 833<\/li>\n<li><strong>Nissan<\/strong>: M9R 780, M9R 830, M9R 832, M9R 833<\/li>\n<li><strong>Opel<\/strong>: M9R 780, M9R 782, M9R 784<\/li>\n<\/ul>\n<p><strong>Valmistaja:<\/strong> Geko<\/p>\n","protected":false},"featured_media":22773,"template":"","meta":{"_acf_changed":false,"_seopress_robots_primary_cat":"none","_seopress_titles_title":"","_seopress_titles_desc":"","_seopress_robots_index":"","_seopress_analysis_target_kw":""},"product_cat":[339,480,40],"product_tag":[],"class_list":{"0":"post-22779","1":"product","2":"type-product","3":"status-publish","4":"has-post-thumbnail","6":"product_cat-autotyokalut","7":"product_cat-moottorityokalut","8":"product_cat-korjaamolaitteet","10":"first","11":"instock","12":"taxable","13":"shipping-taxable","14":"purchasable","15":"product-type-simple","swatches":"rey-swatches","show_selected":""},"acf":[],"_links":{"self":[{"href":"https:\/\/toolhouse.fi\/fi\/wp-json\/wp\/v2\/product\/22779","targetHints":{"allow":["GET"]}}],"collection":[{"href":"https:\/\/toolhouse.fi\/fi\/wp-json\/wp\/v2\/product"}],"about":[{"href":"https:\/\/toolhouse.fi\/fi\/wp-json\/wp\/v2\/types\/product"}],"version-history":[{"count":0,"href":"https:\/\/toolhouse.fi\/fi\/wp-json\/wp\/v2\/product\/22779\/revisions"}],"wp:featuredmedia":[{"embeddable":true,"href":"https:\/\/toolhouse.fi\/fi\/wp-json\/wp\/v2\/media\/22773"}],"wp:attachment":[{"href":"https:\/\/toolhouse.fi\/fi\/wp-json\/wp\/v2\/media?parent=22779"}],"wp:term":[{"taxonomy":"product_cat","embeddable":true,"href":"https:\/\/toolhouse.fi\/fi\/wp-json\/wp\/v2\/product_cat?post=22779"},{"taxonomy":"product_tag","embeddable":true,"href":"https:\/\/toolhouse.fi\/fi\/wp-json\/wp\/v2\/product_tag?post=22779"}],"curies":[{"name":"wp","href":"https:\/\/api.w.org\/{rel}","templated":true}]}}