{"id":22798,"date":"2024-12-30T16:50:26","date_gmt":"2024-12-30T14:56:46","guid":{"rendered":"https:\/\/toolhouse.fi\/?post_type=product&#038;p=22798"},"modified":"2024-12-30T16:56:47","modified_gmt":"2024-12-30T14:56:47","slug":"ristikkoavain-vahvistettu-355mm","status":"publish","type":"product","link":"https:\/\/toolhouse.fi\/fi\/tuote\/ristikkoavain-vahvistettu-355mm\/","title":{"rendered":"Ristikkoavain vahvistettu 355mm"},"content":{"rendered":"","protected":false},"excerpt":{"rendered":"<p><strong>Vahvistettu ristikkoavain <\/strong><\/p>\n<p>Vankka ja luotettava ristikkoavain, valmistettu seoster\u00e4ksest\u00e4 ja vahvistettu kest\u00e4m\u00e4\u00e4n raskaita kuormituksia. Luistamaton muovipinnoite takaa turvallisen ja mukavan otteen.<\/p>\n<p><strong>Tekniset tiedot:<\/strong><\/p>\n<ul>\n<li>Hylsyt: 17 mm, 19 mm, 21 mm<\/li>\n<li>V\u00e4\u00e4nti\u00f6: 1\/2&#8243;<\/li>\n<li>Pituus: 355 mm<\/li>\n<li>Paino: 1,3 kg<\/li>\n<li>Vahvistettu rakenne maksimaalista kest\u00e4vyytt\u00e4 ja pitk\u00e4\u00e4 k\u00e4ytt\u00f6ik\u00e4\u00e4 varten<\/li>\n<\/ul>\n<p><strong>Valmistaja:<\/strong> Geko<\/p>\n","protected":false},"featured_media":22803,"template":"","meta":{"_acf_changed":false,"_seopress_robots_primary_cat":"","_seopress_titles_title":"","_seopress_titles_desc":"","_seopress_robots_index":""},"product_cat":[487,350,163,337,40],"product_tag":[],"class_list":{"0":"post-22798","1":"product","2":"type-product","3":"status-publish","4":"has-post-thumbnail","6":"product_cat-hylsytyokalut-vaantotyokalut","7":"product_cat-muut","8":"product_cat-rengaskoneiden-tarvikkeet","9":"product_cat-tyokalut","10":"product_cat-korjaamolaitteet","12":"first","13":"instock","14":"sale","15":"taxable","16":"shipping-taxable","17":"purchasable","18":"product-type-simple","swatches":"rey-swatches","show_selected":""},"acf":[],"_links":{"self":[{"href":"https:\/\/toolhouse.fi\/fi\/wp-json\/wp\/v2\/product\/22798","targetHints":{"allow":["GET"]}}],"collection":[{"href":"https:\/\/toolhouse.fi\/fi\/wp-json\/wp\/v2\/product"}],"about":[{"href":"https:\/\/toolhouse.fi\/fi\/wp-json\/wp\/v2\/types\/product"}],"version-history":[{"count":1,"href":"https:\/\/toolhouse.fi\/fi\/wp-json\/wp\/v2\/product\/22798\/revisions"}],"predecessor-version":[{"id":22801,"href":"https:\/\/toolhouse.fi\/fi\/wp-json\/wp\/v2\/product\/22798\/revisions\/22801"}],"wp:featuredmedia":[{"embeddable":true,"href":"https:\/\/toolhouse.fi\/fi\/wp-json\/wp\/v2\/media\/22803"}],"wp:attachment":[{"href":"https:\/\/toolhouse.fi\/fi\/wp-json\/wp\/v2\/media?parent=22798"}],"wp:term":[{"taxonomy":"product_cat","embeddable":true,"href":"https:\/\/toolhouse.fi\/fi\/wp-json\/wp\/v2\/product_cat?post=22798"},{"taxonomy":"product_tag","embeddable":true,"href":"https:\/\/toolhouse.fi\/fi\/wp-json\/wp\/v2\/product_tag?post=22798"}],"curies":[{"name":"wp","href":"https:\/\/api.w.org\/{rel}","templated":true}]}}