{"id":22861,"date":"2025-01-07T13:04:15","date_gmt":"2025-01-07T11:04:15","guid":{"rendered":"https:\/\/toolhouse.fi\/?post_type=product&#038;p=22861"},"modified":"2025-08-31T21:59:04","modified_gmt":"2025-08-31T18:59:04","slug":"jatkovarsi-kiintoavaimelle","status":"publish","type":"product","link":"https:\/\/toolhouse.fi\/fi\/tuote\/jatkovarsi-kiintoavaimelle\/","title":{"rendered":"Jatkovarsi kiintoavaimelle"},"content":{"rendered":"","protected":false},"excerpt":{"rendered":"<div class=\"flex-shrink-0 flex flex-col relative items-end\">\n<div>\n<div class=\"pt-0\">\n<div class=\"gizmo-bot-avatar flex h-8 w-8 items-center justify-center overflow-hidden rounded-full\">\n<div class=\"relative p-1 rounded-sm flex items-center justify-center bg-token-main-surface-primary text-token-text-primary h-8 w-8\"><\/div>\n<\/div>\n<\/div>\n<\/div>\n<\/div>\n<div class=\"group\/conversation-turn relative flex w-full min-w-0 flex-col agent-turn\">\n<div class=\"flex-col gap-1 md:gap-3\">\n<div class=\"flex max-w-full flex-col flex-grow\">\n<div class=\"min-h-8 text-message flex w-full flex-col items-end gap-2 whitespace-normal break-words text-start [.text-message+&amp;]:mt-5\" dir=\"auto\" data-message-author-role=\"assistant\" data-message-id=\"75730720-b685-4a30-a930-b822b6a8eba4\" data-message-model-slug=\"gpt-4o\">\n<div class=\"flex w-full flex-col gap-1 empty:hidden first:pt-[3px]\">\n<div class=\"markdown prose w-full break-words dark:prose-invert light\">\n<p>K\u00e4yt\u00e4nn\u00f6llinen ja korkealaatuinen jatkovarsi kiintoavaimelle. T\u00e4m\u00e4 ty\u00f6kalu lis\u00e4\u00e4 voimaa ja ulottuvuutta, mik\u00e4 tekee siit\u00e4 ihanteellisen ruostuneiden tai vaurioituneiden muttereiden ja pulttien irrottamiseen. Ergonominen, non-slip kahva varmistaa mukavan ja turvallisen otteen.<\/p>\n<p><strong>Tekniset tiedot:<\/strong><\/p>\n<ul>\n<li><strong>Pituus:<\/strong> 390 mm<\/li>\n<li><strong>Paino: <\/strong>0,55 kg<\/li>\n<li><strong>Kahva:<\/strong> Non-slip pinnoite<\/li>\n<li><strong>Materiaali:<\/strong> CrV-ter\u00e4s<\/li>\n<li><strong>Valmistaja:<\/strong> Geko<\/li>\n<\/ul>\n<\/div>\n<\/div>\n<\/div>\n<\/div>\n<\/div>\n<\/div>\n","protected":false},"featured_media":22871,"template":"","meta":{"_acf_changed":false,"_seopress_robots_primary_cat":"","_seopress_titles_title":"","_seopress_titles_desc":"","_seopress_robots_index":""},"product_cat":[487,337,40],"product_tag":[],"class_list":{"0":"post-22861","1":"product","2":"type-product","3":"status-publish","4":"has-post-thumbnail","6":"product_cat-hylsytyokalut-vaantotyokalut","7":"product_cat-tyokalut","8":"product_cat-korjaamolaitteet","10":"first","11":"instock","12":"taxable","13":"shipping-taxable","14":"purchasable","15":"product-type-simple","swatches":"rey-swatches","show_selected":""},"acf":[],"_links":{"self":[{"href":"https:\/\/toolhouse.fi\/fi\/wp-json\/wp\/v2\/product\/22861","targetHints":{"allow":["GET"]}}],"collection":[{"href":"https:\/\/toolhouse.fi\/fi\/wp-json\/wp\/v2\/product"}],"about":[{"href":"https:\/\/toolhouse.fi\/fi\/wp-json\/wp\/v2\/types\/product"}],"version-history":[{"count":1,"href":"https:\/\/toolhouse.fi\/fi\/wp-json\/wp\/v2\/product\/22861\/revisions"}],"predecessor-version":[{"id":22864,"href":"https:\/\/toolhouse.fi\/fi\/wp-json\/wp\/v2\/product\/22861\/revisions\/22864"}],"wp:featuredmedia":[{"embeddable":true,"href":"https:\/\/toolhouse.fi\/fi\/wp-json\/wp\/v2\/media\/22871"}],"wp:attachment":[{"href":"https:\/\/toolhouse.fi\/fi\/wp-json\/wp\/v2\/media?parent=22861"}],"wp:term":[{"taxonomy":"product_cat","embeddable":true,"href":"https:\/\/toolhouse.fi\/fi\/wp-json\/wp\/v2\/product_cat?post=22861"},{"taxonomy":"product_tag","embeddable":true,"href":"https:\/\/toolhouse.fi\/fi\/wp-json\/wp\/v2\/product_tag?post=22861"}],"curies":[{"name":"wp","href":"https:\/\/api.w.org\/{rel}","templated":true}]}}