{"id":22932,"date":"2025-01-08T12:32:27","date_gmt":"2025-01-08T10:45:01","guid":{"rendered":"https:\/\/toolhouse.fi\/?post_type=product&#038;p=22932"},"modified":"2025-10-13T21:12:47","modified_gmt":"2025-10-13T18:12:47","slug":"hitsausmagneetti-190mm","status":"publish","type":"product","link":"https:\/\/toolhouse.fi\/fi\/tuote\/hitsausmagneetti-190mm\/","title":{"rendered":"Hitsausmagneetti 190mm"},"content":{"rendered":"","protected":false},"excerpt":{"rendered":"<p><strong>Magneettikulma 190 mm, vetovoima 34,5 kg<\/strong><\/p>\n<p>V\u00e4ltt\u00e4m\u00e4t\u00f6n ty\u00f6kalu hitsaukseen, juottamiseen ja metallielementtien kokoamiseen. Kulma mahdollistaa materiaalin helpon kiinnitt\u00e4misen 45\u00b0, 90\u00b0 ja 135\u00b0 kulmiin ja varmistaa vakaan, liikkumattoman asennon vahvan magneetin ansiosta.<\/p>\n<h3><strong>Tekniset tiedot<\/strong><\/h3>\n<ul>\n<li><strong>Vetovoima<\/strong>: 34,5 kg<\/li>\n<li><strong>Pituus<\/strong>: 190 mm<\/li>\n<li><strong>Korkeus<\/strong>: 121 mm<\/li>\n<li><strong>Leveys<\/strong>: 25 mm<\/li>\n<li><strong>Paino<\/strong>: 1 kg<\/li>\n<li><strong>Kulmat<\/strong>: 45\u00b0, 90\u00b0 ja 135\u00b0<\/li>\n<li><strong>Valmistaja<\/strong>: Geko<\/li>\n<\/ul>\n","protected":false},"featured_media":22925,"template":"","meta":{"_acf_changed":false,"_seopress_robots_primary_cat":"","_seopress_titles_title":"","_seopress_titles_desc":"","_seopress_robots_index":""},"product_cat":[262,467],"product_tag":[],"class_list":{"0":"post-22932","1":"product","2":"type-product","3":"status-publish","4":"has-post-thumbnail","6":"product_cat-hitsaus-metallityo","7":"product_cat-hitsaustarvikkeet","9":"first","10":"instock","11":"taxable","12":"shipping-taxable","13":"purchasable","14":"product-type-simple","swatches":"rey-swatches","show_selected":""},"acf":[],"_links":{"self":[{"href":"https:\/\/toolhouse.fi\/fi\/wp-json\/wp\/v2\/product\/22932","targetHints":{"allow":["GET"]}}],"collection":[{"href":"https:\/\/toolhouse.fi\/fi\/wp-json\/wp\/v2\/product"}],"about":[{"href":"https:\/\/toolhouse.fi\/fi\/wp-json\/wp\/v2\/types\/product"}],"version-history":[{"count":0,"href":"https:\/\/toolhouse.fi\/fi\/wp-json\/wp\/v2\/product\/22932\/revisions"}],"wp:featuredmedia":[{"embeddable":true,"href":"https:\/\/toolhouse.fi\/fi\/wp-json\/wp\/v2\/media\/22925"}],"wp:attachment":[{"href":"https:\/\/toolhouse.fi\/fi\/wp-json\/wp\/v2\/media?parent=22932"}],"wp:term":[{"taxonomy":"product_cat","embeddable":true,"href":"https:\/\/toolhouse.fi\/fi\/wp-json\/wp\/v2\/product_cat?post=22932"},{"taxonomy":"product_tag","embeddable":true,"href":"https:\/\/toolhouse.fi\/fi\/wp-json\/wp\/v2\/product_tag?post=22932"}],"curies":[{"name":"wp","href":"https:\/\/api.w.org\/{rel}","templated":true}]}}