{"id":2298,"date":"2025-09-11T13:01:58","date_gmt":"2025-09-11T10:01:58","guid":{"rendered":"https:\/\/toolhouse.fi\/produkt\/moottoriteline\/"},"modified":"2026-03-28T14:02:05","modified_gmt":"2026-03-28T12:02:05","slug":"moottoriteline","status":"publish","type":"product","link":"https:\/\/toolhouse.fi\/fi\/tuote\/moottoriteline\/","title":{"rendered":"Moottoriteline 450 kg"},"content":{"rendered":"","protected":false},"excerpt":{"rendered":"<h1 class=\"page-title\"><\/h1>\n<h3><strong>Moottoripukki 450 kg<\/strong><\/h3>\n<p>&nbsp;<\/p>\n<ul>\n<li>Max. kapasiteetti 450 kg<\/li>\n<li>Nelj\u00e4 s\u00e4\u00e4dett\u00e4v\u00e4\u00e4 kiinnitysvartta<\/li>\n<li>360\u00b0 k\u00e4\u00e4ntyv\u00e4 kiinnityslevy, jossa 6 lukitusasentoa<\/li>\n<li>Kaksi kiinte\u00e4\u00e4 ja kaksi k\u00e4\u00e4ntyv\u00e4\u00e4 py\u00f6r\u00e4\u00e4<\/li>\n<li>Pituus 770 mm Leveys 785 mm Korkeus 860 mm<\/li>\n<li>Paino 21 kg<\/li>\n<li>CE-Hyv\u00e4ksytty<\/li>\n<li>Takuu 1 vuosi<\/li>\n<\/ul>\n","protected":false},"featured_media":28400,"template":"","meta":{"_acf_changed":false,"_seopress_robots_primary_cat":"none","_seopress_titles_title":"","_seopress_titles_desc":"","_seopress_robots_index":""},"product_cat":[455,288,456],"product_tag":[],"class_list":{"0":"post-2298","1":"product","2":"type-product","3":"status-publish","4":"has-post-thumbnail","6":"product_cat-ajoneuvonostimet","7":"product_cat-moottori-ja-vaihdelaatikkonostimet","8":"product_cat-moottorinostimet","9":"product_shipping_class-k-160-1090e","11":"first","12":"instock","13":"taxable","14":"shipping-taxable","15":"purchasable","16":"product-type-simple","swatches":"rey-swatches","show_selected":""},"acf":[],"_links":{"self":[{"href":"https:\/\/toolhouse.fi\/fi\/wp-json\/wp\/v2\/product\/2298","targetHints":{"allow":["GET"]}}],"collection":[{"href":"https:\/\/toolhouse.fi\/fi\/wp-json\/wp\/v2\/product"}],"about":[{"href":"https:\/\/toolhouse.fi\/fi\/wp-json\/wp\/v2\/types\/product"}],"version-history":[{"count":4,"href":"https:\/\/toolhouse.fi\/fi\/wp-json\/wp\/v2\/product\/2298\/revisions"}],"predecessor-version":[{"id":28754,"href":"https:\/\/toolhouse.fi\/fi\/wp-json\/wp\/v2\/product\/2298\/revisions\/28754"}],"wp:featuredmedia":[{"embeddable":true,"href":"https:\/\/toolhouse.fi\/fi\/wp-json\/wp\/v2\/media\/28400"}],"wp:attachment":[{"href":"https:\/\/toolhouse.fi\/fi\/wp-json\/wp\/v2\/media?parent=2298"}],"wp:term":[{"taxonomy":"product_cat","embeddable":true,"href":"https:\/\/toolhouse.fi\/fi\/wp-json\/wp\/v2\/product_cat?post=2298"},{"taxonomy":"product_tag","embeddable":true,"href":"https:\/\/toolhouse.fi\/fi\/wp-json\/wp\/v2\/product_tag?post=2298"}],"curies":[{"name":"wp","href":"https:\/\/api.w.org\/{rel}","templated":true}]}}