{"id":22992,"date":"2025-01-10T16:23:26","date_gmt":"2025-01-10T14:23:26","guid":{"rendered":"https:\/\/toolhouse.fi\/?post_type=product&#038;p=22992"},"modified":"2025-03-01T20:25:35","modified_gmt":"2025-03-01T18:25:35","slug":"katkoteraveitsi-tvardy","status":"publish","type":"product","link":"https:\/\/toolhouse.fi\/fi\/tuote\/katkoteraveitsi-tvardy\/","title":{"rendered":"Katkoter\u00e4veitsi Tvardy"},"content":{"rendered":"","protected":false},"excerpt":{"rendered":"<p><strong>Tvardy katkoter\u00e4veitsi\u00a0<\/strong><\/p>\n<p>Laadukas katkoter\u00e4veitsi, varustettu 18 mm leve\u00e4ll\u00e4 bimetalliter\u00e4ll\u00e4 ja turvallisella ter\u00e4lukituksella. Veitsess\u00e4 on ulosvedett\u00e4v\u00e4 kotelo kahdelle varater\u00e4lle. Valmistettu kest\u00e4v\u00e4st\u00e4 ABS-muovista, ja ter\u00e4st\u00e4.<\/p>\n<p><strong>Ominaisuudet:<\/strong><\/p>\n<ul>\n<li><strong>Ter\u00e4:<\/strong> SK2H, 100x18x0,5 mm<\/li>\n<li><strong>Mukana:<\/strong> 3 ter\u00e4\u00e4<\/li>\n<li><strong>Pituus:<\/strong> 170 mm<\/li>\n<li><strong>Valmistaja:<\/strong> Tvardy<\/li>\n<\/ul>\n","protected":false},"featured_media":22980,"template":"","meta":{"_acf_changed":false,"_seopress_robots_primary_cat":"none","_seopress_titles_title":"","_seopress_titles_desc":"","_seopress_robots_index":"","_seopress_analysis_target_kw":""},"product_cat":[350,337,40],"product_tag":[],"class_list":{"0":"post-22992","1":"product","2":"type-product","3":"status-publish","4":"has-post-thumbnail","6":"product_cat-muut","7":"product_cat-tyokalut","8":"product_cat-korjaamolaitteet","10":"first","11":"instock","12":"taxable","13":"shipping-taxable","14":"purchasable","15":"product-type-simple","swatches":"rey-swatches","show_selected":""},"acf":[],"_links":{"self":[{"href":"https:\/\/toolhouse.fi\/fi\/wp-json\/wp\/v2\/product\/22992","targetHints":{"allow":["GET"]}}],"collection":[{"href":"https:\/\/toolhouse.fi\/fi\/wp-json\/wp\/v2\/product"}],"about":[{"href":"https:\/\/toolhouse.fi\/fi\/wp-json\/wp\/v2\/types\/product"}],"version-history":[{"count":0,"href":"https:\/\/toolhouse.fi\/fi\/wp-json\/wp\/v2\/product\/22992\/revisions"}],"wp:featuredmedia":[{"embeddable":true,"href":"https:\/\/toolhouse.fi\/fi\/wp-json\/wp\/v2\/media\/22980"}],"wp:attachment":[{"href":"https:\/\/toolhouse.fi\/fi\/wp-json\/wp\/v2\/media?parent=22992"}],"wp:term":[{"taxonomy":"product_cat","embeddable":true,"href":"https:\/\/toolhouse.fi\/fi\/wp-json\/wp\/v2\/product_cat?post=22992"},{"taxonomy":"product_tag","embeddable":true,"href":"https:\/\/toolhouse.fi\/fi\/wp-json\/wp\/v2\/product_tag?post=22992"}],"curies":[{"name":"wp","href":"https:\/\/api.w.org\/{rel}","templated":true}]}}