{"id":23032,"date":"2025-01-14T15:14:51","date_gmt":"2025-01-14T13:16:42","guid":{"rendered":"https:\/\/toolhouse.fi\/?post_type=product&#038;p=23032"},"modified":"2025-01-14T15:52:54","modified_gmt":"2025-01-14T13:52:54","slug":"mutterinhalkaisija-9-27-mm","status":"publish","type":"product","link":"https:\/\/toolhouse.fi\/fi\/tuote\/mutterinhalkaisija-9-27-mm\/","title":{"rendered":"Mutterinhalkaisija\u00a09 &#8211; 27 mm"},"content":{"rendered":"","protected":false},"excerpt":{"rendered":"<p>Toimiva ja laadukas mutterinhalkaisija\u00a0, joka poistaa mutterit tehokkaasti vahingoittamatta pulttia.<\/p>\n<p>V\u00e4ltt\u00e4m\u00e4t\u00f6n apuv\u00e4line py\u00f6ristyneille tai kiinniruostuneille muttereille, kun tavalliset ty\u00f6kalut eiv\u00e4t riit\u00e4.<\/p>\n<ul>\n<li>Nr 1 mutterikoko: 9\u201312 mm<\/li>\n<li>Nr 2 mutterikoko: 12\u201316 mm<\/li>\n<li>Nr 3 mutterikoko: 16\u201321 mm<\/li>\n<li>Nr 4 mutterikoko: 22\u201327 mm<\/li>\n<\/ul>\n<p>Paino: 1,6 kg<br \/>\nValmistaja: Geko<\/p>\n<p class=\"MuiTypography-root MuiTypography-dsH3 css-m8xpxa\">\n","protected":false},"featured_media":23053,"template":"","meta":{"_acf_changed":false,"_seopress_robots_primary_cat":"none","_seopress_titles_title":"","_seopress_titles_desc":"","_seopress_robots_index":""},"product_cat":[350,337,40,486],"product_tag":[],"class_list":{"0":"post-23032","1":"product","2":"type-product","3":"status-publish","4":"has-post-thumbnail","6":"product_cat-muut","7":"product_cat-tyokalut","8":"product_cat-korjaamolaitteet","9":"product_cat-ulosvetajat","11":"first","12":"instock","13":"taxable","14":"shipping-taxable","15":"purchasable","16":"product-type-simple","swatches":"rey-swatches","show_selected":""},"acf":[],"_links":{"self":[{"href":"https:\/\/toolhouse.fi\/fi\/wp-json\/wp\/v2\/product\/23032","targetHints":{"allow":["GET"]}}],"collection":[{"href":"https:\/\/toolhouse.fi\/fi\/wp-json\/wp\/v2\/product"}],"about":[{"href":"https:\/\/toolhouse.fi\/fi\/wp-json\/wp\/v2\/types\/product"}],"version-history":[{"count":1,"href":"https:\/\/toolhouse.fi\/fi\/wp-json\/wp\/v2\/product\/23032\/revisions"}],"predecessor-version":[{"id":23035,"href":"https:\/\/toolhouse.fi\/fi\/wp-json\/wp\/v2\/product\/23032\/revisions\/23035"}],"wp:featuredmedia":[{"embeddable":true,"href":"https:\/\/toolhouse.fi\/fi\/wp-json\/wp\/v2\/media\/23053"}],"wp:attachment":[{"href":"https:\/\/toolhouse.fi\/fi\/wp-json\/wp\/v2\/media?parent=23032"}],"wp:term":[{"taxonomy":"product_cat","embeddable":true,"href":"https:\/\/toolhouse.fi\/fi\/wp-json\/wp\/v2\/product_cat?post=23032"},{"taxonomy":"product_tag","embeddable":true,"href":"https:\/\/toolhouse.fi\/fi\/wp-json\/wp\/v2\/product_tag?post=23032"}],"curies":[{"name":"wp","href":"https:\/\/api.w.org\/{rel}","templated":true}]}}