{"id":23118,"date":"2025-01-15T15:24:59","date_gmt":"2025-01-15T13:24:59","guid":{"rendered":"https:\/\/toolhouse.fi\/?post_type=product&#038;p=23118"},"modified":"2025-07-01T00:00:02","modified_gmt":"2025-06-30T21:00:02","slug":"invento-tcs-524-2v-ha","status":"publish","type":"product","link":"https:\/\/toolhouse.fi\/fi\/tuote\/invento-tcs-524-2v-ha\/","title":{"rendered":"INVENTO TCS 524 2V HA"},"content":{"rendered":"<table class=\"n54117_dictionary\">\n<tbody>\n<tr>\n<td class=\"n54117_item_a1\"><strong>Tyyppi\u00a0<span class=\"n67256colon\">:<\/span><\/strong><\/td>\n<td class=\"n54117_item_b1\">\n<div class=\"n54117_item_b_sub\"><strong>Automaatinen rengaskone<\/strong><\/div>\n<\/td>\n<\/tr>\n<tr>\n<td class=\"n54117_item_a2\"><strong><span class=\"n67256colon\">J\u00e4nnite:<\/span><\/strong><\/td>\n<td class=\"n54117_item_b2\">\n<div class=\"n54117_item_b_sub\"><strong>3-vaihe (400V)<\/strong><\/div>\n<\/td>\n<\/tr>\n<tr>\n<td class=\"n54117_item_a1\"><strong>Py\u00f6rimisnopeus:<\/strong><\/td>\n<td class=\"n54117_item_b1\">\n<div class=\"n54117_item_b_sub\"><strong>7 \/ 14<\/strong><strong>\u00a0rpm<\/strong><\/div>\n<\/td>\n<\/tr>\n<tr>\n<td class=\"n54117_item_a2\"><strong>Puristuspaine:<\/strong><\/td>\n<td class=\"n54117_item_b2\">\n<div class=\"n54117_item_b_sub\"><strong>2500 kg<\/strong><\/div>\n<\/td>\n<\/tr>\n<tr>\n<td class=\"n54117_item_a1\"><strong>Py\u00f6r\u00e4n maksimihalkaisija:<\/strong><\/td>\n<td class=\"n54117_item_b1\">\n<div class=\"n54117_item_b_sub\"><strong>1110 mm<\/strong><\/div>\n<\/td>\n<\/tr>\n<tr>\n<td class=\"n54117_item_a2\"><strong>Py\u00f6r\u00e4n maksimileveys:<\/strong><\/td>\n<td class=\"n54117_item_b2\">\n<div class=\"n54117_item_b_sub\"><strong>350 mm<\/strong><\/div>\n<\/td>\n<\/tr>\n<tr>\n<td class=\"n54117_item_a1\"><strong>Vanteen koko (sis\u00e4):<\/strong><\/td>\n<td class=\"n54117_item_b1\">\n<div class=\"n54117_item_b_sub\"><strong>14 \u201c- 26\u201d<\/strong><\/div>\n<\/td>\n<\/tr>\n<tr>\n<td class=\"n54117_item_a2\"><strong>Vanteen koko (ulko):<\/strong><\/td>\n<td class=\"n54117_item_b2\">\n<div class=\"n54117_item_b_sub\"><strong>12 \u201c- 24\u201d<\/strong><\/div>\n<\/td>\n<\/tr>\n<tr>\n<td class=\"n54117_item_a1\"><strong>Ilmanpaine:<\/strong><\/td>\n<td class=\"n54117_item_b1\">\n<div class=\"n54117_item_b_sub\"><strong>8 \u2013 10 Bar<\/strong><\/div>\n<\/td>\n<\/tr>\n<tr>\n<td class=\"n54117_item_a2\"><strong>Melutaso:<\/strong><\/td>\n<td class=\"n54117_item_b2\">\n<div class=\"n54117_item_b_sub\"><strong>&lt;75 dB<\/strong><\/div>\n<\/td>\n<\/tr>\n<tr>\n<td class=\"n54117_item_a1\"><strong>Teho:<\/strong><\/td>\n<td class=\"n54117_item_b1\">\n<div class=\"n54117_item_b_sub\"><strong>1: 0.75 kW<\/strong><\/div>\n<div class=\"n54117_item_b_sub\"><strong>2: 1.1 kW<\/strong><\/div>\n<\/td>\n<\/tr>\n<tr>\n<td class=\"n54117_item_a2\"><\/td>\n<td class=\"n54117_item_b2\">\n<div class=\"n54117_item_b_sub\"><\/div>\n<\/td>\n<\/tr>\n<tr>\n<td class=\"n54117_item_a1\"><strong>P\u00f6yd\u00e4n suurin v\u00e4\u00e4nt\u00f6momentti:<\/strong><\/td>\n<td class=\"n54117_item_b1\">\n<div class=\"n54117_item_b_sub\"><strong>1100 Nm<\/strong><\/div>\n<\/td>\n<\/tr>\n<tr>\n<td class=\"n54117_item_a2\"><\/td>\n<td class=\"n54117_item_b2\">\n<div class=\"n54117_item_b_sub\"><\/div>\n<\/td>\n<\/tr>\n<tr>\n<td class=\"n54117_item_a1\"><strong>Vakiovarusteet:<\/strong><\/td>\n<td class=\"n54117_item_b1\"><strong>Apuvarsi 2V-HA rulla, lautanen, apuk\u00e4si ,centering cone)<\/strong><\/p>\n<div class=\"flex max-w-full flex-col flex-grow\">\n<div class=\"min-h-8 text-message flex w-full flex-col items-end gap-2 whitespace-normal break-words text-start [.text-message+&amp;]:mt-5\" dir=\"auto\" data-message-author-role=\"assistant\" data-message-id=\"4321fd4f-69dc-46b0-bbaf-0cd707f6eb1d\" data-message-model-slug=\"gpt-4o\">\n<div class=\"flex w-full flex-col gap-1 empty:hidden first:pt-[3px]\">\n<div class=\"markdown prose w-full break-words dark:prose-invert light\">\n<p><strong>2 py\u00f6rimisnopeutta: 7 ja 14 rpm<\/strong><\/p>\n<\/div>\n<\/div>\n<\/div>\n<\/div>\n<p class=\"product-title\"><strong>Paineens\u00e4\u00e4din vedenerottimella ja \u00f6ljystimell\u00e4<\/strong><\/p>\n<p><strong>Renkaant\u00e4ytt\u00f6laite puoliautomaattinen<\/strong><\/p>\n<p><strong><span lang=\"fi-FI\">Muovisuojukset asennusp\u00e4\u00e4h\u00e4n<\/span><\/strong><\/p>\n<p><strong>Muovisuojat k\u00e4p\u00e4liin<\/strong><\/p>\n<p class=\"product_title entry-title\"><strong>Palteenirroittajan suoja<\/strong><\/p>\n<p><strong>Rengasrauta 50cm<\/strong><\/p>\n<p><strong>Rengasrasvasuti\u00a0<\/strong><\/td>\n<\/tr>\n<tr>\n<td class=\"n54117_item_a2\"><strong><span class=\"n67256colon\">Paino:<\/span><\/strong><\/td>\n<td class=\"n54117_item_b2\">\n<div class=\"n54117_item_b_sub\"><strong>324 kg<\/strong><\/div>\n<\/td>\n<\/tr>\n<tr>\n<td class=\"n54117_item_a1\"><strong>Takuu\u00a0<span class=\"n67256colon\">:<\/span><\/strong><\/td>\n<td class=\"n54117_item_b1\">\n<div class=\"n54117_item_b_sub\"><strong>1 vuosi<\/strong><\/div>\n<\/td>\n<\/tr>\n<\/tbody>\n<\/table>\n","protected":false},"excerpt":{"rendered":"<p><strong>Rengaskone TCS 524 2V HA 12\u2033 \u2013 26\u2033<\/strong><\/p>\n<ul>\n<li><strong>2V HA-apuvarsi:<\/strong> Helpottaa RUN-FLAT- ja matalaprofiilirenkaiden k\u00e4sittely\u00e4<\/li>\n<li><strong>2-nopeuksinen py\u00f6ritys:<\/strong> 7 ja 14 rpm<\/li>\n<li><strong>Pneumaattisesti kallistettava pilari<\/strong><\/li>\n<li><strong>Vanteen koko (sis\u00e4):<\/strong> 14\u201d \u2013 26\u201d<\/li>\n<li><strong>Vanteen koko (ulko):<\/strong> 12\u201d \u2013 24\u201d<\/li>\n<li><strong>Maksimi py\u00f6r\u00e4n halkaisija:<\/strong> 1110 mm<\/li>\n<li><strong>Maksimi py\u00f6r\u00e4n leveys:<\/strong> 350 mm<\/li>\n<li><strong>Puristusvoima:<\/strong> 2500 kg<\/li>\n<li><strong>Puoliautomaattinen ilmant\u00e4ytt\u00f6laite<\/strong><\/li>\n<li><strong>Virtal\u00e4hde:<\/strong> 400V<\/li>\n<li><strong>Paino:<\/strong> 324 kg<\/li>\n<\/ul>\n<p>Invento TCS 524 2V HA on tehokas rengaskone, joka on suunniteltu suurille vannekoolle ja matalaprofiilirenkaille. Vankat apuvarret mahdollistavat matalaprofiilirenkaiden helpon ja turvallisen asennuksen ilman riski\u00e4 renkaiden tai vanteiden vaurioitumisesta. Koneen monet ominaisuudet, kuten pneumaattisesti ohjattu kallistettava pilari, suuri ja vakaa asennusp\u00f6yt\u00e4 sek\u00e4 tukeva runko, tekev\u00e4t siit\u00e4 t\u00e4ydellisen valinnan RUN-FLAT- ja matalaprofiilirenkaiden k\u00e4sittelyyn, my\u00f6s suuremmissa kokoluokissa.<\/p>\n<p>Koneessa on kaksi py\u00f6rint\u00e4nopeutta (7 ja 14 rpm) sek\u00e4 puoliautomaattinen ilmant\u00e4ytt\u00f6laite, jotka lis\u00e4\u00e4v\u00e4t tehokkuutta ja s\u00e4\u00e4st\u00e4v\u00e4t ty\u00f6aikaa.<\/p>\n<p>Kone on CE-hyv\u00e4ksytty ja toimitetaan 12 kuukauden takuulla. Kaikki varaosat ovat saatavilla.<\/p>\n","protected":false},"featured_media":23125,"template":"","meta":{"_acf_changed":false,"_seopress_robots_primary_cat":"none","_seopress_titles_title":"","_seopress_titles_desc":"","_seopress_robots_index":""},"product_cat":[188,39,566],"product_tag":[],"class_list":{"0":"post-23118","1":"product","2":"type-product","3":"status-publish","4":"has-post-thumbnail","6":"product_cat-rengaskoneet","7":"product_cat-rengastyo","8":"product_cat-renkaan-asennuskoneet","10":"first","11":"instock","12":"sale","13":"taxable","14":"shipping-taxable","15":"purchasable","16":"product-type-simple","swatches":"rey-swatches","show_selected":""},"acf":[],"_links":{"self":[{"href":"https:\/\/toolhouse.fi\/fi\/wp-json\/wp\/v2\/product\/23118","targetHints":{"allow":["GET"]}}],"collection":[{"href":"https:\/\/toolhouse.fi\/fi\/wp-json\/wp\/v2\/product"}],"about":[{"href":"https:\/\/toolhouse.fi\/fi\/wp-json\/wp\/v2\/types\/product"}],"version-history":[{"count":2,"href":"https:\/\/toolhouse.fi\/fi\/wp-json\/wp\/v2\/product\/23118\/revisions"}],"predecessor-version":[{"id":23143,"href":"https:\/\/toolhouse.fi\/fi\/wp-json\/wp\/v2\/product\/23118\/revisions\/23143"}],"wp:featuredmedia":[{"embeddable":true,"href":"https:\/\/toolhouse.fi\/fi\/wp-json\/wp\/v2\/media\/23125"}],"wp:attachment":[{"href":"https:\/\/toolhouse.fi\/fi\/wp-json\/wp\/v2\/media?parent=23118"}],"wp:term":[{"taxonomy":"product_cat","embeddable":true,"href":"https:\/\/toolhouse.fi\/fi\/wp-json\/wp\/v2\/product_cat?post=23118"},{"taxonomy":"product_tag","embeddable":true,"href":"https:\/\/toolhouse.fi\/fi\/wp-json\/wp\/v2\/product_tag?post=23118"}],"curies":[{"name":"wp","href":"https:\/\/api.w.org\/{rel}","templated":true}]}}