{"id":23238,"date":"2025-01-22T10:15:46","date_gmt":"2025-01-22T08:15:46","guid":{"rendered":"https:\/\/toolhouse.fi\/?post_type=product&#038;p=23238"},"modified":"2025-11-11T11:11:36","modified_gmt":"2025-11-11T09:11:36","slug":"renkaan-urituskone-prema-cutter","status":"publish","type":"product","link":"https:\/\/toolhouse.fi\/fi\/tuote\/renkaan-urituskone-prema-cutter\/","title":{"rendered":"Renkaan urituskone Prema cutter"},"content":{"rendered":"<table class=\"n54117_dictionary\">\n<tbody>\n<tr>\n<td class=\"n54117_item_a1\"><span style=\"color: #333333;\"><strong>Valmistaja:<\/strong><\/span><\/td>\n<td class=\"n54117_item_b1\"><span style=\"color: #333333;\"><strong>Ruff Gmbh<\/strong><\/span><\/td>\n<\/tr>\n<tr>\n<td class=\"n54117_item_a2\"><span style=\"color: #333333;\"><strong>Malli:<\/strong><\/span><\/td>\n<td class=\"n54117_item_b2\"><span style=\"color: #333333;\"><strong>Prema cutter 300<\/strong><\/span><\/td>\n<\/tr>\n<tr>\n<td class=\"n54117_item_a1\"><span style=\"color: #333333;\"><strong>Valmistusmaa:<\/strong><\/span><\/td>\n<td class=\"n54117_item_b1\">\n<p class=\"n54117_item_b_sub\"><span style=\"color: #333333;\"><strong>Saksa<\/strong><\/span><\/p>\n<\/td>\n<\/tr>\n<tr>\n<td class=\"n54117_item_a2\"><span style=\"color: #333333;\"><strong>J\u00e4rjestelm\u00e4:<\/strong><\/span><\/td>\n<td class=\"n54117_item_b2\">\n<p class=\"n54117_item_b_sub\"><span style=\"color: #333333;\"><strong>Non stop<span style=\"font-family: inherit; font-size: inherit;\">\u00a0<\/span><span id=\"tgtAlignment_1\" class=\"ts-alignment-element\" style=\"font-family: inherit; font-size: inherit;\" data-is-focusable=\"true\">l\u00e4mmitys<\/span> <span id=\"tgtAlignment_2\" class=\"ts-alignment-element\" style=\"font-family: inherit; font-size: inherit;\" data-is-focusable=\"true\">paineen<\/span> <span id=\"tgtAlignment_3\" class=\"ts-alignment-element\" style=\"font-family: inherit; font-size: inherit;\" data-is-focusable=\"true\">alla<\/span><\/strong><\/span><\/p>\n<\/td>\n<\/tr>\n<tr>\n<td class=\"n54117_item_a1\"><span style=\"color: #333333;\"><strong>Runko:\u00a0<\/strong><\/span><\/td>\n<td class=\"n54117_item_b1\">\n<p class=\"n54117_item_b_sub\"><span style=\"color: #333333;\"><strong>Komposiitti<\/strong><\/span><\/p>\n<\/td>\n<\/tr>\n<tr>\n<td class=\"n54117_item_a2\"><span style=\"color: #333333;\"><strong><span class=\"n67256colon\">Paino:<\/span><\/strong><\/span><\/td>\n<td class=\"n54117_item_b2\">\n<div class=\"n54117_item_b_sub\"><span style=\"color: #333333;\"><strong>3,88kg<\/strong><\/span><\/div>\n<\/td>\n<\/tr>\n<tr>\n<td class=\"n54117_item_a1\"><span style=\"color: #333333;\"><strong>Vaihdettavat ter\u00e4t:<\/strong><\/span><\/td>\n<td class=\"n54117_item_b1\">\n<div class=\"n54117_item_b_sub\"><span style=\"color: #333333;\"><strong>Kyll\u00e4<\/strong><\/span><\/div>\n<\/td>\n<\/tr>\n<tr>\n<td class=\"n54117_item_a2\"><span style=\"color: #333333;\"><strong>S\u00e4\u00e4dett\u00e4v\u00e4 leikkuusyvyys:<\/strong><\/span><\/td>\n<td class=\"n54117_item_b2\">\n<div class=\"n54117_item_b_sub\"><span style=\"color: #333333;\"><strong>Kyll\u00e4<\/strong><\/span><\/div>\n<\/td>\n<\/tr>\n<tr>\n<td class=\"n54117_item_a1\"><span style=\"color: #333333;\"><strong><span class=\"n67256colon\">J\u00e4nnite:<\/span><\/strong><\/span><\/td>\n<td class=\"n54117_item_b1\">\n<div class=\"n54117_item_b_sub\"><span style=\"color: #333333;\"><strong><span class=\"dictionary__value_txt\">230V \/ 50-60Hz<\/span><\/strong><\/span><\/div>\n<\/td>\n<\/tr>\n<tr>\n<td class=\"n54117_item_a2\"><span style=\"color: #333333;\"><strong><span class=\"n67256colon\">Johdon pituus:<\/span><\/strong><\/span><\/td>\n<td class=\"n54117_item_b2\"><span style=\"color: #333333;\"><strong>180cm<\/strong><\/span><\/td>\n<\/tr>\n<tr>\n<td class=\"n54117_item_a1\"><span style=\"color: #333333;\"><strong>CE hyv\u00e4ksytty:<\/strong><\/span><\/td>\n<td class=\"n54117_item_b1\">\n<div class=\"n54117_item_b_sub\"><span style=\"color: #333333;\"><strong>Kyll\u00e4<\/strong><\/span><\/div>\n<\/td>\n<\/tr>\n<tr>\n<td class=\"n54117_item_a2\"><span style=\"color: #333333;\"><strong>T\u00dcV hyv\u00e4ksytty:<\/strong><\/span><\/td>\n<td class=\"n54117_item_b2\"><span style=\"color: #333333;\"><strong>Kyll\u00e4<\/strong><\/span><\/td>\n<\/tr>\n<tr>\n<td class=\"n54117_item_a1\"><span style=\"color: #333333;\"><strong><span class=\"n67256colon\">Takuu:<\/span><\/strong><\/span><\/td>\n<td class=\"n54117_item_b1\">\n<div class=\"n54117_item_b_sub\"><span style=\"color: #333333;\"><strong>12 kuukautta<\/strong><\/span><\/div>\n<\/td>\n<\/tr>\n<tr>\n<td class=\"n54117_item_a2\"><span style=\"color: #333333;\"><strong>Ammattik\u00e4ytt\u00f6\u00f6n:<\/strong><\/span><\/td>\n<td class=\"n54117_item_b2\"><span style=\"color: #333333;\"><strong>\u00a0Kyll\u00e4<\/strong><\/span><\/td>\n<\/tr>\n<tr>\n<td class=\"n54117_item_a1\">\n<div id=\"ts-body\">\n<div class=\"css-52 ts-pivot-container\">\n<div id=\"ContentContainer\">\n<div>\n<div>\n<div role=\"tabpanel\" aria-labelledby=\"Pivot2-Tab0\">\n<div class=\"ts-lookup-pivot\">\n<div id=\"Lookup\" class=\"ts-pivot-lookup-component\">\n<div class=\"ms-Grid ts-grid\">\n<div class=\"ms-Grid-row\">\n<div class=\"ts-textfield-container ts-larger-font\" lang=\"fi\">\n<div class=\"ts-alignment-view-container\">\n<div id=\"ts-alignment-view-idtgt\" class=\"ts-alignment-view ms-font-m ts-alignment-view-tgt ts-ltr-left-zero\" tabindex=\"0\" aria-hidden=\"false\">\n<div tabindex=\"0\" role=\"label\"><span style=\"color: #333333;\"><strong><span id=\"tgtAlignment_0\" class=\"ts-alignment-element\" data-is-focusable=\"true\">Muuntajan<\/span> <span id=\"tgtAlignment_1\" class=\"ts-alignment-element-highlighted\" data-is-focusable=\"true\">asetus:<\/span><\/strong><\/span><\/div>\n<\/div>\n<\/div>\n<\/div>\n<\/div>\n<\/div>\n<\/div>\n<\/div>\n<\/div>\n<\/div>\n<\/div>\n<\/div>\n<\/div>\n<\/div>\n<\/td>\n<td class=\"n54117_item_b1\">\n<div class=\"n54117_item_b_sub\">\n<div class=\"dictionary__value\"><span style=\"color: #333333;\"><strong><span class=\"dictionary__value_txt\">Vaihe 1- 80W -1,67V\/48A<\/span><\/strong><\/span><\/div>\n<p><span style=\"color: #333333;\"><strong>,\u00a0<\/strong><\/span><\/p>\n<div class=\"dictionary__value\"><span style=\"color: #333333;\"><strong><span class=\"dictionary__value_txt\">Vaihe 2 &#8211; 120W -1,91V\/63A<\/span><\/strong><\/span><\/div>\n<p><span style=\"color: #333333;\"><strong>,\u00a0<\/strong><\/span><\/p>\n<div class=\"dictionary__value\"><span style=\"color: #333333;\"><strong><span class=\"dictionary__value_txt\">Vaihe 3 &#8211; 160W &#8211; 2,24V\/71,5A<\/span><\/strong><\/span><\/div>\n<p><span style=\"color: #333333;\"><strong>,\u00a0<\/strong><\/span><\/p>\n<div class=\"dictionary__value\"><span style=\"color: #333333;\"><strong><span class=\"dictionary__value_txt\">Vaihe 4 &#8211; 240W &#8211; 2,71V\/88,5A<\/span><\/strong><\/span><\/div>\n<\/div>\n<\/td>\n<\/tr>\n<tr>\n<td class=\"n54117_item_a2\"><\/td>\n<td class=\"n54117_item_b2\">\n<div class=\"n54117_item_b_sub\"><\/div>\n<\/td>\n<\/tr>\n<tr>\n<td class=\"n54117_item_a1\"><\/td>\n<td class=\"n54117_item_b1\"><span style=\"color: #333333;\"><strong>\u00a0<\/strong><\/span><\/td>\n<\/tr>\n<\/tbody>\n<\/table>\n","protected":false},"excerpt":{"rendered":"<div id=\"ts-body\">\n<div class=\"css-52 ts-pivot-container\">\n<div id=\"ContentContainer\">\n<div role=\"tabpanel\" aria-labelledby=\"Pivot2-Tab0\">\n<div class=\"ts-lookup-pivot\">\n<div id=\"Lookup\" class=\"ts-pivot-lookup-component\">\n<div class=\"ms-Grid ts-grid\">\n<div class=\"ms-Grid-row\">\n<div class=\"ts-textfield-container \" lang=\"fi\">\n<div class=\"ts-alignment-view-container\">\n<div id=\"ts-alignment-view-idtgt\" class=\"ts-alignment-view ms-font-m ts-alignment-view-tgt ts-ltr-left-zero\" tabindex=\"0\" aria-hidden=\"false\">\n<div tabindex=\"0\" role=\"label\"><span style=\"color: #282828;\">Prema cutter on ammattimainen rengasleikkuri, joka kest\u00e4\u00e4 jatkuvaa k\u00e4ytt\u00f6\u00e4.<\/span><\/div>\n<div tabindex=\"0\" role=\"label\"><span style=\"color: #282828;\">Urituskoneella leikataan helposti uusia tai syvennet\u00e4\u00e4n renkaiden olemassa olevia kuvioita.<\/span><\/div>\n<div tabindex=\"0\" role=\"label\"><span style=\"color: #282828;\">\u00a0<\/span><\/div>\n<\/div>\n<\/div>\n<div tabindex=\"0\" role=\"label\">\n<div id=\"ts-body\">\n<div class=\"css-52 ts-pivot-container\">\n<div id=\"ContentContainer\">\n<div role=\"tabpanel\" aria-labelledby=\"Pivot2-Tab0\">\n<div class=\"ts-lookup-pivot\">\n<div id=\"Lookup\" class=\"ts-pivot-lookup-component\">\n<div class=\"ms-Grid ts-grid\">\n<div class=\"ms-Grid-row\">\n<div class=\"ts-textfield-container ts-larger-font\" lang=\"fi\">\n<div class=\"ts-alignment-view-container\">\n<div id=\"ts-alignment-view-idtgt\" class=\"ts-alignment-view ms-font-m ts-alignment-view-tgt ts-ltr-left-zero\" tabindex=\"0\" aria-hidden=\"false\">\n<div tabindex=\"0\" role=\"label\"><span style=\"color: #282828;\">K\u00e4ytet\u00e4\u00e4n mm.<\/span><\/div>\n<\/div>\n<div tabindex=\"0\" role=\"label\">\n<div id=\"ts-body\">\n<div class=\"css-52 ts-pivot-container\">\n<div id=\"ContentContainer\">\n<div role=\"tabpanel\" aria-labelledby=\"Pivot2-Tab0\">\n<div class=\"ts-lookup-pivot\">\n<div id=\"Lookup\" class=\"ts-pivot-lookup-component\">\n<div class=\"ms-Grid ts-grid\">\n<div class=\"ms-Grid-row\">\n<div class=\"ts-textfield-container \" lang=\"fi\">\n<div class=\"ts-alignment-view-container\">\n<div id=\"ts-alignment-view-idtgt\" class=\"ts-alignment-view ms-font-m ts-alignment-view-tgt ts-ltr-left-zero\" tabindex=\"0\" aria-hidden=\"false\">\n<div tabindex=\"0\" role=\"label\">\n<ul>\n<li><span style=\"color: #282828;\">Raskaankaluston renkaille<\/span><\/li>\n<li><span style=\"color: #282828;\">Kilpa-auton renkaille<\/span><\/li>\n<li><span style=\"color: #282828;\">Trukkien renkaille.\u00a0<\/span><\/li>\n<li><span style=\"color: #282828;\">Maastoautojen renkaille<\/span><\/li>\n<li>\n<div id=\"ts-body\">\n<div class=\"css-52 ts-pivot-container\">\n<div id=\"ContentContainer\">\n<div>\n<div>\n<div role=\"tabpanel\" aria-labelledby=\"Pivot2-Tab0\">\n<div class=\"ts-lookup-pivot\">\n<div id=\"Lookup\" class=\"ts-pivot-lookup-component\">\n<div class=\"ms-Grid ts-grid\">\n<div class=\"ms-Grid-row\">\n<div class=\"ts-textfield-container ts-larger-font\" lang=\"fi\">\n<div class=\"ts-alignment-view-container\">\n<div id=\"ts-alignment-view-idtgt\" class=\"ts-alignment-view ms-font-m ts-alignment-view-tgt ts-ltr-left-zero\" tabindex=\"0\" aria-hidden=\"false\">\n<div tabindex=\"0\" role=\"label\"><span style=\"color: #282828;\">Kumimateriaaleille<\/span><\/div>\n<\/div>\n<\/div>\n<\/div>\n<\/div>\n<\/div>\n<\/div>\n<\/div>\n<\/div>\n<\/div>\n<\/div>\n<\/div>\n<\/div>\n<\/div>\n<\/li>\n<li>\n<div id=\"ts-body\">\n<div class=\"css-52 ts-pivot-container\">\n<div id=\"ContentContainer\">\n<div>\n<div>\n<div role=\"tabpanel\" aria-labelledby=\"Pivot2-Tab0\">\n<div class=\"ts-lookup-pivot\">\n<div id=\"Lookup\" class=\"ts-pivot-lookup-component\">\n<div class=\"ms-Grid ts-grid\">\n<div class=\"ms-Grid-row\">\n<div class=\"ts-textfield-container ts-larger-font\" lang=\"fi\">\n<div class=\"ts-alignment-view-container\">\n<div id=\"ts-alignment-view-idtgt\" class=\"ts-alignment-view ms-font-m ts-alignment-view-tgt ts-ltr-left-zero\" tabindex=\"0\" aria-hidden=\"false\">\n<div tabindex=\"0\" role=\"label\"><span style=\"color: #282828;\">Joillekin muovimateriaaleille<\/span><\/div>\n<\/div>\n<\/div>\n<\/div>\n<\/div>\n<\/div>\n<\/div>\n<\/div>\n<\/div>\n<\/div>\n<\/div>\n<\/div>\n<\/div>\n<\/div>\n<\/li>\n<\/ul>\n<\/div>\n<div tabindex=\"0\" role=\"label\"><\/div>\n<\/div>\n<div tabindex=\"0\" role=\"label\">\n<p><span style=\"color: #282828;\">J\u00e4lkiuritus syvent\u00e4\u00e4 kuorma-autonrenkaan kuviouria. Uusi 5-8 mm urasyvyys voi lis\u00e4t\u00e4 renkaan k\u00e4ytt\u00f6ik\u00e4\u00e4 jopa 25 % .<\/span><\/p>\n<p><span style=\"color: #282828;\">Kuorma-autonrengas voidaan j\u00e4lkiurittaa, jos renkaan sivuun on merkitty regroovable\u00a0 tai U.<\/span><\/p>\n<p><span style=\"color: #282828;\">J\u00e4lkiurituksen suorittetaan valmistajan ohjeiden mukaisesti.<\/span><\/p>\n<\/div>\n<div id=\"ts-body\">\n<div class=\"css-52 ts-pivot-container\">\n<div id=\"ContentContainer\">\n<div role=\"tabpanel\" aria-labelledby=\"Pivot2-Tab0\">\n<div class=\"ts-lookup-pivot\">\n<div id=\"Lookup\" class=\"ts-pivot-lookup-component\">\n<div class=\"ms-Grid ts-grid\">\n<div class=\"ms-Grid-row\">\n<div class=\"ts-textfield-container \" lang=\"fi\">\n<div class=\"ts-alignment-view-container\">\n<div id=\"ts-alignment-view-idtgt\" class=\"ts-alignment-view ms-font-m ts-alignment-view-tgt ts-ltr-left-zero\" tabindex=\"0\" aria-hidden=\"false\">\n<div tabindex=\"0\" role=\"label\"><span style=\"color: #282828;\">Linkkej\u00e4 rengasvalmistajien\u00a0uritusohjeet:<\/span><\/div>\n<\/div>\n<div tabindex=\"0\" role=\"label\">\n<ul>\n<li><span style=\"color: #ed1c24;\"><a style=\"color: #ed1c24;\" href=\"https:\/\/blobs.continental-tires.com\/www8\/servlet\/blob\/1000894\/403c0a5a021c3aeda922f4f43290d073\/continental-regrooving-recommendations-en-data.pdf\" target=\"_blank\" rel=\"noopener\">Continental<\/a><\/span><\/li>\n<li><span style=\"color: #ed1c24;\"><a style=\"color: #ed1c24;\" href=\"http:\/\/tyreindustryfederation.co.uk\/wp-content\/uploads\/2017\/06\/Bridgestone-BS-TBR-Regrooving-Data-2016.pdf\" target=\"_blank\" rel=\"noopener\">Bridgestone<\/a><\/span><\/li>\n<li><span style=\"color: #ed1c24;\"><a style=\"color: #ed1c24;\" href=\"https:\/\/www.hankooktire.com\/tr\/files\/2018_08_31Technical-Manual_regrooving.pdf\" target=\"_blank\" rel=\"noopener\">Hankook<\/a><\/span><\/li>\n<li><a href=\"https:\/\/www.goodyear.eu\/content\/dam\/goodyear\/truck\/pdfs\/201912_GOODYEAR_Regrooving-Table.pdf\" target=\"_blank\" rel=\"noopener\"><span style=\"color: #ed1c24;\">Goodyear<\/span><\/a><\/li>\n<li><span style=\"color: #ed1c24;\"><a style=\"color: #ed1c24;\" href=\"https:\/\/dcadprod.azureedge.net\/b2b-experience-production\/attachments\/ck58dxxk105c801o22qn18ena-pdf-regrooving-patterns.pdf\" target=\"_blank\" rel=\"noopener\">Michelin\u00a0<\/a><\/span><\/li>\n<\/ul>\n<p><span style=\"color: #282828;\">Huom: Henkil\u00f6autojen renkaissa urasyvyytt\u00e4 ei saa kasvattaa.<\/span><\/p>\n<\/div>\n<ul>\n<li>T\u00dcV ja CE hyv\u00e4ksytty.<\/li>\n<li>Valmistettu Saksassa.<\/li>\n<li>Valmistaja: Ruff<\/li>\n<li>Ter\u00e4t ostetaan erikseen.<\/li>\n<\/ul>\n<\/div>\n<p><a href=\"https:\/\/toolhouse.fi\/produkt\/blad-rillfit\/\" target=\"_blank\" rel=\"noopener\"><span style=\"color: #ed1c24;\">\u00a0<\/span><\/a><\/p>\n<\/div>\n<\/div>\n<\/div>\n<\/div>\n<\/div>\n<\/div>\n<\/div>\n<\/div>\n<\/div>\n<\/div>\n<\/div>\n<\/div>\n<\/div>\n<\/div>\n<\/div>\n<\/div>\n<\/div>\n<\/div>\n<\/div>\n<\/div>\n<\/div>\n<\/div>\n<\/div>\n<\/div>\n<\/div>\n<\/div>\n<\/div>\n<\/div>\n<\/div>\n<\/div>\n<\/div>\n<\/div>\n<\/div>\n<\/div>\n<\/div>\n<\/div>\n<\/div>\n<\/div>\n<\/div>\n<\/div>\n","protected":false},"featured_media":23243,"template":"","meta":{"_acf_changed":false,"_seopress_robots_primary_cat":"none","_seopress_titles_title":"","_seopress_titles_desc":"","_seopress_robots_index":""},"product_cat":[39,300],"product_tag":[],"class_list":{"0":"post-23238","1":"product","2":"type-product","3":"status-publish","4":"has-post-thumbnail","6":"product_cat-rengastyo","7":"product_cat-renkaan-uritus","8":"product_shipping_class-tillbehor-790e","10":"first","11":"outofstock","12":"taxable","13":"shipping-taxable","14":"purchasable","15":"product-type-simple","swatches":"rey-swatches","show_selected":""},"acf":[],"_links":{"self":[{"href":"https:\/\/toolhouse.fi\/fi\/wp-json\/wp\/v2\/product\/23238","targetHints":{"allow":["GET"]}}],"collection":[{"href":"https:\/\/toolhouse.fi\/fi\/wp-json\/wp\/v2\/product"}],"about":[{"href":"https:\/\/toolhouse.fi\/fi\/wp-json\/wp\/v2\/types\/product"}],"version-history":[{"count":0,"href":"https:\/\/toolhouse.fi\/fi\/wp-json\/wp\/v2\/product\/23238\/revisions"}],"wp:featuredmedia":[{"embeddable":true,"href":"https:\/\/toolhouse.fi\/fi\/wp-json\/wp\/v2\/media\/23243"}],"wp:attachment":[{"href":"https:\/\/toolhouse.fi\/fi\/wp-json\/wp\/v2\/media?parent=23238"}],"wp:term":[{"taxonomy":"product_cat","embeddable":true,"href":"https:\/\/toolhouse.fi\/fi\/wp-json\/wp\/v2\/product_cat?post=23238"},{"taxonomy":"product_tag","embeddable":true,"href":"https:\/\/toolhouse.fi\/fi\/wp-json\/wp\/v2\/product_tag?post=23238"}],"curies":[{"name":"wp","href":"https:\/\/api.w.org\/{rel}","templated":true}]}}