{"id":23269,"date":"2025-01-22T13:25:24","date_gmt":"2025-01-22T11:25:24","guid":{"rendered":"https:\/\/toolhouse.fi\/?post_type=product&#038;p=23269"},"modified":"2025-10-27T16:48:17","modified_gmt":"2025-10-27T14:48:17","slug":"invento-vbs-200e","status":"publish","type":"product","link":"https:\/\/toolhouse.fi\/fi\/tuote\/invento-vbs-200e\/","title":{"rendered":"INVENTO VBS 200E"},"content":{"rendered":"<table class=\"n54117_dictionary\">\n<tbody>\n<tr>\n<td class=\"n54117_item_a1\">Malli:<\/td>\n<td class=\"n54117_item_b1\">Invento vbs 200e<\/td>\n<\/tr>\n<tr>\n<td class=\"n54117_item_a2\">Tyyppi<span class=\"n67256colon\">:<\/span><\/td>\n<td class=\"n54117_item_b2\">\n<div class=\"n54117_item_b_sub\">Puoliautomaattinen<\/div>\n<\/td>\n<\/tr>\n<tr>\n<td class=\"n54117_item_a1\"><span class=\"n67256colon\">Mitat <\/span><span class=\"n67256colon\">LxPxK:<\/span>&nbsp;<\/p>\n<p>Paino:<\/td>\n<td class=\"n54117_item_b1\">\n<div class=\"n54117_item_b_sub\">920 x 620 x 1160 mm<\/div>\n<div><\/div>\n<div class=\"n54117_item_b_sub\">105kg<\/div>\n<\/td>\n<\/tr>\n<tr>\n<td class=\"n54117_item_a2\"><span class=\"n67256colon\">Mittausaika:<\/span><\/td>\n<td class=\"n54117_item_b2\">\n<div class=\"n54117_item_b_sub\">8 sekuntia<\/div>\n<\/td>\n<\/tr>\n<tr>\n<td class=\"n54117_item_a1\"><span class=\"n67256colon\">Melutaso:<\/span><\/td>\n<td class=\"n54117_item_b1\">\n<div class=\"n54117_item_b_sub\">&gt; 69 dB<\/div>\n<\/td>\n<\/tr>\n<tr>\n<td class=\"n54117_item_a2\">Akselin halk:<\/td>\n<td class=\"n54117_item_b2\">\n<div class=\"n54117_item_b_sub\">40mm\u00a0 x 3mm kierre<\/div>\n<\/td>\n<\/tr>\n<tr>\n<td class=\"n54117_item_a1\">Tasapainotusohjelmat:<\/td>\n<td class=\"n54117_item_b1\">\n<div class=\"n54117_item_b_sub\">3 x alu, dynaaminen, staattinen, mp<\/div>\n<\/td>\n<\/tr>\n<tr>\n<td class=\"n54117_item_a2\">Renkaan enimm\u00e4ispaino:<\/td>\n<td class=\"n54117_item_b2\">\n<div class=\"n54117_item_b_sub\">65 kg<\/div>\n<\/td>\n<\/tr>\n<tr>\n<td class=\"n54117_item_a1\"><span class=\"n67256colon\">Py\u00f6rimisnopeus:<\/span><\/td>\n<td class=\"n54117_item_b1\">\n<div class=\"n54117_item_b_sub\">200 rpm<\/div>\n<\/td>\n<\/tr>\n<tr>\n<td class=\"n54117_item_a2\"><span class=\"n67256colon\">Tarkkuus:<\/span><\/td>\n<td class=\"n54117_item_b2\">\n<div class=\"n54117_item_b_sub\">1g<\/div>\n<\/td>\n<\/tr>\n<tr>\n<td class=\"n54117_item_a1\">Vanteen halkaisija:<\/td>\n<td class=\"n54117_item_b1\">\n<div class=\"n54117_item_b_sub\">10 \u201c- 28\u201d<\/div>\n<\/td>\n<\/tr>\n<tr>\n<td class=\"n54117_item_a2\"><span class=\"n67256colon\">Painon asettaminen:<\/span><\/td>\n<td class=\"n54117_item_b2\">\n<div class=\"n54117_item_b_sub\">Led n\u00e4ytt\u00f6, \u00e4\u00e4nimerkki<\/div>\n<\/td>\n<\/tr>\n<tr>\n<td class=\"n54117_item_a1\"><span class=\"n67256colon\">Toiminnot:<\/span><\/td>\n<td class=\"n54117_item_b1\">\n<div class=\"n54117_item_b_sub\">Autokalibrointi, auto-diagnoosi,<\/div>\n<\/td>\n<\/tr>\n<tr>\n<td class=\"n54117_item_a2\"><span class=\"n67256colon\">Automaattinen mittaus:<\/span><\/td>\n<td class=\"n54117_item_b2\">\n<div class=\"n54117_item_b_sub\">Halkaisija, \u00a0et\u00e4isyys<\/div>\n<\/td>\n<\/tr>\n<tr>\n<td class=\"n54117_item_a1\">J\u00e4nnite<span class=\"n67256colon\">:<\/span><\/td>\n<td class=\"n54117_item_b1\">\n<div class=\"n54117_item_b_sub\">230V 50Hz<\/div>\n<\/td>\n<\/tr>\n<tr>\n<td class=\"n54117_item_a2\">Takuu<span class=\"n67256colon\">:<\/span><\/td>\n<td class=\"n54117_item_b2\">\n<div class=\"n54117_item_b_sub\">12 kuukautta<\/div>\n<\/td>\n<\/tr>\n<tr>\n<td class=\"n54117_item_a1\"><span class=\"n67256colon\">Ce-hyv\u00e4ksytty:<\/span><\/td>\n<td class=\"n54117_item_b1\">\n<div class=\"n54117_item_b_sub\">Kyll\u00e4<\/div>\n<\/td>\n<\/tr>\n<\/tbody>\n<\/table>\n","protected":false},"excerpt":{"rendered":"<p><strong>Invento VBS 200E<\/strong><\/p>\n<p>Invento VBS 200E on vakaa ja luotettava tasapainotuskone, joka tarjoaa korkean suorituskyvyn. Koneessa on erityisen suuret n\u00e4yt\u00f6t, jotka tekev\u00e4t k\u00e4yt\u00f6st\u00e4 helppoa ja selke\u00e4\u00e4. Sen vankka rakenne, korkea omapaino ja suuri pohjalevy varmistavat vakauden, mik\u00e4 tekee siit\u00e4 ihanteellisen sek\u00e4 isompien ett\u00e4 raskaampien renkaiden tasapainotukseen samalla, kun se tuottaa tarkkoja ja luotettavia mittaustuloksia.<\/p>\n<p><strong>Useita tasapainotusohjelmia<\/strong><br \/>\nKoneessa on kolme erityist\u00e4 ohjelmaa kevytmetallivanteille ja yksi ohjelma moottoripy\u00f6r\u00e4n renkaille. N\u00e4m\u00e4 ohjelmat nopeuttavat ty\u00f6skentely\u00e4 ja parantavat tasapainotuksen tarkkuutta.<\/p>\n<p>Kone tukee dynaamista sek\u00e4 staattista tasapainotusta.<\/p>\n<p><strong>LED-n\u00e4ytt\u00f6<\/strong><\/p>\n<p>Eritt\u00e4in suuri LED-n\u00e4ytt\u00f6 n\u00e4ytt\u00e4\u00e4 tarkan ep\u00e4tasapainon sijainnin. Koneessa on my\u00f6s suuret ja selke\u00e4t painikkeet helppoa k\u00e4ytt\u00f6\u00e4 varten.<\/p>\n<p><strong>Akselin halkaisija: 40 mm<\/strong><\/p>\n<p>VBS 200E on varustettu 40 mm:n akselilla, ja siihen on saatavana laaja valikoima yhteensopivia lis\u00e4varusteita.<\/p>\n<p><strong>Itsediagnostiikka ja kalibrointi<\/strong><\/p>\n<p>Koneessa on sis\u00e4\u00e4nrakennettu itsediagnostiikkaj\u00e4rjestelm\u00e4, jonka avulla mahdolliset ongelmat on helppo tunnistaa. K\u00e4ytt\u00e4j\u00e4yst\u00e4v\u00e4llinen kalibrointitoiminto antaa k\u00e4ytt\u00e4j\u00e4n itse s\u00e4\u00e4t\u00e4\u00e4 koneen optimaalista suorituskyky\u00e4 varten.<\/p>\n<p><strong>Vakiovarusteet<\/strong><\/p>\n<ul>\n<li>Kartiot (4 kpl)<\/li>\n<li>Pikamutteri<\/li>\n<li>Painopihdit<\/li>\n<li>Vannemitta<\/li>\n<li>Kalibrointipaino<\/li>\n<\/ul>\n","protected":false},"featured_media":23289,"template":"","meta":{"_acf_changed":false,"_seopress_robots_primary_cat":"none","_seopress_titles_title":"","_seopress_titles_desc":"","_seopress_robots_index":""},"product_cat":[39,187,622],"product_tag":[],"class_list":{"0":"post-23269","1":"product","2":"type-product","3":"status-publish","4":"has-post-thumbnail","6":"product_cat-rengastyo","7":"product_cat-tasapainotuskoneet","8":"product_cat-tasapainotuskoneet-kevyt-kalusto","10":"first","11":"outofstock","12":"taxable","13":"shipping-taxable","14":"purchasable","15":"product-type-simple","swatches":"rey-swatches","show_selected":""},"acf":[],"_links":{"self":[{"href":"https:\/\/toolhouse.fi\/fi\/wp-json\/wp\/v2\/product\/23269","targetHints":{"allow":["GET"]}}],"collection":[{"href":"https:\/\/toolhouse.fi\/fi\/wp-json\/wp\/v2\/product"}],"about":[{"href":"https:\/\/toolhouse.fi\/fi\/wp-json\/wp\/v2\/types\/product"}],"version-history":[{"count":3,"href":"https:\/\/toolhouse.fi\/fi\/wp-json\/wp\/v2\/product\/23269\/revisions"}],"predecessor-version":[{"id":24017,"href":"https:\/\/toolhouse.fi\/fi\/wp-json\/wp\/v2\/product\/23269\/revisions\/24017"}],"wp:featuredmedia":[{"embeddable":true,"href":"https:\/\/toolhouse.fi\/fi\/wp-json\/wp\/v2\/media\/23289"}],"wp:attachment":[{"href":"https:\/\/toolhouse.fi\/fi\/wp-json\/wp\/v2\/media?parent=23269"}],"wp:term":[{"taxonomy":"product_cat","embeddable":true,"href":"https:\/\/toolhouse.fi\/fi\/wp-json\/wp\/v2\/product_cat?post=23269"},{"taxonomy":"product_tag","embeddable":true,"href":"https:\/\/toolhouse.fi\/fi\/wp-json\/wp\/v2\/product_tag?post=23269"}],"curies":[{"name":"wp","href":"https:\/\/api.w.org\/{rel}","templated":true}]}}