{"id":2331,"date":"2021-01-19T18:53:25","date_gmt":"2021-01-19T16:53:25","guid":{"rendered":"https:\/\/toolhouse.fi\/produkt\/korotuspalat-1-ja-2-pilarinostimille-70mm\/"},"modified":"2025-08-05T15:33:38","modified_gmt":"2025-08-05T12:33:38","slug":"korotuspalat-1-ja-2-pilarinostimille-4kpl-100mm","status":"publish","type":"product","link":"https:\/\/toolhouse.fi\/fi\/tuote\/korotuspalat-1-ja-2-pilarinostimille-4kpl-100mm\/","title":{"rendered":"Korotuspalat 1 ja 2 pilarinostimille 4kpl\/100mm"},"content":{"rendered":"<p>100mm korotuspalat 1 ja 2-pilarinostureihin<\/p>\n<p>Sarja sis\u00e4lt\u00e4\u00e4 4 korotuspalaa<\/p>\n","protected":false},"excerpt":{"rendered":"<p>100mm korotuspalat 1 ja 2-pilarinostureihin Sarja sis\u00e4lt\u00e4\u00e4 4 korotuspalaa<\/p>\n","protected":false},"featured_media":27620,"template":"","meta":{"_acf_changed":false,"_seopress_robots_primary_cat":"none","_seopress_titles_title":"","_seopress_titles_desc":"","_seopress_robots_index":""},"product_cat":[455,290],"product_tag":[],"class_list":{"0":"post-2331","1":"product","2":"type-product","3":"status-publish","4":"has-post-thumbnail","6":"product_cat-ajoneuvonostimet","7":"product_cat-varaosat-ja-tarvikkeet","8":"product_shipping_class-tillbehor-590e","10":"first","11":"outofstock","12":"taxable","13":"shipping-taxable","14":"purchasable","15":"product-type-simple","swatches":"rey-swatches","show_selected":""},"acf":[],"_links":{"self":[{"href":"https:\/\/toolhouse.fi\/fi\/wp-json\/wp\/v2\/product\/2331","targetHints":{"allow":["GET"]}}],"collection":[{"href":"https:\/\/toolhouse.fi\/fi\/wp-json\/wp\/v2\/product"}],"about":[{"href":"https:\/\/toolhouse.fi\/fi\/wp-json\/wp\/v2\/types\/product"}],"version-history":[{"count":0,"href":"https:\/\/toolhouse.fi\/fi\/wp-json\/wp\/v2\/product\/2331\/revisions"}],"wp:featuredmedia":[{"embeddable":true,"href":"https:\/\/toolhouse.fi\/fi\/wp-json\/wp\/v2\/media\/27620"}],"wp:attachment":[{"href":"https:\/\/toolhouse.fi\/fi\/wp-json\/wp\/v2\/media?parent=2331"}],"wp:term":[{"taxonomy":"product_cat","embeddable":true,"href":"https:\/\/toolhouse.fi\/fi\/wp-json\/wp\/v2\/product_cat?post=2331"},{"taxonomy":"product_tag","embeddable":true,"href":"https:\/\/toolhouse.fi\/fi\/wp-json\/wp\/v2\/product_tag?post=2331"}],"curies":[{"name":"wp","href":"https:\/\/api.w.org\/{rel}","templated":true}]}}