{"id":2333,"date":"2021-01-19T19:04:23","date_gmt":"2021-01-19T17:04:23","guid":{"rendered":"https:\/\/toolhouse.fi\/produkt\/korotuspalat-1-ja-2-pilarinostimille-100mm\/"},"modified":"2026-02-08T09:11:12","modified_gmt":"2026-02-08T07:11:12","slug":"korotuspalat-1-ja-2-pilarinostimille-100mm","status":"publish","type":"product","link":"https:\/\/toolhouse.fi\/fi\/tuote\/korotuspalat-1-ja-2-pilarinostimille-100mm\/","title":{"rendered":"Korotuspalat 1 ja 2 pilarinostimille 4kpl\/86mm"},"content":{"rendered":"","protected":false},"excerpt":{"rendered":"<p>86mm korotuspalat 1 ja 2-pilarinostureihin<\/p>\n<p>Sis\u00e4lt\u00e4\u00e4 4kpl<\/p>\n","protected":false},"featured_media":6379,"template":"","meta":{"_acf_changed":false,"_seopress_robots_primary_cat":"none","_seopress_titles_title":"","_seopress_titles_desc":"","_seopress_robots_index":""},"product_cat":[455,290],"product_tag":[],"class_list":{"0":"post-2333","1":"product","2":"type-product","3":"status-publish","4":"has-post-thumbnail","6":"product_cat-ajoneuvonostimet","7":"product_cat-varaosat-ja-tarvikkeet","8":"product_shipping_class-tillbehor-590e","10":"first","11":"instock","12":"sale","13":"taxable","14":"shipping-taxable","15":"purchasable","16":"product-type-simple","swatches":"rey-swatches","show_selected":""},"acf":[],"_links":{"self":[{"href":"https:\/\/toolhouse.fi\/fi\/wp-json\/wp\/v2\/product\/2333","targetHints":{"allow":["GET"]}}],"collection":[{"href":"https:\/\/toolhouse.fi\/fi\/wp-json\/wp\/v2\/product"}],"about":[{"href":"https:\/\/toolhouse.fi\/fi\/wp-json\/wp\/v2\/types\/product"}],"version-history":[{"count":0,"href":"https:\/\/toolhouse.fi\/fi\/wp-json\/wp\/v2\/product\/2333\/revisions"}],"wp:featuredmedia":[{"embeddable":true,"href":"https:\/\/toolhouse.fi\/fi\/wp-json\/wp\/v2\/media\/6379"}],"wp:attachment":[{"href":"https:\/\/toolhouse.fi\/fi\/wp-json\/wp\/v2\/media?parent=2333"}],"wp:term":[{"taxonomy":"product_cat","embeddable":true,"href":"https:\/\/toolhouse.fi\/fi\/wp-json\/wp\/v2\/product_cat?post=2333"},{"taxonomy":"product_tag","embeddable":true,"href":"https:\/\/toolhouse.fi\/fi\/wp-json\/wp\/v2\/product_tag?post=2333"}],"curies":[{"name":"wp","href":"https:\/\/api.w.org\/{rel}","templated":true}]}}