{"id":23334,"date":"2025-01-24T15:59:06","date_gmt":"2025-01-24T13:59:06","guid":{"rendered":"https:\/\/toolhouse.fi\/?post_type=product&#038;p=23334"},"modified":"2025-11-21T00:28:40","modified_gmt":"2025-11-20T22:28:40","slug":"paineilmaletkukela-liittimilla-20-m-invento","status":"publish","type":"product","link":"https:\/\/toolhouse.fi\/fi\/tuote\/paineilmaletkukela-liittimilla-20-m-invento\/","title":{"rendered":"Paineilmaletkukela liittimill\u00e4 20 m INVENTO"},"content":{"rendered":"<table class=\"n54117_dictionary\">\n<tbody>\n<tr>\n<td class=\"n54117_item_a1\">Valmistaja:<\/p>\n<p>Pika sein\u00e4kiinnike:<\/td>\n<td class=\"n54117_item_b1\">\n<div class=\"n54117_item_b_sub\">Invento<\/div>\n<div><\/div>\n<div class=\"n54117_item_b_sub\">Kyll\u00e4<\/div>\n<\/td>\n<\/tr>\n<tr>\n<td class=\"n54117_item_a2\">Kierre:<\/td>\n<td class=\"n54117_item_b2\">\n<div class=\"n54117_item_b_sub\">1\/4<\/div>\n<\/td>\n<\/tr>\n<tr>\n<td class=\"n54117_item_a1\">Sis\u00e4lt\u00e4\u00e4 liitimet:<\/td>\n<td class=\"n54117_item_b1\">kyll\u00e4<\/td>\n<\/tr>\n<tr>\n<td class=\"n54117_item_a2\">Letkun pituus <span class=\"n67256colon\">:<\/span><\/td>\n<td class=\"n54117_item_b2\">\n<div class=\"n54117_item_b_sub\">20 m<\/div>\n<\/td>\n<\/tr>\n<tr>\n<td class=\"n54117_item_a1\">Liitosletkun pituus:<\/td>\n<td class=\"n54117_item_b1\">\n<div class=\"n54117_item_b_sub\">2 m<\/div>\n<\/td>\n<\/tr>\n<tr>\n<td class=\"n54117_item_a2\">K\u00e4ytt\u00f6l\u00e4mp\u00f6tila:<\/td>\n<td class=\"n54117_item_b2\">\n<div class=\"n54117_item_b_sub\">-5\u00b0C \u2013 +55\u00b0C<\/div>\n<\/td>\n<\/tr>\n<tr>\n<td class=\"n54117_item_a1\"><span class=\"n67256colon\">Automaattinen lukitus:<\/span><\/td>\n<td class=\"n54117_item_b1\">\n<div class=\"n54117_item_b_sub\">kyll\u00e4<\/div>\n<\/td>\n<\/tr>\n<tr>\n<td class=\"n54117_item_a2\">Ce-hyv\u00e4ksytty:<\/td>\n<td class=\"n54117_item_b2\">\n<div class=\"n54117_item_b_sub\">kyll\u00e4<\/div>\n<\/td>\n<\/tr>\n<tr>\n<td class=\"n54117_item_a1\">Letkun halk ulko:<\/p>\n<p>Letkun halk sis\u00e4:<\/td>\n<td class=\"n54117_item_b1\">\n<div class=\"n54117_item_b_sub\">15,8mm<\/div>\n<div><\/div>\n<div>9,5mm<\/div>\n<\/td>\n<\/tr>\n<tr>\n<td class=\"n54117_item_a2\">Paino:<\/p>\n<p>Mitat(PxLxK):<\/td>\n<td class=\"n54117_item_b2\">\n<div class=\"n54117_item_b_sub\">11,4 kg<\/div>\n<div><\/div>\n<div>51 x 27.5 x 47cm<\/div>\n<\/td>\n<\/tr>\n<tr>\n<td class=\"n54117_item_a1\"><span class=\"n67256colon\">Ty\u00f6paine:<\/span><\/p>\n<p>R\u00e4j\u00e4hdyspaine:<\/td>\n<td class=\"n54117_item_b1\">\n<div class=\"n54117_item_b_sub\">10 bar<\/div>\n<div><\/div>\n<div>30 bar<\/div>\n<\/td>\n<\/tr>\n<tr>\n<td class=\"n54117_item_a2\"><span class=\"n67256colon\">Takuu:<\/span><\/td>\n<td class=\"n54117_item_b2\">\n<div class=\"n54117_item_b_sub\">1 vuosi<\/div>\n<\/td>\n<\/tr>\n<\/tbody>\n<\/table>\n","protected":false},"excerpt":{"rendered":"<h3>INVENTO letkukela<\/h3>\n<ul>\n<li><strong>Letkun pituus:<\/strong> 20 metri\u00e4<\/li>\n<li><strong>Liitosletku:<\/strong> 2 metri\u00e4<\/li>\n<li><strong>Letkun mitat:<\/strong> 9,5 x 15,8 mm<\/li>\n<li><strong>Helppo ja turvallinen kelautuminen<\/strong><\/li>\n<li><strong>Lukitusmekanismi:<\/strong> Automaattinen lukitus 5 cm v\u00e4lein<\/li>\n<li><strong>Letkun ohjaus:<\/strong> Est\u00e4\u00e4 sotkeutumisen ja helpottaa k\u00e4ytt\u00f6\u00e4<\/li>\n<li><strong>Sein\u00e4kiinnike:<\/strong> 180\u00b0 k\u00e4\u00e4ntyv\u00e4 ja helposti irrotettava<\/li>\n<li><strong>Sertifikaatit:<\/strong> CE- ja ROHS-hyv\u00e4ksytty<\/li>\n<li><strong>Mukana laadukkaat pikaliittimet<\/strong><\/li>\n<\/ul>\n<hr \/>\n<p><strong>Korkealaatuinen letkukela<\/strong><br \/>\nInvento letkukela on varustettu joustavalla ja kest\u00e4v\u00e4ll\u00e4 PVC-letkulla, jonka suuri 15,8 mm halkaisija tekee siit\u00e4 t\u00e4ydellisen vaativaan k\u00e4ytt\u00f6\u00f6n.<\/p>\n<p><strong>Helppo ja sujuva k\u00e4ytt\u00f6:<\/strong><br \/>\nInvento-letkukela on suunniteltu k\u00e4ytt\u00e4j\u00e4yst\u00e4v\u00e4lliseksi, ja siin\u00e4 on automaattinen kelan pys\u00e4ytystoiminto sek\u00e4 lukitus 5 cm v\u00e4lein. Hidastettu kelautuminen ja mahdollisuus pys\u00e4ytt\u00e4\u00e4 letku vapaasti tekev\u00e4t k\u00e4yt\u00f6st\u00e4 turvallista ja tehokasta. K\u00e4yt\u00f6n j\u00e4lkeen riitt\u00e4\u00e4, ett\u00e4 ved\u00e4t letkua kevyesti, jolloin se kelautuu automaattisesti ja siististi takaisin.<\/p>\n<p><strong>Vankka ja kest\u00e4v\u00e4 rakenne:<\/strong><br \/>\nKelassa on kest\u00e4v\u00e4 ABS-muovinen sy\u00f6tt\u00f6mekanismi, joka kest\u00e4\u00e4 toistuvaa ja vaativaa k\u00e4ytt\u00f6\u00e4.<\/p>\n<p><strong>Monipuolisuus ja mukautuvuus:<\/strong><br \/>\nLetkukela on helppo asentaa ja toimitetaan 180\u00b0 k\u00e4\u00e4ntyv\u00e4ll\u00e4 ja irrotettavalla sein\u00e4kiinnikkeell\u00e4, mik\u00e4 tekee sen siirt\u00e4misest\u00e4 ja k\u00e4yt\u00f6st\u00e4 vaivatonta tarpeen mukaan.<\/p>\n","protected":false},"featured_media":23303,"template":"","meta":{"_acf_changed":false,"_seopress_robots_primary_cat":"none","_seopress_titles_title":"","_seopress_titles_desc":"","_seopress_robots_index":""},"product_cat":[217,325],"product_tag":[],"class_list":{"0":"post-23334","1":"product","2":"type-product","3":"status-publish","4":"has-post-thumbnail","6":"product_cat-kompressori-ja-paineilma","7":"product_cat-letkut-ja-kelat","9":"first","10":"outofstock","11":"taxable","12":"shipping-taxable","13":"purchasable","14":"product-type-simple","swatches":"rey-swatches","show_selected":""},"acf":[],"_links":{"self":[{"href":"https:\/\/toolhouse.fi\/fi\/wp-json\/wp\/v2\/product\/23334","targetHints":{"allow":["GET"]}}],"collection":[{"href":"https:\/\/toolhouse.fi\/fi\/wp-json\/wp\/v2\/product"}],"about":[{"href":"https:\/\/toolhouse.fi\/fi\/wp-json\/wp\/v2\/types\/product"}],"version-history":[{"count":5,"href":"https:\/\/toolhouse.fi\/fi\/wp-json\/wp\/v2\/product\/23334\/revisions"}],"predecessor-version":[{"id":23389,"href":"https:\/\/toolhouse.fi\/fi\/wp-json\/wp\/v2\/product\/23334\/revisions\/23389"}],"wp:featuredmedia":[{"embeddable":true,"href":"https:\/\/toolhouse.fi\/fi\/wp-json\/wp\/v2\/media\/23303"}],"wp:attachment":[{"href":"https:\/\/toolhouse.fi\/fi\/wp-json\/wp\/v2\/media?parent=23334"}],"wp:term":[{"taxonomy":"product_cat","embeddable":true,"href":"https:\/\/toolhouse.fi\/fi\/wp-json\/wp\/v2\/product_cat?post=23334"},{"taxonomy":"product_tag","embeddable":true,"href":"https:\/\/toolhouse.fi\/fi\/wp-json\/wp\/v2\/product_tag?post=23334"}],"curies":[{"name":"wp","href":"https:\/\/api.w.org\/{rel}","templated":true}]}}