{"id":23372,"date":"2025-01-27T17:29:32","date_gmt":"2025-01-27T15:29:32","guid":{"rendered":"https:\/\/toolhouse.fi\/?post_type=product&#038;p=23372"},"modified":"2025-01-27T17:33:17","modified_gmt":"2025-01-27T15:33:17","slug":"rengasrasva-raskas-kalusto","status":"publish","type":"product","link":"https:\/\/toolhouse.fi\/fi\/tuote\/rengasrasva-raskas-kalusto\/","title":{"rendered":"Rengasrasva raskas kalusto"},"content":{"rendered":"","protected":false},"excerpt":{"rendered":"<h3>INVENTO TRUCK Rengasrasva<\/h3>\n<p>Invento Truck -Rengasrasva on erityisesti kehitetty helpottamaan kuorma- ja maatalousrenkaiden renkaiden asennusta ja irrotusta. Sen ainutlaatuinen koostumus sis\u00e4lt\u00e4\u00e4 luonnonhartseja, jotka tarjoavat korkean kitkan, sek\u00e4 lis\u00e4aineita, jotka suojaavat korroosiolta.<\/p>\n<p><strong>K\u00e4ytt\u00f6kohteet ja ominaisuudet:<\/strong><\/p>\n<ul>\n<li>Nopea ja tarkka asennus<\/li>\n<li>Renkaan oikea sijoittaminen vanteelle<\/li>\n<li>Est\u00e4\u00e4 kuorma-auton renkaiden juuttumisen tai vaurioitumisen suurissa kuormituksissa asennuksen ja irrotuksen aikana<\/li>\n<li>Helpottaa kuorma- ja maatalousrenkaiden asennusta<\/li>\n<li>Ehk\u00e4isee vaurioita renkaan irrotuksen yhteydess\u00e4<\/li>\n<li>Erinomainen tiivistyskyky renkaan ja vanteen v\u00e4lill\u00e4<\/li>\n<li>Varmistaa renkaan tarkan asettelun vanteelle<\/li>\n<li>Suojaa korroosiolta<\/li>\n<li>Sopii renkaille, joilla on korkea kitkakerroin<\/li>\n<li>-15 \u00b0C \u2013 +50 \u00b0C<\/li>\n<li>Vesipohjainen<\/li>\n<li>Pakkauskoko: 5 kg<\/li>\n<\/ul>\n","protected":false},"featured_media":23370,"template":"","meta":{"_acf_changed":false,"_seopress_robots_primary_cat":"","_seopress_titles_title":"","_seopress_titles_desc":"","_seopress_robots_index":""},"product_cat":[475,188,474,39],"product_tag":[],"class_list":{"0":"post-23372","1":"product","2":"type-product","3":"status-publish","4":"has-post-thumbnail","6":"product_cat-lisavarusteet-ja-varaosat","7":"product_cat-rengaskoneet","8":"product_cat-rengaskoneet-raskaalle-kalustolle","9":"product_cat-rengastyo","11":"first","12":"instock","13":"taxable","14":"shipping-taxable","15":"purchasable","16":"product-type-simple","swatches":"rey-swatches","show_selected":""},"acf":[],"_links":{"self":[{"href":"https:\/\/toolhouse.fi\/fi\/wp-json\/wp\/v2\/product\/23372","targetHints":{"allow":["GET"]}}],"collection":[{"href":"https:\/\/toolhouse.fi\/fi\/wp-json\/wp\/v2\/product"}],"about":[{"href":"https:\/\/toolhouse.fi\/fi\/wp-json\/wp\/v2\/types\/product"}],"version-history":[{"count":0,"href":"https:\/\/toolhouse.fi\/fi\/wp-json\/wp\/v2\/product\/23372\/revisions"}],"wp:featuredmedia":[{"embeddable":true,"href":"https:\/\/toolhouse.fi\/fi\/wp-json\/wp\/v2\/media\/23370"}],"wp:attachment":[{"href":"https:\/\/toolhouse.fi\/fi\/wp-json\/wp\/v2\/media?parent=23372"}],"wp:term":[{"taxonomy":"product_cat","embeddable":true,"href":"https:\/\/toolhouse.fi\/fi\/wp-json\/wp\/v2\/product_cat?post=23372"},{"taxonomy":"product_tag","embeddable":true,"href":"https:\/\/toolhouse.fi\/fi\/wp-json\/wp\/v2\/product_tag?post=23372"}],"curies":[{"name":"wp","href":"https:\/\/api.w.org\/{rel}","templated":true}]}}