{"id":23414,"date":"2025-01-29T15:36:00","date_gmt":"2025-01-29T13:36:00","guid":{"rendered":"https:\/\/toolhouse.fi\/?post_type=product&#038;p=23414"},"modified":"2026-04-27T17:08:09","modified_gmt":"2026-04-27T14:08:09","slug":"tr413-venttiili-100kpl-purettu","status":"publish","type":"product","link":"https:\/\/toolhouse.fi\/fi\/tuote\/tr413-venttiili-100kpl-purettu\/","title":{"rendered":"TR413 venttiili 100kpl purettu"},"content":{"rendered":"","protected":false},"excerpt":{"rendered":"<h3>TR 413 \u2013 100 kpl EPDM\/Messinki<\/h3>\n<p>Laadukkaat TR 413 -venttiilit, venttiilinhattu ja -sielu on irrotettu valmiiksi. Pakkauksessa 100 kpl\u00a0venttiilej\u00e4, 100 kpl venttiilineuloja ja 100 kpl venttiilihattuja.<\/p>\n<ul>\n<li>Sopii useimpiin ter\u00e4s- ja kevytmetallivanteisiin<\/li>\n<li>Valmistettu EPDM-kumista ja messingist\u00e4 kest\u00e4vyyden takaamiseksi<\/li>\n<li>Kulutusta ja s\u00e4\u00e4olosuhteita kest\u00e4v\u00e4 materiaali<\/li>\n<li>Venttiili ja ydin messingist\u00e4<\/li>\n<li>Valmistettu Saksassa &amp; T\u00dcV-hyv\u00e4ksytty<\/li>\n<li>Vanteen rei\u00e4n halkaisija: 11,3 mm<\/li>\n<li>Pituus: 43 mm<\/li>\n<\/ul>\n<p>Valmistaja<strong>:<\/strong> Tip-Topol<\/p>\n","protected":false},"featured_media":23409,"template":"","meta":{"_acf_changed":false,"_seopress_robots_primary_cat":"","_seopress_titles_title":"","_seopress_titles_desc":"","_seopress_robots_index":""},"product_cat":[39,298],"product_tag":[],"class_list":{"0":"post-23414","1":"product","2":"type-product","3":"status-publish","4":"has-post-thumbnail","6":"product_cat-rengastyo","7":"product_cat-rengasventtiilit","9":"first","10":"instock","11":"taxable","12":"shipping-taxable","13":"purchasable","14":"product-type-simple","swatches":"rey-swatches","show_selected":""},"acf":[],"_links":{"self":[{"href":"https:\/\/toolhouse.fi\/fi\/wp-json\/wp\/v2\/product\/23414","targetHints":{"allow":["GET"]}}],"collection":[{"href":"https:\/\/toolhouse.fi\/fi\/wp-json\/wp\/v2\/product"}],"about":[{"href":"https:\/\/toolhouse.fi\/fi\/wp-json\/wp\/v2\/types\/product"}],"version-history":[{"count":0,"href":"https:\/\/toolhouse.fi\/fi\/wp-json\/wp\/v2\/product\/23414\/revisions"}],"wp:featuredmedia":[{"embeddable":true,"href":"https:\/\/toolhouse.fi\/fi\/wp-json\/wp\/v2\/media\/23409"}],"wp:attachment":[{"href":"https:\/\/toolhouse.fi\/fi\/wp-json\/wp\/v2\/media?parent=23414"}],"wp:term":[{"taxonomy":"product_cat","embeddable":true,"href":"https:\/\/toolhouse.fi\/fi\/wp-json\/wp\/v2\/product_cat?post=23414"},{"taxonomy":"product_tag","embeddable":true,"href":"https:\/\/toolhouse.fi\/fi\/wp-json\/wp\/v2\/product_tag?post=23414"}],"curies":[{"name":"wp","href":"https:\/\/api.w.org\/{rel}","templated":true}]}}