{"id":23591,"date":"2025-02-04T16:45:18","date_gmt":"2025-02-04T14:53:01","guid":{"rendered":"https:\/\/toolhouse.fi\/?post_type=product&#038;p=23591"},"modified":"2025-02-05T13:02:16","modified_gmt":"2025-02-05T11:02:16","slug":"mp-atv-rengas-adapterit","status":"publish","type":"product","link":"https:\/\/toolhouse.fi\/fi\/tuote\/mp-atv-rengas-adapterit\/","title":{"rendered":"Mp\/atv rengas adapterit Invento"},"content":{"rendered":"","protected":false},"excerpt":{"rendered":"<p class=\"product-title\">Mp\/atv rengas adapterit rengaskoneeseen.<\/p>\n<ul>\n<li class=\"item_kuvaus\">4kpl sarja.<\/li>\n<li>K\u00e4\u00e4nnett\u00e4v\u00e4t leuat<\/li>\n<\/ul>\n<p>Lis\u00e4\u00e4 noin 3-5\u2033\u00a0 koneen vanteen kokoa ja v\u00e4hent\u00e4\u00e4 noin 3-5\u2033 rengaskoneen mallista riippuen.<\/p>\n<p class=\"item_kuvaus\"><strong>Sopii<\/strong>:<\/p>\n<ul>\n<li>Invento TCS 521<\/li>\n<li>Invento TCS 524<\/li>\n<\/ul>\n<p>&nbsp;<\/p>\n","protected":false},"featured_media":23630,"template":"","meta":{"_acf_changed":false,"_seopress_robots_primary_cat":"none","_seopress_titles_title":"","_seopress_titles_desc":"","_seopress_robots_index":""},"product_cat":[475,39],"product_tag":[],"class_list":{"0":"post-23591","1":"product","2":"type-product","3":"status-publish","4":"has-post-thumbnail","6":"product_cat-lisavarusteet-ja-varaosat","7":"product_cat-rengastyo","9":"first","10":"instock","11":"taxable","12":"shipping-taxable","13":"purchasable","14":"product-type-simple","swatches":"rey-swatches","show_selected":""},"acf":[],"_links":{"self":[{"href":"https:\/\/toolhouse.fi\/fi\/wp-json\/wp\/v2\/product\/23591","targetHints":{"allow":["GET"]}}],"collection":[{"href":"https:\/\/toolhouse.fi\/fi\/wp-json\/wp\/v2\/product"}],"about":[{"href":"https:\/\/toolhouse.fi\/fi\/wp-json\/wp\/v2\/types\/product"}],"version-history":[{"count":2,"href":"https:\/\/toolhouse.fi\/fi\/wp-json\/wp\/v2\/product\/23591\/revisions"}],"predecessor-version":[{"id":23627,"href":"https:\/\/toolhouse.fi\/fi\/wp-json\/wp\/v2\/product\/23591\/revisions\/23627"}],"wp:featuredmedia":[{"embeddable":true,"href":"https:\/\/toolhouse.fi\/fi\/wp-json\/wp\/v2\/media\/23630"}],"wp:attachment":[{"href":"https:\/\/toolhouse.fi\/fi\/wp-json\/wp\/v2\/media?parent=23591"}],"wp:term":[{"taxonomy":"product_cat","embeddable":true,"href":"https:\/\/toolhouse.fi\/fi\/wp-json\/wp\/v2\/product_cat?post=23591"},{"taxonomy":"product_tag","embeddable":true,"href":"https:\/\/toolhouse.fi\/fi\/wp-json\/wp\/v2\/product_tag?post=23591"}],"curies":[{"name":"wp","href":"https:\/\/api.w.org\/{rel}","templated":true}]}}