{"id":23605,"date":"2025-02-04T18:20:44","date_gmt":"2025-02-04T16:25:06","guid":{"rendered":"https:\/\/toolhouse.fi\/?post_type=product&#038;p=23605"},"modified":"2025-02-04T18:28:50","modified_gmt":"2025-02-04T16:28:50","slug":"muovisuojasarja-rengaskoneen-kapaliin-tcs-524","status":"publish","type":"product","link":"https:\/\/toolhouse.fi\/fi\/tuote\/muovisuojasarja-rengaskoneen-kapaliin-tcs-524\/","title":{"rendered":"Muovisuojasarja rengaskoneen k\u00e4p\u00e4liin TCS 524"},"content":{"rendered":"","protected":false},"excerpt":{"rendered":"<p>Muovisuojat rengaskoneen k\u00e4p\u00e4liin<\/p>\n<p>Sarja, sis\u00e4lt\u00e4\u00e4 nelj\u00e4 kappaletta.<\/p>\n<p>Sopii malliin Invento TCS 524 2V.<\/p>\n","protected":false},"featured_media":23610,"template":"","meta":{"_acf_changed":false,"_seopress_robots_primary_cat":"none","_seopress_titles_title":"","_seopress_titles_desc":"","_seopress_robots_index":""},"product_cat":[475,39],"product_tag":[],"class_list":{"0":"post-23605","1":"product","2":"type-product","3":"status-publish","4":"has-post-thumbnail","6":"product_cat-lisavarusteet-ja-varaosat","7":"product_cat-rengastyo","9":"first","10":"instock","11":"taxable","12":"shipping-taxable","13":"purchasable","14":"product-type-simple","swatches":"rey-swatches","show_selected":""},"acf":[],"_links":{"self":[{"href":"https:\/\/toolhouse.fi\/fi\/wp-json\/wp\/v2\/product\/23605","targetHints":{"allow":["GET"]}}],"collection":[{"href":"https:\/\/toolhouse.fi\/fi\/wp-json\/wp\/v2\/product"}],"about":[{"href":"https:\/\/toolhouse.fi\/fi\/wp-json\/wp\/v2\/types\/product"}],"version-history":[{"count":2,"href":"https:\/\/toolhouse.fi\/fi\/wp-json\/wp\/v2\/product\/23605\/revisions"}],"predecessor-version":[{"id":23611,"href":"https:\/\/toolhouse.fi\/fi\/wp-json\/wp\/v2\/product\/23605\/revisions\/23611"}],"wp:featuredmedia":[{"embeddable":true,"href":"https:\/\/toolhouse.fi\/fi\/wp-json\/wp\/v2\/media\/23610"}],"wp:attachment":[{"href":"https:\/\/toolhouse.fi\/fi\/wp-json\/wp\/v2\/media?parent=23605"}],"wp:term":[{"taxonomy":"product_cat","embeddable":true,"href":"https:\/\/toolhouse.fi\/fi\/wp-json\/wp\/v2\/product_cat?post=23605"},{"taxonomy":"product_tag","embeddable":true,"href":"https:\/\/toolhouse.fi\/fi\/wp-json\/wp\/v2\/product_tag?post=23605"}],"curies":[{"name":"wp","href":"https:\/\/api.w.org\/{rel}","templated":true}]}}