{"id":23640,"date":"2025-02-05T13:23:36","date_gmt":"2025-02-05T11:23:36","guid":{"rendered":"https:\/\/toolhouse.fi\/?post_type=product&#038;p=23640"},"modified":"2026-04-07T22:32:54","modified_gmt":"2026-04-07T19:32:54","slug":"muovisuojasarja-rengaskoneen-kapaliin-tcs-521","status":"publish","type":"product","link":"https:\/\/toolhouse.fi\/fi\/tuote\/muovisuojasarja-rengaskoneen-kapaliin-tcs-521\/","title":{"rendered":"Muovisuojasarja rengaskoneen k\u00e4p\u00e4liin TCS 521 \/ SM26JF PRO"},"content":{"rendered":"","protected":false},"excerpt":{"rendered":"<p>Muovisuojat rengaskoneen k\u00e4p\u00e4liin<\/p>\n<ul>\n<li>Sarja, sis\u00e4lt\u00e4\u00e4 nelj\u00e4 kappaletta<\/li>\n<li>Pitk\u00e4 malli<\/li>\n<li>Sopii: Invento TCS 521 ja SM26JF PRO<\/li>\n<\/ul>\n","protected":false},"featured_media":23638,"template":"","meta":{"_acf_changed":false,"_seopress_robots_primary_cat":"none","_seopress_titles_title":"","_seopress_titles_desc":"","_seopress_robots_index":""},"product_cat":[475,39],"product_tag":[],"class_list":{"0":"post-23640","1":"product","2":"type-product","3":"status-publish","4":"has-post-thumbnail","6":"product_cat-lisavarusteet-ja-varaosat","7":"product_cat-rengastyo","9":"first","10":"instock","11":"taxable","12":"shipping-taxable","13":"purchasable","14":"product-type-simple","swatches":"rey-swatches","show_selected":""},"acf":[],"_links":{"self":[{"href":"https:\/\/toolhouse.fi\/fi\/wp-json\/wp\/v2\/product\/23640","targetHints":{"allow":["GET"]}}],"collection":[{"href":"https:\/\/toolhouse.fi\/fi\/wp-json\/wp\/v2\/product"}],"about":[{"href":"https:\/\/toolhouse.fi\/fi\/wp-json\/wp\/v2\/types\/product"}],"version-history":[{"count":2,"href":"https:\/\/toolhouse.fi\/fi\/wp-json\/wp\/v2\/product\/23640\/revisions"}],"predecessor-version":[{"id":31459,"href":"https:\/\/toolhouse.fi\/fi\/wp-json\/wp\/v2\/product\/23640\/revisions\/31459"}],"wp:featuredmedia":[{"embeddable":true,"href":"https:\/\/toolhouse.fi\/fi\/wp-json\/wp\/v2\/media\/23638"}],"wp:attachment":[{"href":"https:\/\/toolhouse.fi\/fi\/wp-json\/wp\/v2\/media?parent=23640"}],"wp:term":[{"taxonomy":"product_cat","embeddable":true,"href":"https:\/\/toolhouse.fi\/fi\/wp-json\/wp\/v2\/product_cat?post=23640"},{"taxonomy":"product_tag","embeddable":true,"href":"https:\/\/toolhouse.fi\/fi\/wp-json\/wp\/v2\/product_tag?post=23640"}],"curies":[{"name":"wp","href":"https:\/\/api.w.org\/{rel}","templated":true}]}}