{"id":23656,"date":"2025-02-05T13:32:16","date_gmt":"2025-02-05T11:32:16","guid":{"rendered":"https:\/\/toolhouse.fi\/?post_type=product&#038;p=23656"},"modified":"2026-04-22T22:17:57","modified_gmt":"2026-04-22T19:17:57","slug":"asennuspaan-muovisuojus-tcs-521","status":"publish","type":"product","link":"https:\/\/toolhouse.fi\/fi\/tuote\/asennuspaan-muovisuojus-tcs-521\/","title":{"rendered":"Asennusp\u00e4\u00e4n muovisuojus TCS 521"},"content":{"rendered":"","protected":false},"excerpt":{"rendered":"<p>Muovisuojat est\u00e4m\u00e4\u00e4n vanteen naarmuuntumista.<br \/>\nSarja sis\u00e4lt\u00e4\u00e4 suuren ja pienen muovisuojan.<br \/>\nSopii Invento TCS 521 -malliin.<\/p>\n","protected":false},"featured_media":23654,"template":"","meta":{"_acf_changed":false,"_seopress_robots_primary_cat":"","_seopress_titles_title":"","_seopress_titles_desc":"","_seopress_robots_index":""},"product_cat":[475,39],"product_tag":[],"class_list":{"0":"post-23656","1":"product","2":"type-product","3":"status-publish","4":"has-post-thumbnail","6":"product_cat-lisavarusteet-ja-varaosat","7":"product_cat-rengastyo","9":"first","10":"instock","11":"taxable","12":"shipping-taxable","13":"purchasable","14":"product-type-simple","swatches":"rey-swatches","show_selected":""},"acf":[],"_links":{"self":[{"href":"https:\/\/toolhouse.fi\/fi\/wp-json\/wp\/v2\/product\/23656","targetHints":{"allow":["GET"]}}],"collection":[{"href":"https:\/\/toolhouse.fi\/fi\/wp-json\/wp\/v2\/product"}],"about":[{"href":"https:\/\/toolhouse.fi\/fi\/wp-json\/wp\/v2\/types\/product"}],"version-history":[{"count":0,"href":"https:\/\/toolhouse.fi\/fi\/wp-json\/wp\/v2\/product\/23656\/revisions"}],"wp:featuredmedia":[{"embeddable":true,"href":"https:\/\/toolhouse.fi\/fi\/wp-json\/wp\/v2\/media\/23654"}],"wp:attachment":[{"href":"https:\/\/toolhouse.fi\/fi\/wp-json\/wp\/v2\/media?parent=23656"}],"wp:term":[{"taxonomy":"product_cat","embeddable":true,"href":"https:\/\/toolhouse.fi\/fi\/wp-json\/wp\/v2\/product_cat?post=23656"},{"taxonomy":"product_tag","embeddable":true,"href":"https:\/\/toolhouse.fi\/fi\/wp-json\/wp\/v2\/product_tag?post=23656"}],"curies":[{"name":"wp","href":"https:\/\/api.w.org\/{rel}","templated":true}]}}