{"id":23678,"date":"2025-02-05T18:47:37","date_gmt":"2025-02-05T16:47:37","guid":{"rendered":"https:\/\/toolhouse.fi\/?post_type=product&#038;p=23678"},"modified":"2025-08-06T08:51:30","modified_gmt":"2025-08-06T05:51:30","slug":"str-1000-liimanpoistoaine","status":"publish","type":"product","link":"https:\/\/toolhouse.fi\/fi\/tuote\/str-1000-liimanpoistoaine\/","title":{"rendered":"STR-1000 Liimanpoistoaine"},"content":{"rendered":"","protected":false},"excerpt":{"rendered":"<h3><strong>STR-1000 \u2013 Puhdistusspray liimaj\u00e4\u00e4mien poistoon tasapainopainoista<\/strong><\/h3>\n<p>STR-1000 on erityisesti kehitetty puhdistusspray, joka poistaa helposti liimaj\u00e4\u00e4m\u00e4t tasapainopainoista ja puhdistaa pinnan ennen uusien painojen asentamista. Tuote liuottaa teipin nopeasti ja tehokkaasti, mik\u00e4 tekee poistosta vaivatonta.<\/p>\n<p>STR-1000 on turvallinen k\u00e4ytt\u00e4\u00e4 kevytmetallivanteilla.<\/p>\n<p>&nbsp;<\/p>\n<h3><strong>K\u00e4ytt\u00f6ohjeet:<\/strong><\/h3>\n<ul>\n<li>Ravista purkkia ennen k\u00e4ytt\u00f6\u00e4.<\/li>\n<li>Suihkuta puhdistettavaan kohtaan ja anna vaikuttaa hetken.<\/li>\n<li>Poista j\u00e4\u00e4m\u00e4t muovikaapimella.<\/li>\n<\/ul>\n<h3><strong>Ominaisuudet:<\/strong><\/h3>\n<ul>\n<li>Liuottaa ja puhdistaa tehokkaasti.<\/li>\n<li>Nopea ja helppo teippij\u00e4\u00e4mien poisto.<\/li>\n<li>Turvallinen kevytmetallivanteille.<\/li>\n<li>Tilavuus<strong>:<\/strong> 500 ml<\/li>\n<\/ul>\n<h4><a href=\"https:\/\/www.youtube.com\/watch?v=rJhY2h7ZDSk&amp;t=31s\" target=\"_blank\" rel=\"noopener\"><strong><span lang=\"fi\"><img alt=\"\" decoding=\"async\" class=\"alignnone wp-image-23681\" src=\"https:\/\/toolhouse.fi\/wp-content\/uploads\/2025\/02\/6-61265_-play-button-100x100-2.jpg\" alt=\"\" width=\"40\" height=\"40\" \/>\u00a0Linkki tuotevideoon<\/span><\/strong><\/a><\/h4>\n","protected":false},"featured_media":23674,"template":"","meta":{"_acf_changed":false,"_seopress_robots_primary_cat":"none","_seopress_titles_title":"","_seopress_titles_desc":"","_seopress_robots_index":""},"product_cat":[39,479,478],"product_tag":[],"class_list":{"0":"post-23678","1":"product","2":"type-product","3":"status-publish","4":"has-post-thumbnail","6":"product_cat-rengastyo","7":"product_cat-tarvikkeet-ja-tyokalut","8":"product_cat-tasapainotuspainot","10":"first","11":"instock","12":"taxable","13":"shipping-taxable","14":"purchasable","15":"product-type-simple","swatches":"rey-swatches","show_selected":""},"acf":[],"_links":{"self":[{"href":"https:\/\/toolhouse.fi\/fi\/wp-json\/wp\/v2\/product\/23678","targetHints":{"allow":["GET"]}}],"collection":[{"href":"https:\/\/toolhouse.fi\/fi\/wp-json\/wp\/v2\/product"}],"about":[{"href":"https:\/\/toolhouse.fi\/fi\/wp-json\/wp\/v2\/types\/product"}],"version-history":[{"count":2,"href":"https:\/\/toolhouse.fi\/fi\/wp-json\/wp\/v2\/product\/23678\/revisions"}],"predecessor-version":[{"id":23684,"href":"https:\/\/toolhouse.fi\/fi\/wp-json\/wp\/v2\/product\/23678\/revisions\/23684"}],"wp:featuredmedia":[{"embeddable":true,"href":"https:\/\/toolhouse.fi\/fi\/wp-json\/wp\/v2\/media\/23674"}],"wp:attachment":[{"href":"https:\/\/toolhouse.fi\/fi\/wp-json\/wp\/v2\/media?parent=23678"}],"wp:term":[{"taxonomy":"product_cat","embeddable":true,"href":"https:\/\/toolhouse.fi\/fi\/wp-json\/wp\/v2\/product_cat?post=23678"},{"taxonomy":"product_tag","embeddable":true,"href":"https:\/\/toolhouse.fi\/fi\/wp-json\/wp\/v2\/product_tag?post=23678"}],"curies":[{"name":"wp","href":"https:\/\/api.w.org\/{rel}","templated":true}]}}