{"id":23711,"date":"2025-02-06T14:28:02","date_gmt":"2025-02-06T12:28:02","guid":{"rendered":"https:\/\/toolhouse.fi\/?post_type=product&#038;p=23711"},"modified":"2026-04-10T20:35:24","modified_gmt":"2026-04-10T17:35:24","slug":"rengasrasva-invento-universal-premium","status":"publish","type":"product","link":"https:\/\/toolhouse.fi\/fi\/tuote\/rengasrasva-invento-universal-premium\/","title":{"rendered":"Rengasrasva Invento Universal Premium"},"content":{"rendered":"","protected":false},"excerpt":{"rendered":"<h3><strong>Invento Universal Premium Rengasrasva<\/strong><\/h3>\n<p>Invento Universal Premium on korkealaatuinen rengasrasva, joka sopii kaikentyyppisille renkaille. Tuote muuttuu t\u00e4ysin v\u00e4ritt\u00f6m\u00e4ksi kuivuessaan eik\u00e4 j\u00e4t\u00e4 j\u00e4lki\u00e4 renkaisiin tai vanteisiin.<\/p>\n<p>Sen ainutlaatuinen koostumus sis\u00e4lt\u00e4\u00e4 luonnonhartsia, joka tarjoaa erinomaiset kitkaominaisuudet, sek\u00e4 lis\u00e4aineita, jotka suojaavat korroosiolta.<\/p>\n<h3><\/h3>\n<ul>\n<li>Kova koostumus \u2013 erinomainen tarttuvuus kumille ja metallille<\/li>\n<li>Sopii kaikille rengastyypeille<\/li>\n<li>V\u00e4rit\u00f6n kuivuttuaan \u2013 ei j\u00e4t\u00e4 j\u00e4lki\u00e4 renkaisiin tai vanteisiin<\/li>\n<li>Korkeat kitkaominaisuudet<\/li>\n<li>Suojaa korroosiolta<\/li>\n<li>Pakkaus: 5 kg<\/li>\n<li>S\u00e4ilytysl\u00e4mp\u00f6tila: -15 \u00b0C \u2013 +50 \u00b0C<\/li>\n<\/ul>\n","protected":false},"featured_media":23709,"template":"","meta":{"_acf_changed":false,"_seopress_robots_primary_cat":"none","_seopress_titles_title":"","_seopress_titles_desc":"","_seopress_robots_index":""},"product_cat":[475,163,39],"product_tag":[],"class_list":{"0":"post-23711","1":"product","2":"type-product","3":"status-publish","4":"has-post-thumbnail","6":"product_cat-lisavarusteet-ja-varaosat","7":"product_cat-rengaskoneiden-tarvikkeet","8":"product_cat-rengastyo","10":"first","11":"instock","12":"taxable","13":"shipping-taxable","14":"purchasable","15":"product-type-simple","swatches":"rey-swatches","show_selected":""},"acf":[],"_links":{"self":[{"href":"https:\/\/toolhouse.fi\/fi\/wp-json\/wp\/v2\/product\/23711","targetHints":{"allow":["GET"]}}],"collection":[{"href":"https:\/\/toolhouse.fi\/fi\/wp-json\/wp\/v2\/product"}],"about":[{"href":"https:\/\/toolhouse.fi\/fi\/wp-json\/wp\/v2\/types\/product"}],"version-history":[{"count":1,"href":"https:\/\/toolhouse.fi\/fi\/wp-json\/wp\/v2\/product\/23711\/revisions"}],"predecessor-version":[{"id":23714,"href":"https:\/\/toolhouse.fi\/fi\/wp-json\/wp\/v2\/product\/23711\/revisions\/23714"}],"wp:featuredmedia":[{"embeddable":true,"href":"https:\/\/toolhouse.fi\/fi\/wp-json\/wp\/v2\/media\/23709"}],"wp:attachment":[{"href":"https:\/\/toolhouse.fi\/fi\/wp-json\/wp\/v2\/media?parent=23711"}],"wp:term":[{"taxonomy":"product_cat","embeddable":true,"href":"https:\/\/toolhouse.fi\/fi\/wp-json\/wp\/v2\/product_cat?post=23711"},{"taxonomy":"product_tag","embeddable":true,"href":"https:\/\/toolhouse.fi\/fi\/wp-json\/wp\/v2\/product_tag?post=23711"}],"curies":[{"name":"wp","href":"https:\/\/api.w.org\/{rel}","templated":true}]}}