{"id":23719,"date":"2025-02-06T16:23:12","date_gmt":"2025-02-06T14:23:12","guid":{"rendered":"https:\/\/toolhouse.fi\/?post_type=product&#038;p=23719"},"modified":"2025-08-20T00:37:03","modified_gmt":"2025-08-19T21:37:03","slug":"renkaantayttosuutin-quick-lok","status":"publish","type":"product","link":"https:\/\/toolhouse.fi\/fi\/tuote\/renkaantayttosuutin-quick-lok\/","title":{"rendered":"Renkaant\u00e4ytt\u00f6suutin QUICK-LOK"},"content":{"rendered":"","protected":false},"excerpt":{"rendered":"<h4><strong>QUICK-LOK Renkaant\u00e4ytt\u00f6suutin\u00a0<\/strong><\/h4>\n<p>&nbsp;<\/p>\n<p>Helppo k\u00e4ytt\u00e4\u00e4 \u2013 QUICK-LOK renkaant\u00e4ytt\u00f6suulake lukittuu venttiiliin yhdell\u00e4 k\u00e4dell\u00e4 ja irrotetaan yht\u00e4 helposti k\u00e4yt\u00f6n j\u00e4lkeen.<\/p>\n<p>&nbsp;<\/p>\n<ul>\n<li>Automaattinen kiinnitys liukuvan lukitusmekanismin avulla, ei vaadi k\u00e4sivoimaa.<\/li>\n<li>T\u00e4ydellinen tiivistys ilman vuotoja jopa 10 bariin asti kaksinkertaisen lukitusj\u00e4rjestelm\u00e4n ansiosta.<\/li>\n<li>Kest\u00e4v\u00e4 rakenne<\/li>\n<li>Patentoitu muotoilu \u2013 innovatiivinen ja luotettava ratkaisu ammattilaisk\u00e4ytt\u00f6\u00f6n.<\/li>\n<li>Kompakti \u2013 helppo k\u00e4ytt\u00e4\u00e4 ahtaissa tiloissa.<\/li>\n<li>Letkuliit\u00e4nt\u00e4: 7 mm<\/li>\n<li>Valmistaja: Gentlin.<\/li>\n<\/ul>\n","protected":false},"featured_media":23729,"template":"","meta":{"_acf_changed":false,"_seopress_robots_primary_cat":"","_seopress_titles_title":"","_seopress_titles_desc":"","_seopress_robots_index":""},"product_cat":[217,331,324],"product_tag":[],"class_list":{"0":"post-23719","1":"product","2":"type-product","3":"status-publish","4":"has-post-thumbnail","6":"product_cat-kompressori-ja-paineilma","7":"product_cat-muut-paineilmalaitteet","8":"product_cat-renkaantayttolaitteet","10":"first","11":"outofstock","12":"taxable","13":"shipping-taxable","14":"purchasable","15":"product-type-simple","swatches":"rey-swatches","show_selected":""},"acf":[],"_links":{"self":[{"href":"https:\/\/toolhouse.fi\/fi\/wp-json\/wp\/v2\/product\/23719","targetHints":{"allow":["GET"]}}],"collection":[{"href":"https:\/\/toolhouse.fi\/fi\/wp-json\/wp\/v2\/product"}],"about":[{"href":"https:\/\/toolhouse.fi\/fi\/wp-json\/wp\/v2\/types\/product"}],"version-history":[{"count":0,"href":"https:\/\/toolhouse.fi\/fi\/wp-json\/wp\/v2\/product\/23719\/revisions"}],"wp:featuredmedia":[{"embeddable":true,"href":"https:\/\/toolhouse.fi\/fi\/wp-json\/wp\/v2\/media\/23729"}],"wp:attachment":[{"href":"https:\/\/toolhouse.fi\/fi\/wp-json\/wp\/v2\/media?parent=23719"}],"wp:term":[{"taxonomy":"product_cat","embeddable":true,"href":"https:\/\/toolhouse.fi\/fi\/wp-json\/wp\/v2\/product_cat?post=23719"},{"taxonomy":"product_tag","embeddable":true,"href":"https:\/\/toolhouse.fi\/fi\/wp-json\/wp\/v2\/product_tag?post=23719"}],"curies":[{"name":"wp","href":"https:\/\/api.w.org\/{rel}","templated":true}]}}