{"id":23772,"date":"2025-02-10T20:01:15","date_gmt":"2025-02-10T18:01:15","guid":{"rendered":"https:\/\/toolhouse.fi\/?post_type=product&#038;p=23772"},"modified":"2026-03-22T10:34:09","modified_gmt":"2026-03-22T08:34:09","slug":"ilmahydraulinen-tunkki-80-40-t","status":"publish","type":"product","link":"https:\/\/toolhouse.fi\/fi\/tuote\/ilmahydraulinen-tunkki-80-40-t\/","title":{"rendered":"Tunkki ilmahydraulinen  80\/40 T"},"content":{"rendered":"<p>&nbsp;<\/p>\n<table class=\"n54117_dictionary\">\n<tbody>\n<tr>\n<td class=\"n54117_item_a1\"><strong>Malli :<\/strong><\/p>\n<p><strong>Nostokyky :<\/strong><\/td>\n<td class=\"n54117_item_b1\">\n<div class=\"n54117_item_b_sub\"><strong>TPH4080<\/strong><\/div>\n<div class=\"n54117_item_b_sub\"><strong><span style=\"color: #333333;\">80 \/ 40T<\/span><\/strong><\/div>\n<\/td>\n<\/tr>\n<tr>\n<td class=\"n54117_item_a2\"><strong><span style=\"color: #333333;\">Min. korkeus <span class=\"n67256colon\">:<\/span><\/span><\/strong><\/td>\n<td class=\"n54117_item_b2\">\n<div class=\"n54117_item_b_sub\"><strong><span style=\"color: #333333;\">200 mm<\/span><\/strong><\/div>\n<\/td>\n<\/tr>\n<tr>\n<td class=\"n54117_item_a1\"><strong>Max. korkeus (ilman jatkopaloja)<\/strong><\/p>\n<p><strong>Max. korkeus (jatkopalojen kanssa)<\/strong><\/td>\n<td class=\"n54117_item_b1\">\n<div class=\"n54117_item_b_sub\"><strong><span style=\"color: #333333;\">375 mm<\/span><\/strong><\/div>\n<div><strong>475 mm<\/strong><\/div>\n<\/td>\n<\/tr>\n<tr>\n<td class=\"n54117_item_a2\"><strong><span style=\"color: #333333;\">Nostoliike :<\/span><\/strong><\/td>\n<td class=\"n54117_item_b2\">\n<div class=\"n54117_item_b_sub\"><strong>175 mm<\/strong><\/div>\n<\/td>\n<\/tr>\n<tr>\n<td class=\"n54117_item_a1\"><strong><span style=\"color: #333333;\">Korotuspalat :<\/span><\/strong><\/td>\n<td class=\"n54117_item_b1\">\n<div class=\"n54117_item_b_sub\">\n<p class=\"n54117_item_b_sub\"><strong><span style=\"color: #333333;\">60 + 40 mm<\/span><\/strong><\/p>\n<\/div>\n<\/td>\n<\/tr>\n<tr>\n<td class=\"n54117_item_a2\"><strong>Muut :<\/strong><\/td>\n<td class=\"n54117_item_b2\">\n<div class=\"n54117_item_b_sub\"><strong>Ylipaineventtiili<\/strong><\/div>\n<div><strong>Hidastusventtiili<\/strong><\/div>\n<div><strong>Kovakromatut sylinterit<\/strong><\/div>\n<\/td>\n<\/tr>\n<tr>\n<td class=\"n54117_item_a1\"><strong><span style=\"color: #333333;\"><span class=\"n67256colon\">Renkaan koko :<\/span><\/span><\/strong><\/td>\n<td class=\"n54117_item_b1\">\n<div class=\"n54117_item_b_sub\"><strong><span style=\"color: #333333;\"><span class=\"n67256colon\">180&#215;50 mm<\/span><\/span><\/strong><\/div>\n<\/td>\n<\/tr>\n<tr>\n<td class=\"n54117_item_a2\"><\/td>\n<td class=\"n54117_item_b2\"><\/td>\n<\/tr>\n<tr>\n<td class=\"n54117_item_a1\"><strong><span style=\"color: #333333;\">Paino\u00a0<span class=\"n67256colon\">:<\/span><\/span><\/strong><\/td>\n<td class=\"n54117_item_b1\">\n<div class=\"n54117_item_b_sub\"><strong><span style=\"color: #333333;\">70 kg<\/span><\/strong><\/div>\n<\/td>\n<\/tr>\n<tr>\n<td class=\"n54117_item_a2\"><strong><span style=\"color: #333333;\">Kahvan pituus\u00a0<span class=\"n67256colon\">:<\/span><\/span><\/strong><\/td>\n<td class=\"n54117_item_b2\">\n<div class=\"n54117_item_b_sub\"><strong><span style=\"color: #333333;\">1350 mm<\/span><\/strong><\/div>\n<\/td>\n<\/tr>\n<tr>\n<td class=\"n54117_item_a1\"><strong><span style=\"color: #333333;\">Mitat (P x L x K)\u00a0<span class=\"n67256colon\">:<\/span><\/span><\/strong><\/td>\n<td class=\"n54117_item_b1\">\n<div class=\"n54117_item_b_sub\"><strong>850 x 200\/280 x 200 mm<\/strong><\/div>\n<\/td>\n<\/tr>\n<tr>\n<td class=\"n54117_item_a2\"><strong><span style=\"color: #333333;\">Ty\u00f6skentelypaine :\u00a0<\/span><\/strong><\/p>\n<p><strong><span style=\"color: #333333;\">Ilmankulutus :<\/span><\/strong><\/td>\n<td class=\"n54117_item_b2\">\n<div class=\"n54117_item_b_sub\"><strong>8 \u2013 12 bar<\/strong><\/div>\n<div><strong><span style=\"color: #333333;\">300 L\/min<\/span><\/strong><\/div>\n<\/td>\n<\/tr>\n<tr>\n<td class=\"n54117_item_a1\"><\/td>\n<td class=\"n54117_item_b1\">\n<div class=\"n54117_item_b_sub\"><\/div>\n<\/td>\n<\/tr>\n<tr>\n<td class=\"n54117_item_a2\"><strong><span style=\"color: #333333;\">Takuu\u00a0<span class=\"n67256colon\">:<\/span><\/span><\/strong><\/p>\n<p><strong><span style=\"color: #333333;\">CE-hyv\u00e4ksytty<\/span><\/strong><\/td>\n<td class=\"n54117_item_b2\">\n<div class=\"n54117_item_b_sub\"><strong><span style=\"color: #333333;\">1 vuosi<\/span><\/strong><\/div>\n<div><strong><span style=\"color: #333333;\">Kyll\u00e4<\/span><\/strong><\/div>\n<\/td>\n<\/tr>\n<\/tbody>\n<\/table>\n","protected":false},"excerpt":{"rendered":"<h3 data-start=\"0\" data-end=\"45\"><strong data-start=\"4\" data-end=\"43\">Ilmahydraulinen tunkki 80\/40 tonnia<\/strong><\/h3>\n<p data-start=\"47\" data-end=\"215\">Vakaa ja korkealaatuinen ilmahydraulinen tunkki turvalliseen ja vaivattomaan nostamiseen, esimerkiksi kuorma-autoille, linja-autoille, per\u00e4vaunuille ja koneille.<\/p>\n<p data-start=\"217\" data-end=\"319\">Matala minimikorkeus 200 mm mahdollistaa k\u00e4yt\u00f6n useimpien raskaiden ajoneuvojen akseleiden alla.<\/p>\n<h3 data-start=\"321\" data-end=\"346\"><\/h3>\n<ul data-start=\"347\" data-end=\"543\">\n<li data-start=\"347\" data-end=\"379\">Nostokorkeus: 200\u2013475 mm<\/li>\n<li data-start=\"380\" data-end=\"425\">Mukana kaksi adapteria: 60 mm + 40 mm<\/li>\n<li data-start=\"426\" data-end=\"463\">Nostokyky: 80 000 \/ 40 000 kg<\/li>\n<li data-start=\"464\" data-end=\"515\">Pitk\u00e4 ja leve\u00e4 pohja \u2013 maksimaalinen vakaus<\/li>\n<li data-start=\"516\" data-end=\"543\">Kromatut sylinterit<\/li>\n<li data-start=\"516\" data-end=\"543\">Ylipaineventtiili<\/li>\n<\/ul>\n<ul data-start=\"568\" data-end=\"740\">\n<li data-start=\"594\" data-end=\"651\">Laskuventtiili \u2013 hallittu ja hidas lasku<\/li>\n<li data-start=\"652\" data-end=\"677\">Suuret kumipy\u00f6r\u00e4t<\/li>\n<li data-start=\"678\" data-end=\"740\">T-kahva: 1350 mm pitk\u00e4, s\u00e4\u00e4dett\u00e4viss\u00e4 kolmeen asentoon<\/li>\n<\/ul>\n<p data-start=\"742\" data-end=\"810\" data-is-last-node=\"\">Turvallinen ja helppok\u00e4ytt\u00f6inen tunkki suurten koneiden nostamiseen.<\/p>\n","protected":false},"featured_media":23786,"template":"","meta":{"_acf_changed":false,"_seopress_robots_primary_cat":"none","_seopress_titles_title":"","_seopress_titles_desc":"","_seopress_robots_index":""},"product_cat":[455,287],"product_tag":[],"class_list":{"0":"post-23772","1":"product","2":"type-product","3":"status-publish","4":"has-post-thumbnail","6":"product_cat-ajoneuvonostimet","7":"product_cat-tunkit-pukit","9":"first","10":"outofstock","11":"taxable","12":"shipping-taxable","13":"purchasable","14":"product-type-simple","swatches":"rey-swatches","show_selected":""},"acf":[],"_links":{"self":[{"href":"https:\/\/toolhouse.fi\/fi\/wp-json\/wp\/v2\/product\/23772","targetHints":{"allow":["GET"]}}],"collection":[{"href":"https:\/\/toolhouse.fi\/fi\/wp-json\/wp\/v2\/product"}],"about":[{"href":"https:\/\/toolhouse.fi\/fi\/wp-json\/wp\/v2\/types\/product"}],"version-history":[{"count":5,"href":"https:\/\/toolhouse.fi\/fi\/wp-json\/wp\/v2\/product\/23772\/revisions"}],"predecessor-version":[{"id":24253,"href":"https:\/\/toolhouse.fi\/fi\/wp-json\/wp\/v2\/product\/23772\/revisions\/24253"}],"wp:featuredmedia":[{"embeddable":true,"href":"https:\/\/toolhouse.fi\/fi\/wp-json\/wp\/v2\/media\/23786"}],"wp:attachment":[{"href":"https:\/\/toolhouse.fi\/fi\/wp-json\/wp\/v2\/media?parent=23772"}],"wp:term":[{"taxonomy":"product_cat","embeddable":true,"href":"https:\/\/toolhouse.fi\/fi\/wp-json\/wp\/v2\/product_cat?post=23772"},{"taxonomy":"product_tag","embeddable":true,"href":"https:\/\/toolhouse.fi\/fi\/wp-json\/wp\/v2\/product_tag?post=23772"}],"curies":[{"name":"wp","href":"https:\/\/api.w.org\/{rel}","templated":true}]}}