{"id":23846,"date":"2025-02-14T11:30:25","date_gmt":"2025-02-14T09:30:25","guid":{"rendered":"https:\/\/toolhouse.fi\/?post_type=product&#038;p=23846"},"modified":"2026-03-06T13:07:21","modified_gmt":"2026-03-06T11:07:21","slug":"hitsausmaskin-lasi-v4","status":"publish","type":"product","link":"https:\/\/toolhouse.fi\/fi\/tuote\/hitsausmaskin-lasi-v4\/","title":{"rendered":"Hitsausmaskin lasi V4"},"content":{"rendered":"","protected":false},"excerpt":{"rendered":"<p data-start=\"0\" data-end=\"52\"><strong data-start=\"0\" data-end=\"50\">Ulkoinen suojalasi Sherman profi V4 -hitsausmaskiin<\/strong><\/p>\n<ul data-start=\"54\" data-end=\"157\" data-is-last-node=\"\">\n<li data-start=\"54\" data-end=\"80\">Mitat: 106 x 125 mm<\/li>\n<li data-start=\"81\" data-end=\"116\">Materiaali: Polykarbonaatti<\/li>\n<li data-start=\"117\" data-end=\"157\" data-is-last-node=\"\">Pakkaus sis\u00e4lt\u00e4\u00e4: Yhden suojalasin<\/li>\n<\/ul>\n","protected":false},"featured_media":23838,"template":"","meta":{"_acf_changed":false,"_seopress_robots_primary_cat":"none","_seopress_titles_title":"","_seopress_titles_desc":"","_seopress_robots_index":""},"product_cat":[262,467],"product_tag":[],"class_list":{"0":"post-23846","1":"product","2":"type-product","3":"status-publish","4":"has-post-thumbnail","6":"product_cat-hitsaus-metallityo","7":"product_cat-hitsaustarvikkeet","9":"first","10":"instock","11":"taxable","12":"shipping-taxable","13":"purchasable","14":"product-type-simple","swatches":"rey-swatches","show_selected":""},"acf":[],"_links":{"self":[{"href":"https:\/\/toolhouse.fi\/fi\/wp-json\/wp\/v2\/product\/23846","targetHints":{"allow":["GET"]}}],"collection":[{"href":"https:\/\/toolhouse.fi\/fi\/wp-json\/wp\/v2\/product"}],"about":[{"href":"https:\/\/toolhouse.fi\/fi\/wp-json\/wp\/v2\/types\/product"}],"version-history":[{"count":0,"href":"https:\/\/toolhouse.fi\/fi\/wp-json\/wp\/v2\/product\/23846\/revisions"}],"wp:featuredmedia":[{"embeddable":true,"href":"https:\/\/toolhouse.fi\/fi\/wp-json\/wp\/v2\/media\/23838"}],"wp:attachment":[{"href":"https:\/\/toolhouse.fi\/fi\/wp-json\/wp\/v2\/media?parent=23846"}],"wp:term":[{"taxonomy":"product_cat","embeddable":true,"href":"https:\/\/toolhouse.fi\/fi\/wp-json\/wp\/v2\/product_cat?post=23846"},{"taxonomy":"product_tag","embeddable":true,"href":"https:\/\/toolhouse.fi\/fi\/wp-json\/wp\/v2\/product_tag?post=23846"}],"curies":[{"name":"wp","href":"https:\/\/api.w.org\/{rel}","templated":true}]}}