{"id":23874,"date":"2025-02-18T12:20:29","date_gmt":"2025-02-18T10:20:29","guid":{"rendered":"https:\/\/toolhouse.fi\/?post_type=product&#038;p=23874"},"modified":"2026-02-04T15:56:27","modified_gmt":"2026-02-04T13:56:27","slug":"diesel-lammitin-8kw-12v-230v","status":"publish","type":"product","link":"https:\/\/toolhouse.fi\/fi\/tuote\/diesel-lammitin-8kw-12v-230v\/","title":{"rendered":"Diesel l\u00e4mmitin 8kW  12V \/ 230V"},"content":{"rendered":"","protected":false},"excerpt":{"rendered":"<p>&nbsp;<\/p>\n<div class=\"flex max-w-full flex-col flex-grow\">\n<div class=\"min-h-8 text-message flex w-full flex-col items-end gap-2 whitespace-normal break-words text-start [.text-message+&amp;]:mt-5\" dir=\"auto\" data-message-author-role=\"assistant\" data-message-id=\"fb3d457b-2fee-44f1-b125-866f13073074\" data-message-model-slug=\"gpt-4o\">\n<div class=\"flex w-full flex-col gap-1 empty:hidden first:pt-[3px]\">\n<div class=\"markdown prose w-full break-words dark:prose-invert light\">\n<h2 data-start=\"0\" data-end=\"67\"><strong data-start=\"0\" data-end=\"65\">Geko diesel-l\u00e4mmitin \u2013 Toimii sek\u00e4 230V ett\u00e4 12V j\u00e4nnitteell\u00e4<\/strong><\/h2>\n<\/div>\n<\/div>\n<\/div>\n<\/div>\n<div class=\"mb-2 flex gap-3 empty:hidden -ml-2\">\n<div class=\"items-center justify-start rounded-xl p-1 flex\">\n<div class=\"flex items-center\">\n<div class=\"flex items-center pb-0\"><\/div>\n<\/div>\n<\/div>\n<\/div>\n<p>8 kW diesel-l\u00e4mmitin on suunniteltu tarjoamaan nopeaa ja tehokasta l\u00e4mp\u00f6mukavuutta. Sis\u00e4\u00e4nrakennetun polttoaines\u00e4ili\u00f6n ja modernin muotoilun ansiosta laite on paitsi tehokas my\u00f6s helppo kuljettaa ja asentaa. Laitteessa on ohjauspaneeli, jonka avulla k\u00e4ytt\u00f6parametreja voidaan s\u00e4\u00e4t\u00e4\u00e4 tarkasti, sek\u00e4 kaukos\u00e4\u00e4din, joka mahdollistaa laitteen k\u00e4yt\u00f6n ilman suoraa p\u00e4\u00e4sy\u00e4 siihen.<\/p>\n<p>T\u00e4m\u00e4 tehokas l\u00e4mmitin, joka toimii dieselill\u00e4, on ihanteellinen ratkaisu tilojen, kuten autotallien, m\u00f6kkien ja varastojen l\u00e4mmitykseen. Sen tehokkuus, joka tuottaa jopa 55 m3\/h l\u00e4mmint\u00e4 ilmaa ja alhaiset CO2-p\u00e4\u00e4st\u00f6t, tekev\u00e4t siit\u00e4 erinomaisen valinnan my\u00f6s haastavissa s\u00e4\u00e4olosuhteissa.<\/p>\n<p>Ominaisuudet:<\/p>\n<ul>\n<li>Nopea ja tehokas l\u00e4mmitys 8 kW l\u00e4mmitysteholla ja 55 m\u00b3\/h l\u00e4mpim\u00e4n ilman virtauksella tekee l\u00e4mmittimest\u00e4 ihanteellisen my\u00f6s suuriin tiloihin.<\/li>\n<li>Sis\u00e4\u00e4nrakennettu polttoaines\u00e4ili\u00f6 \u2013 Parantaa asennuksen ja k\u00e4yt\u00f6n helppoutta, v\u00e4hent\u00e4\u00e4 tarvetta lis\u00e4polttoaines\u00e4ili\u00f6ille.<\/li>\n<li>Helppok\u00e4ytt\u00f6inen ohjauspaneeli \u2013 Intuitiivinen n\u00e4ytt\u00f6 ja selke\u00e4t painikkeet helpottavat asetusten s\u00e4\u00e4t\u00e4mist\u00e4.<\/li>\n<li>Kaukos\u00e4\u00e4din \u2013 Mahdollistaa laitteen t\u00e4yden hallinnan.<\/li>\n<li>Taloudellinen polttoaineenkulutus \u2013 Vain 0,35\u20130,78 L\/h, mahdollistaen pidemm\u00e4n k\u00e4yt\u00f6n ilman usein tapahtuvaa tankkausta.<\/li>\n<li>Kest\u00e4v\u00e4 rakenne varmistaa luotettavuuden my\u00f6s vaativissa olosuhteissa.<\/li>\n<li>K\u00e4ytt\u00f6kohteet: autotallit, varastot, m\u00f6kit, rakennusty\u00f6maat, teltat ym.<\/li>\n<\/ul>\n<p>Tekniset tiedot:<\/p>\n<ul>\n<li>Virransy\u00f6tt\u00f6: 12V \/ 230V<\/li>\n<li>Polttoaine: EN590-standardin mukainen diesel tai poltto\u00f6ljy<\/li>\n<li>Teoreettinen maksimiteho: 8 kW<\/li>\n<li>Ilman virtaus: 55 m3\/h<\/li>\n<li>Polttoaineenkulutus: 0,35\u20130,78 L\/h<\/li>\n<li>Virrankulutus: 20\u201345 W<\/li>\n<li>K\u00e4ytt\u00f6-\/varastointil\u00e4mp\u00f6tila: -30\u2103 \u2013 55\u2103<\/li>\n<li>K\u00e4ytt\u00f6korkeus: Jopa 4300 m merenpinnan yl\u00e4puolella<\/li>\n<li>CO2-p\u00e4\u00e4st\u00f6t: &lt;10 %<\/li>\n<li>Mitat (PxLxK): 420x275x320mm<\/li>\n<li>Paino (l\u00e4mmitin): 7,0 kg<\/li>\n<li>Paino tarvikkeineen: 7,5 kg<\/li>\n<\/ul>\n<p>Pakkaus sis\u00e4lt\u00e4\u00e4:<\/p>\n<ul>\n<li>Ilmal\u00e4mmitin, jossa sis\u00e4\u00e4nrakennettu polttoaines\u00e4ili\u00f6<\/li>\n<li>Kaukos\u00e4\u00e4din<\/li>\n<li>Kompakti ohjauspaneeli<\/li>\n<li>Kaikki tarvittavat asennusosat, mukaan lukien letkut, kiinnikkeet ja kiristimet<\/li>\n<li>Suomenkielinen k\u00e4ytt\u00f6ohje<\/li>\n<li>Valmistaja: Geko<\/li>\n<\/ul>\n","protected":false},"featured_media":23878,"template":"","meta":{"_acf_changed":false,"_seopress_robots_primary_cat":"none","_seopress_titles_title":"","_seopress_titles_desc":"","_seopress_robots_index":""},"product_cat":[350,40],"product_tag":[],"class_list":{"0":"post-23874","1":"product","2":"type-product","3":"status-publish","4":"has-post-thumbnail","6":"product_cat-muut","7":"product_cat-korjaamolaitteet","9":"first","10":"outofstock","11":"taxable","12":"shipping-taxable","13":"purchasable","14":"product-type-simple","swatches":"rey-swatches","show_selected":""},"acf":[],"_links":{"self":[{"href":"https:\/\/toolhouse.fi\/fi\/wp-json\/wp\/v2\/product\/23874","targetHints":{"allow":["GET"]}}],"collection":[{"href":"https:\/\/toolhouse.fi\/fi\/wp-json\/wp\/v2\/product"}],"about":[{"href":"https:\/\/toolhouse.fi\/fi\/wp-json\/wp\/v2\/types\/product"}],"version-history":[{"count":4,"href":"https:\/\/toolhouse.fi\/fi\/wp-json\/wp\/v2\/product\/23874\/revisions"}],"predecessor-version":[{"id":31046,"href":"https:\/\/toolhouse.fi\/fi\/wp-json\/wp\/v2\/product\/23874\/revisions\/31046"}],"wp:featuredmedia":[{"embeddable":true,"href":"https:\/\/toolhouse.fi\/fi\/wp-json\/wp\/v2\/media\/23878"}],"wp:attachment":[{"href":"https:\/\/toolhouse.fi\/fi\/wp-json\/wp\/v2\/media?parent=23874"}],"wp:term":[{"taxonomy":"product_cat","embeddable":true,"href":"https:\/\/toolhouse.fi\/fi\/wp-json\/wp\/v2\/product_cat?post=23874"},{"taxonomy":"product_tag","embeddable":true,"href":"https:\/\/toolhouse.fi\/fi\/wp-json\/wp\/v2\/product_tag?post=23874"}],"curies":[{"name":"wp","href":"https:\/\/api.w.org\/{rel}","templated":true}]}}