{"id":23902,"date":"2025-02-18T18:38:33","date_gmt":"2025-02-18T16:38:33","guid":{"rendered":"https:\/\/toolhouse.fi\/?post_type=product&#038;p=23902"},"modified":"2025-02-26T11:50:45","modified_gmt":"2025-02-26T09:50:45","slug":"tyokaluvaunu-7-laatikkoa","status":"publish","type":"product","link":"https:\/\/toolhouse.fi\/fi\/tuote\/tyokaluvaunu-7-laatikkoa\/","title":{"rendered":"Ty\u00f6kaluvaunu 7-laatikkoa"},"content":{"rendered":"","protected":false},"excerpt":{"rendered":"<h2 data-start=\"0\" data-end=\"44\"><strong data-start=\"0\" data-end=\"42\">Geko Premium Ty\u00f6kaluvaunu \u2013 680 x 460 x 995 mm<\/strong><\/h2>\n<p data-start=\"46\" data-end=\"282\">Suuri ja vakaa Geko-ty\u00f6kaluvaunu, joka sopii t\u00e4ydellisesti niin verstaaseen kuin autotalliin. Seitsem\u00e4n tilavaa laatikkoa tarjoavat runsaasti s\u00e4ilytystilaa, ja kaksi alinta laatikkoa on erityisesti suunniteltu suuremmille ty\u00f6kaluille.<\/p>\n<p data-start=\"284\" data-end=\"427\">Vankka ter\u00e4srakenne ja 50 kg paino tekev\u00e4t vaunusta eritt\u00e4in tukevan, samalla kun suuret, kest\u00e4v\u00e4t py\u00f6r\u00e4t takaavat helpon liikuttamisen.<\/p>\n<h3 data-start=\"429\" data-end=\"452\"><\/h3>\n<ul>\n<li data-start=\"453\" data-end=\"877\">Kuulalaakeroidut laatikkokiskot<\/li>\n<li data-start=\"453\" data-end=\"877\">Lukittava<\/li>\n<li data-start=\"453\" data-end=\"877\">Hitsattu ter\u00e4srakenne<\/li>\n<li data-start=\"453\" data-end=\"877\">Jauhemaalattu<\/li>\n<li data-start=\"453\" data-end=\"877\">4 suurta py\u00f6r\u00e4\u00e4 \u2013 joista 2 k\u00e4\u00e4ntyv\u00e4\u00e4 ja 1 lukittava<\/li>\n<li data-start=\"453\" data-end=\"877\">Ty\u00f6taso paksulla kumimatolla<\/li>\n<\/ul>\n<p>&nbsp;<\/p>\n<table>\n<tbody>\n<tr>\n<th><\/th>\n<th>Leveys<\/th>\n<th>Syvyys<\/th>\n<th>Korkeus<\/th>\n<\/tr>\n<tr>\n<td><\/td>\n<td><\/td>\n<td><\/td>\n<td><\/td>\n<\/tr>\n<tr>\n<td>Vaunun mitat<\/td>\n<td>680mm<\/td>\n<td>460mm<\/td>\n<td>995mm<\/td>\n<\/tr>\n<tr>\n<td>Laatikko 1-5 mitat<\/td>\n<td>565mm<\/td>\n<td>395mm<\/td>\n<td>57mm<\/td>\n<\/tr>\n<tr>\n<td>Laatikko 6-7 mitat<\/td>\n<td>565mm<\/td>\n<td>3905mm<\/td>\n<td>135mm<\/td>\n<\/tr>\n<tr>\n<td>Py\u00f6rien koko<\/td>\n<td>35mm<\/p>\n<p>&nbsp;<\/td>\n<td><\/td>\n<td>125mm<\/p>\n<p>&nbsp;<\/td>\n<\/tr>\n<tr>\n<td>Paino: 50 kg<\/p>\n<p>Pakkauspaino<strong data-start=\"1377\" data-end=\"1394\">:<\/strong> 70 kg<\/td>\n<td><\/td>\n<td><\/td>\n<td><\/td>\n<\/tr>\n<\/tbody>\n<\/table>\n<p data-start=\"1356\" data-end=\"1465\" data-is-last-node=\"\">T\u00e4ydellinen ty\u00f6kaluvaunu sinulle, joka haluat vakaan, tilavan ja helposti siirrett\u00e4v\u00e4n s\u00e4ilytysratkaisun!<\/p>\n","protected":false},"featured_media":23927,"template":"","meta":{"_acf_changed":false,"_seopress_robots_primary_cat":"none","_seopress_titles_title":"","_seopress_titles_desc":"","_seopress_robots_index":""},"product_cat":[337,484],"product_tag":[],"class_list":{"0":"post-23902","1":"product","2":"type-product","3":"status-publish","4":"has-post-thumbnail","6":"product_cat-tyokalut","7":"product_cat-tyokaluvaunut-tyokalujen-sailytys","9":"first","10":"outofstock","11":"taxable","12":"shipping-taxable","13":"purchasable","14":"product-type-simple","swatches":"rey-swatches","show_selected":""},"acf":[],"_links":{"self":[{"href":"https:\/\/toolhouse.fi\/fi\/wp-json\/wp\/v2\/product\/23902","targetHints":{"allow":["GET"]}}],"collection":[{"href":"https:\/\/toolhouse.fi\/fi\/wp-json\/wp\/v2\/product"}],"about":[{"href":"https:\/\/toolhouse.fi\/fi\/wp-json\/wp\/v2\/types\/product"}],"version-history":[{"count":5,"href":"https:\/\/toolhouse.fi\/fi\/wp-json\/wp\/v2\/product\/23902\/revisions"}],"predecessor-version":[{"id":24256,"href":"https:\/\/toolhouse.fi\/fi\/wp-json\/wp\/v2\/product\/23902\/revisions\/24256"}],"wp:featuredmedia":[{"embeddable":true,"href":"https:\/\/toolhouse.fi\/fi\/wp-json\/wp\/v2\/media\/23927"}],"wp:attachment":[{"href":"https:\/\/toolhouse.fi\/fi\/wp-json\/wp\/v2\/media?parent=23902"}],"wp:term":[{"taxonomy":"product_cat","embeddable":true,"href":"https:\/\/toolhouse.fi\/fi\/wp-json\/wp\/v2\/product_cat?post=23902"},{"taxonomy":"product_tag","embeddable":true,"href":"https:\/\/toolhouse.fi\/fi\/wp-json\/wp\/v2\/product_tag?post=23902"}],"curies":[{"name":"wp","href":"https:\/\/api.w.org\/{rel}","templated":true}]}}