{"id":23931,"date":"2025-02-19T11:22:40","date_gmt":"2025-02-19T09:22:40","guid":{"rendered":"https:\/\/toolhouse.fi\/?post_type=product&#038;p=23931"},"modified":"2025-09-03T20:48:49","modified_gmt":"2025-09-03T17:48:49","slug":"mutterinvaannin-1-4800nm","status":"publish","type":"product","link":"https:\/\/toolhouse.fi\/fi\/tuote\/mutterinvaannin-1-4800nm\/","title":{"rendered":"Mutterinv\u00e4\u00e4nnin 1&#8243; 4800Nm Geko"},"content":{"rendered":"<table class=\"n54117_dictionary\">\n<tbody>\n<tr>\n<td class=\"n54117_item_a1\"><span class=\"n67256colon\" style=\"color: #333333;\">Valmistaja:<\/span><\/td>\n<td class=\"n54117_item_b1\">\n<div class=\"n54117_item_b_sub\"><span class=\"n54117_name_sub\" style=\"color: #333333;\">Geko<\/span><\/div>\n<\/td>\n<\/tr>\n<tr>\n<td class=\"n54117_item_a2\"><span class=\"n67256colon\" style=\"color: #333333;\">Maksimiv\u00e4\u00e4nt\u00f6:<\/span><\/td>\n<td class=\"n54117_item_b2\">\n<div class=\"n54117_item_b_sub\"><span style=\"color: #333333;\">4800 Nm<\/span><\/div>\n<\/td>\n<\/tr>\n<tr>\n<td class=\"n54117_item_a1\"><span style=\"color: #333333;\">Ty\u00f6paine <span class=\"n67256colon\">:<\/span><\/span><\/td>\n<td class=\"n54117_item_b1\">\n<div class=\"n54117_item_b_sub\"><span style=\"color: #333333;\">8 &#8211; 10 Bar<\/span><\/div>\n<\/td>\n<\/tr>\n<tr>\n<td class=\"n54117_item_a2\"><span style=\"color: #333333;\">Melutaso <span class=\"n67256colon\">:<\/span><\/span><\/td>\n<td class=\"n54117_item_b2\">\n<div class=\"n54117_item_b_sub\"><span style=\"color: #333333;\">80 dBA<\/span><\/div>\n<\/td>\n<\/tr>\n<tr>\n<td class=\"n54117_item_a1\"><span style=\"color: #333333;\">Sis\u00e4lt\u00e4\u00e4 <span class=\"n67256colon\">:<\/span><\/span><\/td>\n<td class=\"n54117_item_b1\">\n<div class=\"n54117_item_b_sub\"><span style=\"color: #333333;\">1\/2 liitin<\/span><\/div>\n<\/td>\n<\/tr>\n<tr>\n<td class=\"n54117_item_a2\"><span class=\"n67256colon\" style=\"color: #333333;\">Ilmankulutus keskim\u00e4\u00e4rin:<\/span><\/td>\n<td class=\"n54117_item_b2\">\n<div class=\"n54117_item_b_sub\"><span style=\"color: #333333;\">410 l \/ min<\/span><\/div>\n<\/td>\n<\/tr>\n<tr>\n<td class=\"n54117_item_a1\"><span style=\"color: #333333;\">Kara :<\/span><\/td>\n<td class=\"n54117_item_b1\">\n<div class=\"n54117_item_b_sub\"><span style=\"color: #333333;\">1&#8243;<\/span><\/div>\n<\/td>\n<\/tr>\n<tr>\n<td class=\"n54117_item_a2\"><span style=\"color: #333333;\">Suunanvaihto:<\/span><\/td>\n<td class=\"n54117_item_b2\">\n<div class=\"n54117_item_b_sub\">\n<div class=\"n54117_item_b_sub\"><span style=\"color: #333333;\">kyll\u00e4<\/span><\/div>\n<\/div>\n<\/td>\n<\/tr>\n<tr>\n<td class=\"n54117_item_a1\"><span style=\"color: #333333;\">Avaukseen:<\/span><\/td>\n<td class=\"n54117_item_b1\"><span style=\"color: #333333;\">3 vaihe<\/span><\/td>\n<\/tr>\n<tr>\n<td class=\"n54117_item_a2\"><span class=\"n67256colon\" style=\"color: #333333;\">Kiristykseen:<\/span><\/td>\n<td class=\"n54117_item_b2\">\n<div class=\"n54117_item_b_sub\"><span style=\"color: #333333;\">3 vaihe<\/span><\/div>\n<\/td>\n<\/tr>\n<tr>\n<td class=\"n54117_item_a1\"><span class=\"n67256colon\" style=\"color: #333333;\">Paino:<\/span><\/td>\n<td class=\"n54117_item_b1\">\n<div class=\"n54117_item_b_sub\"><span style=\"color: #333333;\">17 kg<\/span><\/div>\n<\/td>\n<\/tr>\n<tr>\n<td class=\"n54117_item_a2\"><span class=\"n67256colon\" style=\"color: #333333;\">Takuu:<\/span><\/td>\n<td class=\"n54117_item_b2\">\n<div class=\"n54117_item_b_sub\"><span style=\"color: #333333;\">1 vuosi<\/span><\/div>\n<\/td>\n<\/tr>\n<tr>\n<td class=\"n54117_item_a1\"><span class=\"n67256colon\" style=\"color: #333333;\">CE-hyv\u00e4ksytty :<\/span><\/td>\n<td class=\"n54117_item_b1\">\n<div class=\"n54117_item_b_sub\"><span style=\"color: #333333;\">kyll\u00e4<\/span><\/div>\n<\/td>\n<\/tr>\n<\/tbody>\n<\/table>\n","protected":false},"excerpt":{"rendered":"<h1 class=\"PageTitle\"><\/h1>\n<h3 class=\"PageTitle\">Geko 4800Nm 1&#8243; mutterinv\u00e4\u00e4nnin raskaalle kalustolle.<\/h3>\n<ul>\n<li>Tehokas 1\u2033 pulttipyssy \u2013 maksimiv\u00e4\u00e4nt\u00f6 4800Nm!<\/li>\n<li>Kierrosnopeus: 3800 rpm<\/li>\n<li>Suunnanvaihto<\/li>\n<li>3 vaihetta kiristykseen ja 3 avaukseen<\/li>\n<li>Kest\u00e4v\u00e4t ja laadukkaat materiaalit<\/li>\n<li>1&#8243; pitk\u00e4 kara<\/li>\n<li>\n<div class=\"flex max-w-full flex-col flex-grow\">\n<div class=\"min-h-8 text-message flex w-full flex-col items-end gap-2 whitespace-normal break-words text-start [.text-message+&amp;]:mt-5\" dir=\"auto\" data-message-author-role=\"assistant\" data-message-id=\"fc17a586-524c-40af-a44b-64bff8de8832\" data-message-model-slug=\"gpt-4o\">\n<div class=\"flex w-full flex-col gap-1 empty:hidden first:pt-[3px]\">\n<div class=\"markdown prose w-full break-words dark:prose-invert light\">\n<p data-start=\"0\" data-end=\"54\" data-is-last-node=\"\" data-is-only-node=\"\">Runko ja sivukahva alumiinista.<\/p>\n<\/div>\n<\/div>\n<\/div>\n<\/div>\n<div class=\"mb-2 flex gap-3 empty:hidden -ml-2\">\n<div class=\"items-center justify-start rounded-xl p-1 flex\"><\/div>\n<\/div>\n<\/li>\n<\/ul>\n","protected":false},"featured_media":23945,"template":"","meta":{"_acf_changed":false,"_seopress_robots_primary_cat":"none","_seopress_titles_title":"","_seopress_titles_desc":"","_seopress_robots_index":""},"product_cat":[217,323],"product_tag":[],"class_list":{"0":"post-23931","1":"product","2":"type-product","3":"status-publish","4":"has-post-thumbnail","6":"product_cat-kompressori-ja-paineilma","7":"product_cat-mutterinvaantimet","8":"product_shipping_class-k-160-1090e","10":"first","11":"instock","12":"taxable","13":"shipping-taxable","14":"purchasable","15":"product-type-simple","swatches":"rey-swatches","show_selected":""},"acf":[],"_links":{"self":[{"href":"https:\/\/toolhouse.fi\/fi\/wp-json\/wp\/v2\/product\/23931","targetHints":{"allow":["GET"]}}],"collection":[{"href":"https:\/\/toolhouse.fi\/fi\/wp-json\/wp\/v2\/product"}],"about":[{"href":"https:\/\/toolhouse.fi\/fi\/wp-json\/wp\/v2\/types\/product"}],"version-history":[{"count":2,"href":"https:\/\/toolhouse.fi\/fi\/wp-json\/wp\/v2\/product\/23931\/revisions"}],"predecessor-version":[{"id":24213,"href":"https:\/\/toolhouse.fi\/fi\/wp-json\/wp\/v2\/product\/23931\/revisions\/24213"}],"wp:featuredmedia":[{"embeddable":true,"href":"https:\/\/toolhouse.fi\/fi\/wp-json\/wp\/v2\/media\/23945"}],"wp:attachment":[{"href":"https:\/\/toolhouse.fi\/fi\/wp-json\/wp\/v2\/media?parent=23931"}],"wp:term":[{"taxonomy":"product_cat","embeddable":true,"href":"https:\/\/toolhouse.fi\/fi\/wp-json\/wp\/v2\/product_cat?post=23931"},{"taxonomy":"product_tag","embeddable":true,"href":"https:\/\/toolhouse.fi\/fi\/wp-json\/wp\/v2\/product_tag?post=23931"}],"curies":[{"name":"wp","href":"https:\/\/api.w.org\/{rel}","templated":true}]}}