{"id":23979,"date":"2025-02-20T14:52:19","date_gmt":"2025-02-20T12:52:19","guid":{"rendered":"https:\/\/toolhouse.fi\/?post_type=product&#038;p=23979"},"modified":"2026-04-19T18:06:50","modified_gmt":"2026-04-19T15:06:50","slug":"paineilmatunkki-3500kg","status":"publish","type":"product","link":"https:\/\/toolhouse.fi\/fi\/tuote\/paineilmatunkki-3500kg\/","title":{"rendered":"Paineilmatunkki 3500kg"},"content":{"rendered":"<table width=\"641\">\n<tbody>\n<tr>\n<td width=\"317\"><strong>Valmistaja:<\/strong><\/td>\n<td width=\"325\">Geko<\/td>\n<\/tr>\n<tr>\n<td width=\"317\"><strong>Nostokorkeus:<\/strong><\/td>\n<td width=\"325\">490mm \/ 408mm ilman koroke<\/td>\n<\/tr>\n<tr>\n<td width=\"317\"><strong>Alin korkeus:<\/strong><\/td>\n<td width=\"325\">225mm \/ 143mm ilman koroke<\/td>\n<\/tr>\n<tr>\n<td width=\"317\"><strong>Nostokyky:<\/strong><\/td>\n<td width=\"325\">3500kg<\/td>\n<\/tr>\n<tr>\n<td width=\"317\"><strong>Ilmapussin halk:<\/strong><\/td>\n<td width=\"325\">270mm<\/td>\n<\/tr>\n<tr>\n<td width=\"317\"><strong>Ty\u00f6paine:<\/strong><\/td>\n<td width=\"325\">7-10 bar<\/td>\n<\/tr>\n<tr>\n<td width=\"317\"><strong>Ylipaineventiili:<\/strong><\/td>\n<td width=\"325\">Kyll\u00e4<\/td>\n<\/tr>\n<tr>\n<td width=\"317\"><strong>Pituus:<\/strong><\/td>\n<td width=\"325\">1090 mm<\/td>\n<\/tr>\n<tr>\n<td width=\"317\"><b>Paino:<\/b><\/td>\n<td width=\"325\">18kg<\/td>\n<\/tr>\n<tr>\n<td width=\"317\"><b>Ce-hyv\u00e4ksytty:<\/b><\/td>\n<td width=\"325\">Kyll\u00e4<\/td>\n<\/tr>\n<tr>\n<td width=\"317\"><strong>Takuu:<\/strong><\/td>\n<td width=\"325\">1 vuosi<\/td>\n<\/tr>\n<tr>\n<td width=\"317\"><strong>Toimitetaan 82 mm korokkeen kanssa<\/strong><\/td>\n<td width=\"325\"><\/td>\n<\/tr>\n<\/tbody>\n<\/table>\n","protected":false},"excerpt":{"rendered":"<p data-start=\"0\" data-end=\"71\"><strong data-start=\"0\" data-end=\"69\">Geko paineilmatunkki 3,5T \u2013 Nopea, turvallinen ja helposti siirrett\u00e4v\u00e4<\/strong><\/p>\n<p data-start=\"73\" data-end=\"198\">Geko 3,5T paljetunkki on tehokas ja k\u00e4tev\u00e4 tunkki, joka nostaa ajoneuvot nopeasti ja turvallisesti 143\u2013490 mm.<\/p>\n<ul data-start=\"200\" data-end=\"542\">\n<li data-start=\"200\" data-end=\"301\">Korotusosa mahdollistaa korkeampien ajoneuvojen noston ja maksimoi nostokorkeuden 490 mm.<\/li>\n<li data-start=\"302\" data-end=\"416\">Vakaa rakenne, paljetunkin sis\u00e4ll\u00e4 on metallinen teleskooppisylinteri, mik\u00e4 vakauttaa noston sivu- ja pystysuunnassa.<\/li>\n<li data-start=\"302\" data-end=\"416\">Suuri pohjalevy takaa tukevan k\u00e4yt\u00f6n sek\u00e4 autotallissa ett\u00e4 ulkona.<\/li>\n<li data-start=\"417\" data-end=\"474\">Helppo siirt\u00e4\u00e4 pitk\u00e4n kahvan ja py\u00f6rien ansiosta.<\/li>\n<li data-start=\"417\" data-end=\"474\">Kaksi venttiili\u00e4, tulo- ja poistoaukot varmistavat j\u00e4rjestelm\u00e4n tiiviyden, vaikka irrotat paineilmaletkun kokonaan. Tunkki ei putoa vaikka paineilmaletku irrotettaisi.<\/li>\n<li data-start=\"475\" data-end=\"542\">Tilaa s\u00e4\u00e4st\u00e4v\u00e4 s\u00e4ilytys \u2013 voidaan s\u00e4ilytt\u00e4\u00e4 pystyasennossa.<\/li>\n<\/ul>\n<p data-start=\"544\" data-end=\"621\" data-is-last-node=\"\" data-is-only-node=\"\">\n","protected":false},"featured_media":25820,"template":"","meta":{"_acf_changed":false,"_seopress_robots_primary_cat":"none","_seopress_titles_title":"","_seopress_titles_desc":"","_seopress_robots_index":""},"product_cat":[455,287],"product_tag":[],"class_list":{"0":"post-23979","1":"product","2":"type-product","3":"status-publish","4":"has-post-thumbnail","6":"product_cat-ajoneuvonostimet","7":"product_cat-tunkit-pukit","9":"first","10":"instock","11":"sale","12":"taxable","13":"shipping-taxable","14":"purchasable","15":"product-type-simple","swatches":"rey-swatches","show_selected":""},"acf":[],"_links":{"self":[{"href":"https:\/\/toolhouse.fi\/fi\/wp-json\/wp\/v2\/product\/23979","targetHints":{"allow":["GET"]}}],"collection":[{"href":"https:\/\/toolhouse.fi\/fi\/wp-json\/wp\/v2\/product"}],"about":[{"href":"https:\/\/toolhouse.fi\/fi\/wp-json\/wp\/v2\/types\/product"}],"version-history":[{"count":0,"href":"https:\/\/toolhouse.fi\/fi\/wp-json\/wp\/v2\/product\/23979\/revisions"}],"wp:featuredmedia":[{"embeddable":true,"href":"https:\/\/toolhouse.fi\/fi\/wp-json\/wp\/v2\/media\/25820"}],"wp:attachment":[{"href":"https:\/\/toolhouse.fi\/fi\/wp-json\/wp\/v2\/media?parent=23979"}],"wp:term":[{"taxonomy":"product_cat","embeddable":true,"href":"https:\/\/toolhouse.fi\/fi\/wp-json\/wp\/v2\/product_cat?post=23979"},{"taxonomy":"product_tag","embeddable":true,"href":"https:\/\/toolhouse.fi\/fi\/wp-json\/wp\/v2\/product_tag?post=23979"}],"curies":[{"name":"wp","href":"https:\/\/api.w.org\/{rel}","templated":true}]}}