{"id":24041,"date":"2025-02-21T15:56:19","date_gmt":"2025-02-21T13:56:19","guid":{"rendered":"https:\/\/toolhouse.fi\/?post_type=product&#038;p=24041"},"modified":"2025-11-29T19:50:27","modified_gmt":"2025-11-29T17:50:27","slug":"momenttiavain-tvardy-1-2-50-330-nm","status":"publish","type":"product","link":"https:\/\/toolhouse.fi\/fi\/tuote\/momenttiavain-tvardy-1-2-50-330-nm\/","title":{"rendered":"Momenttiavain Tvardy 1\/2&#8243; 50\u2013330 Nm"},"content":{"rendered":"","protected":false},"excerpt":{"rendered":"<h3 class=\"page-title-ui page-title-ui-isk-fix page-title-lq \">TVARDY Professional 1\/2&#8243; momenttiavain 50 &#8211; 330 Nm<\/h3>\n<p data-start=\"52\" data-end=\"132\">Korkealaatuinen ja tarkka momenttiavain ammattik\u00e4ytt\u00f6\u00f6n, kalibroitu jopa 330 Nm asti.<\/p>\n<ul>\n<li>Momenttialue: 50\u2013330 Nm<\/li>\n<li>Tarkkuus: \u00b13 %<\/li>\n<li>Vasen- ja oikeakierteisten ruuvien kirist\u00e4miseen<\/li>\n<li>Paino: 2 kg<\/li>\n<li>Pituus: 565 mm<\/li>\n<li>V\u00e4\u00e4nti\u00f6: 1\/2\u2033<\/li>\n<li>Kalibroitu standardin DIN EN ISO 6789 mukaisesti<\/li>\n<li>Kalibrointitodistus sis\u00e4ltyy<\/li>\n<li>Valmistettu Cr-Mo SCM440- ja CR40-ter\u00e4ksest\u00e4<\/li>\n<li>S\u00e4ilytyskotelo<\/li>\n<\/ul>\n<p>&nbsp;<\/p>\n","protected":false},"featured_media":24064,"template":"","meta":{"_acf_changed":false,"_seopress_robots_primary_cat":"none","_seopress_titles_title":"","_seopress_titles_desc":"","_seopress_robots_index":""},"product_cat":[339,485,337,40],"product_tag":[521],"class_list":{"0":"post-24041","1":"product","2":"type-product","3":"status-publish","4":"has-post-thumbnail","6":"product_cat-autotyokalut","7":"product_cat-momenttiavaimet","8":"product_cat-tyokalut","9":"product_cat-korjaamolaitteet","10":"product_tag-0-8kg-2","11":"product_shipping_class-tillbehor-790e","13":"first","14":"instock","15":"taxable","16":"shipping-taxable","17":"purchasable","18":"product-type-simple","swatches":"rey-swatches","show_selected":""},"acf":[],"_links":{"self":[{"href":"https:\/\/toolhouse.fi\/fi\/wp-json\/wp\/v2\/product\/24041","targetHints":{"allow":["GET"]}}],"collection":[{"href":"https:\/\/toolhouse.fi\/fi\/wp-json\/wp\/v2\/product"}],"about":[{"href":"https:\/\/toolhouse.fi\/fi\/wp-json\/wp\/v2\/types\/product"}],"version-history":[{"count":2,"href":"https:\/\/toolhouse.fi\/fi\/wp-json\/wp\/v2\/product\/24041\/revisions"}],"predecessor-version":[{"id":24082,"href":"https:\/\/toolhouse.fi\/fi\/wp-json\/wp\/v2\/product\/24041\/revisions\/24082"}],"wp:featuredmedia":[{"embeddable":true,"href":"https:\/\/toolhouse.fi\/fi\/wp-json\/wp\/v2\/media\/24064"}],"wp:attachment":[{"href":"https:\/\/toolhouse.fi\/fi\/wp-json\/wp\/v2\/media?parent=24041"}],"wp:term":[{"taxonomy":"product_cat","embeddable":true,"href":"https:\/\/toolhouse.fi\/fi\/wp-json\/wp\/v2\/product_cat?post=24041"},{"taxonomy":"product_tag","embeddable":true,"href":"https:\/\/toolhouse.fi\/fi\/wp-json\/wp\/v2\/product_tag?post=24041"}],"curies":[{"name":"wp","href":"https:\/\/api.w.org\/{rel}","templated":true}]}}